{"id":17097,"date":"2025-04-03T10:39:14","date_gmt":"2025-04-03T03:39:14","guid":{"rendered":"https:\/\/shop.tanadaithanh.vn\/product\/bon-inox-tan-a-8-2500d-o1140\/"},"modified":"2026-04-04T11:45:29","modified_gmt":"2026-04-04T04:45:29","slug":"bon-inox-tan-a-8-2500d-o1140","status":"publish","type":"product","link":"https:\/\/shop.tanadaithanh.vn\/en\/san-pham\/bon-inox-tan-a-8-2500d-o1140\/","title":{"rendered":"B\u1ed3n inox T\u00e2n \u00c1 8 \u2013 2500\u0110 (\u00d81140)"},"content":{"rendered":"<p>L\u00e0 d\u00f2ng s\u1ea3n ph\u1ea9m b\u1ed3n inox cao c\u1ea5p nh\u1ea5t c\u1ee7a T\u1eadp \u0111o\u00e0n T\u00e2n \u00c1 \u0110\u1ea1i Th\u00e0nh &#8211; Th\u01b0\u01a1ng hi\u1ec7u qu\u1ed1c gia v\u1edbi th\u1ecb ph\u1ea7n s\u1ed1 1 t\u1ea1i th\u1ecb tr\u01b0\u1eddng Vi\u1ec7t Nam, b\u1ed3n n\u01b0\u1edbc inox T\u00e2n \u00c1 8 \u0111\u1ee9ng 2500L \u0111\u01b0\u1ee3c s\u1ea3n xu\u1ea5t b\u1eb1ng v\u1eadt li\u1ec7u inox 304 cao c\u1ea5p v\u1edbi \u0111\u1ed9 c\u1ee9ng, b\u1ec1n r\u1ea5t cao c\u00f9ng nhi\u1ec1u c\u1ea3i ti\u1ebfn v\u1ec1 thi\u1ebft k\u1ebf s\u1ea3n ph\u1ea9m gi\u00fap \u0111\u1ea3m b\u1ea3o \u0111\u1ed9 tinh khi\u1ebft c\u1ee7a ngu\u1ed3n n\u01b0\u1edbc sinh ho\u1ea1t.<\/p>\n<h2><b>Th\u00f4ng s\u1ed1 k\u1ef9 thu\u1eadt B\u1ed3n n\u01b0\u1edbc inox T\u00e2n \u00c1 8 \u0111\u1ee9ng 2500L<\/b><\/h2>\n<table>\n<tbody>\n<tr>\n<td><b>T\u00ean s\u1ea3n ph\u1ea9m<\/b><\/td>\n<td><span style=\"font-weight: 400;\">B\u1ed3n n\u01b0\u1edbc inox T\u00e2n \u00c1 \u0110\u1ea1i 8 \u0111\u1ee9ng 2000L<\/span><\/td>\n<\/tr>\n<tr>\n<td><b>\u0110\u01b0\u1eddng k\u00ednh<\/b><\/td>\n<td><span style=\"font-weight: 400;\">1140mm<\/span><\/td>\n<\/tr>\n<tr>\n<td><b>Dung t\u00edch<\/b><\/td>\n<td><span style=\"font-weight: 400;\">2500L<\/span><\/td>\n<\/tr>\n<tr>\n<td><b>K\u00edch th\u01b0\u1edbc (R\u1ed9ng x Cao)<\/b><\/td>\n<td><span style=\"font-weight: 400;\">\u00a01290 x 2835 mm<\/span><\/td>\n<\/tr>\n<tr>\n<td><b>Ch\u1ea5t li\u1ec7u<\/b><\/td>\n<td><span style=\"font-weight: 400;\">Inox SUS 304<\/span><\/td>\n<\/tr>\n<tr>\n<td><b>Th\u1eddi gian b\u1ea3o h\u00e0nh<\/b><\/td>\n<td><span style=\"font-weight: 400;\">15 n\u0103m<\/span><\/td>\n<\/tr>\n<\/tbody>\n<\/table>\n<h2>B\u1ed3n inox T\u00e2n \u00c1 8 \u0111\u1ee9ng 2500L (\u03a61140) c\u00f3 c\u1ea3i ti\u1ebfn \u0111\u1ed9t ph\u00e1 n\u00e0o?<\/h2>\n<p>C\u00e1c s\u1ea3n ph\u1ea9m b\u1ed3n inox c\u1ee7a T\u1eadp \u0111o\u00e0n T\u00e2n \u00c1 \u0110\u1ea1i Th\u00e0nh, trong nhi\u1ec1u n\u0103m tr\u1edf l\u1ea1i \u0111\u00e2y, \u0111\u01b0\u1ee3c c\u1ea3i ti\u1ebfn r\u1ea5t nhi\u1ec1u v\u1ec1 c\u00f4ng ngh\u1ec7 s\u1ea3n xu\u1ea5t c\u0169ng nh\u01b0 thi\u1ebft k\u1ebf nh\u1eb1m \u0111\u00e1p \u1ee9ng \u0111\u01b0\u1ee3c nh\u1eefng y\u00eau c\u1ea7u ng\u00e0y c\u00e0ng kh\u1eaft khe v\u1ec1 \u0111\u1ed9 b\u1ec1n b\u1ec9 v\u00e0 ch\u1ea5t l\u01b0\u1ee3ng n\u01b0\u1edbc sinh ho\u1ea1t \u0111\u01b0\u1ee3c tr\u1eef b\u00ean trong. L\u00e0 m\u1ed9t trong nh\u1eefng s\u1ea3n ph\u1ea9m b\u1ed3n inox b\u00e1n ch\u1ea1y nh\u1ea5t c\u1ee7a T\u00e2n \u00c1 \u0110\u1ea1i Th\u00e0nh, b\u1ed3n inox T\u00e2n \u00c1 8 \u0111\u1ee9ng 2500L c\u00f3 nh\u1eefng c\u1ea3i ti\u1ebfn \u0111\u1ed9t ph\u00e1 n\u00e0o?<\/p>\n<h3>Ch\u1ea5t li\u1ec7u b\u1ed3n Inox 304 cao c\u1ea5p, c\u00f4ng ngh\u1ec7 h\u00e0n l\u0103n ti\u00ean ti\u1ebfn h\u00e0ng \u0111\u1ea7u<\/h3>\n<p>X\u00e3 h\u1ed9i thay \u0111\u1ed5i, cu\u1ed9c s\u1ed1ng c\u00f4ng nghi\u1ec7p ho\u00e1 &#8211; hi\u1ec7n \u0111\u1ea1i ho\u00e1 khi\u1ebfn c\u00e1c gia \u0111\u00ecnh d\u00f9 \u1edf th\u00e0nh th\u1ecb hay n\u00f4ng th\u00f4n \u0111\u1ec1u thay \u0111\u1ed5i th\u00f3i quen t\u00edch tr\u1eef n\u01b0\u1edbc t\u1eeb c\u00e1c b\u1ec3 ch\u1ee9a b\u00ea t\u00f4ng sang b\u1ed3n tr\u1eef n\u01b0\u1edbc b\u1eb1ng inox ho\u1eb7c b\u1eb1ng nh\u1ef1a cao c\u1ea5p. B\u1ed3n n\u01b0\u1edbc inox T\u00e2n \u00c1 8 \u0111\u1ee9ng, dung t\u00edch 2500L l\u00e0 m\u1ed9t trong nh\u1eefng s\u1ea3n ph\u1ea9m nh\u1eadn \u0111\u01b0\u1ee3c nhi\u1ec1u s\u1ef1 tin t\u01b0\u1edfng c\u1ee7a ng\u01b0\u1eddi ti\u00eau d\u00f9ng nh\u1edd s\u1edf h\u1eefu nhi\u1ec1u t\u00ednh n\u0103ng v\u00e0 c\u1ea3i ti\u1ebfn v\u01b0\u1ee3t tr\u1ed9i.<\/p>\n<p>\u0110\u01b0\u1ee3c bi\u1ebft, d\u00f2ng s\u1ea3n ph\u1ea9m n\u00e0y \u0111\u01b0\u1ee3c c\u1ea5u th\u00e0nh t\u1eeb 100% v\u1eadt li\u1ec7u inox SUS304 &#8211; d\u00f2ng inox cao c\u1ea5p v\u1edbi nhi\u1ec1u \u0111\u1eb7c \u0111i\u1ec3m n\u1ed5i tr\u1ed9i v\u00e0 \u0111\u01b0\u1ee3c nhi\u1ec1u ng\u01b0\u1eddi tin d\u00f9ng nh\u1ea5t th\u1ecb tr\u01b0\u1eddng. B\u1eb1ng vi\u1ec7c \u0111\u01b0\u1ee3c s\u1ea3n xu\u1ea5t ho\u00e0n to\u00e0n t\u1eeb inox 394, b\u1ed3n inox T\u00e2n \u00c1 8 2500L \u0111\u1ee9ng c\u00f3 kh\u1ea3 n\u0103ng ch\u1ecbu va \u0111\u1eadp, ch\u1ed1ng ch\u1ecbu nhi\u1ec7t \u0111\u1ed9 t\u1ed1t, ch\u1ed1ng \u0103n m\u00f2n v\u00e0 g\u1ec9 s\u00e9t c\u1ef1c t\u1ed1t, s\u00e1ng b\u00f3ng l\u00e2u d\u00e0i,&#8230;<\/p>\n<p>Nh\u00ecn t\u1eeb b\u00ean ngo\u00e0i b\u1ed3n inox T\u00e2n \u00c1 8 \u0111\u1ee9ng, dung t\u00edch 2500L, b\u1ea1n s\u1ebd th\u1ea5y s\u1ea3n ph\u1ea9m c\u00f3 c\u1ea5u t\u1ea1o v\u1eadt l\u00fd \u0111\u01a1n gi\u1ea3n v\u1edbi ph\u1ea7n n\u1eafp b\u1ed3n, ch\u1ee5p b\u1ed3n, th\u00e2n b\u1ed3n, van \u0111\u01b0\u1eddng n\u01b0\u1edbc v\u00e0o, van \u0111\u01b0\u1eddng n\u01b0\u1edbc v\u00e0 v\u00e0 van \u0111\u01b0\u1eddng n\u01b0\u1edbc ra. D\u00f9 v\u1eady, b\u1ea1n ho\u00e0n to\u00e0n c\u00f3 th\u1ec3 y\u00ean t\u00e2m v\u1ec1 ch\u1ea5t l\u01b0\u1ee3ng c\u0169ng nh\u01b0 kh\u1ea3 n\u0103ng tr\u1eef n\u01b0\u1edbc c\u1ee7a b\u1ed3n inox T\u00e2n \u00c1 8 2500L, d\u00e1ng \u0111\u1ee9ng. B\u1edfi b\u1ed3n n\u01b0\u1edbc \u0111\u01b0\u1ee3c s\u1ea3n xu\u1ea5t b\u1eb1ng c\u00f4ng ngh\u1ec7 h\u00e0n l\u0103n ti\u00ean ti\u1ebfn c\u1ea5u th\u00e0nh m\u1ed9t kh\u1ed1i inox tr\u1ee5 tr\u00f2n b\u1ec1n ch\u1eafc, r\u1ed7ng b\u00ean trong v\u1edbi nh\u1eefng m\u1ed1i h\u00e0n li\u1ec1n m\u1ecbn v\u00e0 \u0103n s\u00e2u v\u00e0o v\u1eadt li\u1ec7u.<\/p>\n<h3><span style=\"font-weight: 400;\">N\u00fat th\u00f4ng h\u01a1i tr\u1eafng: Lo\u1ea1i b\u1ecf t\u1ea1p kh\u00ed &#8211; \u0110\u1ea3m b\u1ea3o s\u1ee9c kho\u1ebb<\/span><\/h3>\n<p>N\u01b0\u1edbc sinh ho\u1ea1t khi l\u01b0u tr\u1eef l\u00e2u ng\u00e0y c\u00f3 th\u1ec3 xu\u1ea5t hi\u1ec7n c\u00e1c kh\u00ed nh\u01b0 clo, flo,&#8230; \u0110\u00e2y l\u00e0 nh\u1eefng t\u1ea1p kh\u00ed g\u00e2y h\u1ea1i cho s\u1ee9c kho\u1ebb con ng\u01b0\u1eddi, th\u1eadm ch\u00ed l\u00e0m gia t\u0103ng nguy c\u01a1 ung th\u01b0.\u00a0\u0110\u1ec3 h\u1ea1n ch\u1ebf t\u00ecnh tr\u1ea1ng n\u00e0y \u0111\u1ed3ng th\u1eddi \u0111\u1ea3m b\u1ea3o ch\u1ea5t l\u01b0\u1ee3ng n\u01b0\u1edbc sinh ho\u1ea1t, nh\u00e0 s\u1ea3n xu\u1ea5t T\u00e2n \u00c1 \u0110\u1ea1i Th\u00e0nh \u0111\u00e3 trang b\u1ecb th\u00eam cho b\u1ed3n inox T\u00e2n \u00c1 8 n\u00f3i chung v\u00e0 b\u1ed3n 2000L d\u00e1ng \u0111\u1ee9ng n\u00f3i ri\u00eang n\u00fat th\u00f4ng h\u01a1i tr\u1eafng \u1edf ph\u1ea7n n\u1eafp b\u1ed3n.<\/p>\n<p>C\u1ea3i ti\u1ebfn n\u00e0y kh\u00f4ng ch\u1ec9 gi\u00fap gi\u1ea3i ph\u00f3ng c\u00e1c t\u1ea1p kh\u00ed c\u00f3 th\u1ec3 xu\u1ea5t hi\u1ec7n trong n\u01b0\u1edbc trong qu\u00e1 tr\u00ecnh l\u01b0u tr\u1eef m\u00e0 c\u00f2n gi\u00fap b\u1ea3o v\u1ec7 ch\u1ea5t l\u01b0\u1ee3ng an to\u00e0n, \u0111\u1ed9 tinh khi\u1ebft c\u1ee7a ngu\u1ed3n n\u01b0\u1edbc sinh ho\u1ea1t; \u0111\u1ed3ng th\u1eddi, ng\u0103n ng\u1eeba t\u00ecnh tr\u1ea1ng \u0103n m\u00f2n t\u1eeb b\u00ean trong v\u00e0 k\u00e9o d\u00e0i tu\u1ed5i th\u1ecd c\u1ee7a s\u1ea3n ph\u1ea9m.<\/p>\n<p>C\u00f3 th\u1ec3 th\u1ea5y so v\u1edbi c\u00e1c lo\u1ea1i b\u1ed3n inox k\u00e9m ch\u1ea5t l\u01b0\u1ee3ng hay nh\u1eefng d\u00f2ng b\u1ed3n nh\u1ef1a tr\u00f4i n\u1ed5i tr\u00ean th\u1ecb tr\u01b0\u1eddng, ch\u1ea5t l\u01b0\u1ee3ng v\u00e0 thi\u1ebft k\u1ebf c\u1ee7a b\u1ed3n inox T\u00e2n \u00c1 8 \u0111\u1ee9ng, dung t\u00edch 2500L ho\u00e0n to\u00e0n v\u01b0\u1ee3t tr\u1ed9i. \u0110\u1eb7c bi\u1ec7t, vi\u1ec7c \u00e1p d\u1ee5ng c\u00e1c c\u1ea3i ti\u1ebfn m\u1edbi gi\u00fap n\u00e2ng cao ch\u1ea5t l\u01b0\u1ee3ng n\u01b0\u1edbc sinh ho\u1ea1t. L\u1ef1a ch\u1ecdn b\u1ed3n inox T\u00e2n \u00c1 8 2500L, d\u00e1ng \u0111\u1ee9ng \u0111\u1ed3ng ngh\u0129a b\u1ea1n \u0111\u00e3 l\u1ef1a ch\u1ecdn \u0111\u01b0\u1ee3c m\u1ed9t ng\u01b0\u1eddi &#8220;tr\u1ee3 l\u00fd s\u1ee9c kho\u1ebb&#8221; \u0111\u00e1ng tin c\u1eady v\u00e0 \u0111\u1ed3ng h\u00e0nh c\u00f9ng b\u1ea1n tr\u00ean ch\u1eb7ng \u0111\u01b0\u1eddng d\u00e0i.<\/p>\n<p>\u0110\u1ec3 ch\u1ecdn l\u1ef1a b\u1ed3n inox T\u00e2n \u00c1 ph\u00f9 h\u1ee3p nh\u1ea5t v\u1edbi nhu c\u1ea7u s\u1eed d\u1ee5ng c\u1ee7a gia \u0111\u00ecnh c\u0169ng nh\u01b0 kh\u00f4ng b\u1ecf l\u1ee1 c\u00e1c \u01b0u \u0111\u00e3i \u0111ang \u0111\u01b0\u1ee3c \u00e1p d\u1ee5ng, h\u00e3y li\u00ean h\u1ec7 t\u1edbi <strong>Hotline: 1900 6086 &#8211; 0986 86 86 85<\/strong> ho\u1eb7c \u0111\u1ec3 l\u1ea1i th\u00f4ng tin tr\u00ean website: <a href=\"https:\/\/shop.tanadaithanh.vn\/\"><span style=\"color: #0000ff;\">shop.tanadaithanh.vn<\/span>,<\/a> \u0111\u1ed9i ng\u0169 t\u01b0 v\u1ea5n vi\u00ean s\u1ebd h\u1ed7 tr\u1ee3 24\/7 gi\u00fap b\u1ea1n t\u01b0 v\u1ea5n k\u1ef9 l\u01b0\u1ee1ng v\u1ec1 s\u1ea3n ph\u1ea9m.<\/p>\n<div class=\"wpb_text_column wpb_content_element\">\n<div class=\"wpb_wrapper\">\n<h2><strong>H\u01b0\u1edbng d\u1eabn l\u1eafp \u0111\u1eb7t, s\u1eed d\u1ee5ng<\/strong><\/h2>\n<\/div>\n<\/div>\n<div class=\"wpb_video_widget wpb_content_element vc_clearfix vc_video-aspect-ratio-169 vc_video-el-width-70 vc_video-align-left\">\n<div class=\"wpb_wrapper\">\n<p><iframe title=\"H\u01b0\u1edbng d\u1eabn l\u1eafp \u0111\u1eb7t b\u1ed3n Inox T\u00e2n \u00c1 \u0110\u1ea1i Th\u00e0nh\" width=\"500\" height=\"281\" src=\"https:\/\/www.youtube.com\/embed\/6fgjnFzcGbs?feature=oembed\" frameborder=\"0\" allow=\"accelerometer; autoplay; clipboard-write; encrypted-media; gyroscope; picture-in-picture; web-share\" referrerpolicy=\"strict-origin-when-cross-origin\" allowfullscreen><\/iframe><\/p>\n<\/div>\n<\/div>\n","protected":false},"excerpt":{"rendered":"<ul>\n<li>S\u1ea3n ph\u1ea9m \u1ee9ng d\u1ee5ng c\u00f4ng ngh\u1ec7 h\u00e0n l\u0103n t\u1ef1 \u0111\u1ed9ng<\/li>\n<li>N\u00fat th\u00f4ng h\u01a1i tr\u1eafng gi\u00fap lo\u1ea1i b\u1ecf c\u00e1c lo\u1ea1i kh\u00ed \u0111\u1ed9c h\u1ea1i nh\u01b0 Clo, Flo v\u00e0 c\u00e1c t\u1ea1p kh\u00ed c\u00f3 m\u1eb7t trong n\u01b0\u1edbc<\/li>\n<li>Th\u00e2n b\u1ed3n s\u1eed d\u1ee5ng v\u1eadt li\u1ec7u Inox SUS 304 si\u00eau b\u1ec1n<\/li>\n<li>K\u1ebft c\u1ea5u \u0111a g\u00e2n vu\u00f4ng, s\u1eed d\u1ee5ng c\u00f4ng ngh\u1ec7 Nh\u1eadt B\u1ea3n gi\u00fap b\u1ed3n v\u1eefng ch\u1eafc, an to\u00e0n<\/li>\n<li>B\u1ea3o h\u00e0nh 15 n\u0103m<\/li>\n<\/ul>\n","protected":false},"featured_media":28735,"comment_status":"open","ping_status":"closed","template":"","meta":[],"region":[259],"product_brand":[],"product_cat":[182,310,297,294],"product_tag":[],"class_list":{"0":"post-17097","1":"product","2":"type-product","3":"status-publish","4":"has-post-thumbnail","6":"region-mien-bac","7":"product_cat-bon-nuoc-inox","8":"product_cat-bon-inox-2500l","9":"product_cat-bon-inox-dung","10":"product_cat-bon-inox-tan-a-8","12":"first","13":"instock","14":"sale","15":"shipping-taxable","16":"purchasable","17":"product-type-simple"},"yoast_head":"<!-- This site is optimized with the Yoast SEO plugin v24.6 - https:\/\/yoast.com\/wordpress\/plugins\/seo\/ -->\n<title>B\u1ed3n inox T\u00e2n \u00c1 8 \u2013 2500\u0110 (\u00d81140) - T\u00e2n \u00c1 \u0110\u1ea1i Th\u00e0nh eShop<\/title>\n<meta name=\"description\" content=\"B\u1ed3n n\u01b0\u1edbc Inox T\u00e2n \u00c1 8\u00a0l\u00e0 s\u1ea3n ph\u1ea9m thu\u1ed9c ph\u00e2n kh\u00fac cao c\u1ea5p nh\u1ea5t c\u1ee7a T\u1eadp \u0111o\u00e0n T\u00e2n \u00c1 \u0110\u1ea1i Th\u00e0nh \u2013 th\u01b0\u01a1ng hi\u1ec7u chi\u1ebfm th\u1ecb ph\u1ea7n s\u1ed1 1 t\u1ea1i Vi\u1ec7t Nam trong ng\u00e0nh b\u1ed3n ch\u1ee9a n\u01b0\u1edbc. Kh\u00f4ng ch\u1ec9 n\u1ed5i b\u1eadt v\u1edbi ch\u1ea5t l\u01b0\u1ee3ng v\u01b0\u1ee3t tr\u1ed9i, d\u00f2ng b\u1ed3n n\u00e0y c\u00f2n \u0111\u01b0\u1ee3c \u1ee9ng d\u1ee5ng nhi\u1ec1u c\u00f4ng ngh\u1ec7 hi\u1ec7n \u0111\u1ea1i nh\u1eb1m t\u1ed1i \u01b0u \u0111\u1ed9 an to\u00e0n, \u0111\u1ed9 b\u1ec1n v\u00e0 kh\u1ea3 n\u0103ng b\u1ea3o v\u1ec7 ngu\u1ed3n n\u01b0\u1edbc.\" \/>\n<meta name=\"robots\" content=\"index, follow, max-snippet:-1, max-image-preview:large, max-video-preview:-1\" \/>\n<link rel=\"canonical\" href=\"https:\/\/shop.tanadaithanh.vn\/en\/san-pham\/bon-inox-tan-a-8-2500d-o1140\/\" \/>\n<meta property=\"og:locale\" content=\"en_US\" \/>\n<meta property=\"og:type\" content=\"article\" \/>\n<meta property=\"og:title\" content=\"B\u1ed3n inox T\u00e2n \u00c1 8 \u2013 2500\u0110 (\u00d81140) - T\u00e2n \u00c1 \u0110\u1ea1i Th\u00e0nh eShop\" \/>\n<meta property=\"og:description\" content=\"B\u1ed3n n\u01b0\u1edbc Inox T\u00e2n \u00c1 8\u00a0l\u00e0 s\u1ea3n ph\u1ea9m thu\u1ed9c ph\u00e2n kh\u00fac cao c\u1ea5p nh\u1ea5t c\u1ee7a T\u1eadp \u0111o\u00e0n T\u00e2n \u00c1 \u0110\u1ea1i Th\u00e0nh \u2013 th\u01b0\u01a1ng hi\u1ec7u chi\u1ebfm th\u1ecb ph\u1ea7n s\u1ed1 1 t\u1ea1i Vi\u1ec7t Nam trong ng\u00e0nh b\u1ed3n ch\u1ee9a n\u01b0\u1edbc. Kh\u00f4ng ch\u1ec9 n\u1ed5i b\u1eadt v\u1edbi ch\u1ea5t l\u01b0\u1ee3ng v\u01b0\u1ee3t tr\u1ed9i, d\u00f2ng b\u1ed3n n\u00e0y c\u00f2n \u0111\u01b0\u1ee3c \u1ee9ng d\u1ee5ng nhi\u1ec1u c\u00f4ng ngh\u1ec7 hi\u1ec7n \u0111\u1ea1i nh\u1eb1m t\u1ed1i \u01b0u \u0111\u1ed9 an to\u00e0n, \u0111\u1ed9 b\u1ec1n v\u00e0 kh\u1ea3 n\u0103ng b\u1ea3o v\u1ec7 ngu\u1ed3n n\u01b0\u1edbc.\" \/>\n<meta property=\"og:url\" content=\"https:\/\/shop.tanadaithanh.vn\/en\/san-pham\/bon-inox-tan-a-8-2500d-o1140\/\" \/>\n<meta property=\"og:site_name\" content=\"T\u00e2n \u00c1 \u0110\u1ea1i Th\u00e0nh eShop\" \/>\n<meta property=\"article:publisher\" content=\"https:\/\/www.facebook.com\/profile.php?id=61567171139919\" \/>\n<meta property=\"article:modified_time\" content=\"2026-04-04T04:45:29+00:00\" \/>\n<meta property=\"og:image\" content=\"https:\/\/shop.tanadaithanh.vn\/wp-content\/uploads\/2025\/08\/34.jpg\" \/>\n\t<meta property=\"og:image:width\" content=\"1200\" \/>\n\t<meta property=\"og:image:height\" content=\"1200\" \/>\n\t<meta property=\"og:image:type\" content=\"image\/jpeg\" \/>\n<meta name=\"twitter:card\" content=\"summary_large_image\" \/>\n<meta name=\"twitter:label1\" content=\"Est. reading time\" \/>\n\t<meta name=\"twitter:data1\" content=\"5 minutes\" \/>\n<script type=\"application\/ld+json\" class=\"yoast-schema-graph\">{\"@context\":\"https:\/\/schema.org\",\"@graph\":[{\"@type\":\"WebPage\",\"@id\":\"https:\/\/shop.tanadaithanh.vn\/en\/san-pham\/bon-inox-tan-a-8-2500d-o1140\/\",\"url\":\"https:\/\/shop.tanadaithanh.vn\/en\/san-pham\/bon-inox-tan-a-8-2500d-o1140\/\",\"name\":\"B\u1ed3n inox T\u00e2n \u00c1 8 \u2013 2500\u0110 (\u00d81140) - T\u00e2n \u00c1 \u0110\u1ea1i Th\u00e0nh eShop\",\"isPartOf\":{\"@id\":\"https:\/\/shop.tanadaithanh.vn\/en\/#website\"},\"primaryImageOfPage\":{\"@id\":\"https:\/\/shop.tanadaithanh.vn\/en\/san-pham\/bon-inox-tan-a-8-2500d-o1140\/#primaryimage\"},\"image\":{\"@id\":\"https:\/\/shop.tanadaithanh.vn\/en\/san-pham\/bon-inox-tan-a-8-2500d-o1140\/#primaryimage\"},\"thumbnailUrl\":\"https:\/\/shop.tanadaithanh.vn\/wp-content\/uploads\/2025\/08\/34.jpg\",\"datePublished\":\"2025-04-03T03:39:14+00:00\",\"dateModified\":\"2026-04-04T04:45:29+00:00\",\"description\":\"B\u1ed3n n\u01b0\u1edbc Inox T\u00e2n \u00c1 8\u00a0l\u00e0 s\u1ea3n ph\u1ea9m thu\u1ed9c ph\u00e2n kh\u00fac cao c\u1ea5p nh\u1ea5t c\u1ee7a T\u1eadp \u0111o\u00e0n T\u00e2n \u00c1 \u0110\u1ea1i Th\u00e0nh \u2013 th\u01b0\u01a1ng hi\u1ec7u chi\u1ebfm th\u1ecb ph\u1ea7n s\u1ed1 1 t\u1ea1i Vi\u1ec7t Nam trong ng\u00e0nh b\u1ed3n ch\u1ee9a n\u01b0\u1edbc. Kh\u00f4ng ch\u1ec9 n\u1ed5i b\u1eadt v\u1edbi ch\u1ea5t l\u01b0\u1ee3ng v\u01b0\u1ee3t tr\u1ed9i, d\u00f2ng b\u1ed3n n\u00e0y c\u00f2n \u0111\u01b0\u1ee3c \u1ee9ng d\u1ee5ng nhi\u1ec1u c\u00f4ng ngh\u1ec7 hi\u1ec7n \u0111\u1ea1i nh\u1eb1m t\u1ed1i \u01b0u \u0111\u1ed9 an to\u00e0n, \u0111\u1ed9 b\u1ec1n v\u00e0 kh\u1ea3 n\u0103ng b\u1ea3o v\u1ec7 ngu\u1ed3n n\u01b0\u1edbc.\",\"breadcrumb\":{\"@id\":\"https:\/\/shop.tanadaithanh.vn\/en\/san-pham\/bon-inox-tan-a-8-2500d-o1140\/#breadcrumb\"},\"inLanguage\":\"en-US\",\"potentialAction\":[{\"@type\":\"ReadAction\",\"target\":[\"https:\/\/shop.tanadaithanh.vn\/en\/san-pham\/bon-inox-tan-a-8-2500d-o1140\/\"]}]},{\"@type\":\"ImageObject\",\"inLanguage\":\"en-US\",\"@id\":\"https:\/\/shop.tanadaithanh.vn\/en\/san-pham\/bon-inox-tan-a-8-2500d-o1140\/#primaryimage\",\"url\":\"https:\/\/shop.tanadaithanh.vn\/wp-content\/uploads\/2025\/08\/34.jpg\",\"contentUrl\":\"https:\/\/shop.tanadaithanh.vn\/wp-content\/uploads\/2025\/08\/34.jpg\",\"width\":1200,\"height\":1200},{\"@type\":\"BreadcrumbList\",\"@id\":\"https:\/\/shop.tanadaithanh.vn\/en\/san-pham\/bon-inox-tan-a-8-2500d-o1140\/#breadcrumb\",\"itemListElement\":[{\"@type\":\"ListItem\",\"position\":1,\"name\":\"Trang ch\u1ee7\",\"item\":\"https:\/\/shop.tanadaithanh.vn\/en\/\"},{\"@type\":\"ListItem\",\"position\":2,\"name\":\"Shop\",\"item\":\"https:\/\/shop.tanadaithanh.vn\/cua-hang\/\"},{\"@type\":\"ListItem\",\"position\":3,\"name\":\"B\u1ed3n inox T\u00e2n \u00c1 8 \u2013 2500\u0110 (\u00d81140)\"}]},{\"@type\":\"WebSite\",\"@id\":\"https:\/\/shop.tanadaithanh.vn\/en\/#website\",\"url\":\"https:\/\/shop.tanadaithanh.vn\/en\/\",\"name\":\"T\u00e2n \u00c1 \u0110\u1ea1i Th\u00e0nh eShop - Trang website b\u00e1n h\u00e0ng ch\u00ednh th\u1ee9c T\u1eadp \u0111o\u00e0n T\u00e2n \u00c1 \u0110\u1ea1i Th\u00e0nh\",\"description\":\"Website b\u00e1n h\u00e0ng tr\u1ef1c tuy\u1ebfn v\u1eadn h\u00e0nh b\u1edfi ch\u00ednh T\u00e2n \u00c1 \u0110\u1ea1i Th\u00e0nh\",\"publisher\":{\"@id\":\"https:\/\/shop.tanadaithanh.vn\/en\/#organization\"},\"potentialAction\":[{\"@type\":\"SearchAction\",\"target\":{\"@type\":\"EntryPoint\",\"urlTemplate\":\"https:\/\/shop.tanadaithanh.vn\/en\/?s={search_term_string}\"},\"query-input\":{\"@type\":\"PropertyValueSpecification\",\"valueRequired\":true,\"valueName\":\"search_term_string\"}}],\"inLanguage\":\"en-US\"},{\"@type\":\"Organization\",\"@id\":\"https:\/\/shop.tanadaithanh.vn\/en\/#organization\",\"name\":\"T\u00e2n \u00c1 \u0110\u1ea1i Th\u00e0nh eShop - Trang website b\u00e1n h\u00e0ng ch\u00ednh th\u1ee9c T\u1eadp \u0111o\u00e0n T\u00e2n \u00c1 \u0110\u1ea1i Th\u00e0nh\",\"url\":\"https:\/\/shop.tanadaithanh.vn\/en\/\",\"logo\":{\"@type\":\"ImageObject\",\"inLanguage\":\"en-US\",\"@id\":\"https:\/\/shop.tanadaithanh.vn\/en\/#\/schema\/logo\/image\/\",\"url\":\"https:\/\/shop.tanadaithanh.vn\/wp-content\/uploads\/2025\/06\/Logo-2.png\",\"contentUrl\":\"https:\/\/shop.tanadaithanh.vn\/wp-content\/uploads\/2025\/06\/Logo-2.png\",\"width\":2000,\"height\":2000,\"caption\":\"T\u00e2n \u00c1 \u0110\u1ea1i Th\u00e0nh eShop - Trang website b\u00e1n h\u00e0ng ch\u00ednh th\u1ee9c T\u1eadp \u0111o\u00e0n T\u00e2n \u00c1 \u0110\u1ea1i Th\u00e0nh\"},\"image\":{\"@id\":\"https:\/\/shop.tanadaithanh.vn\/en\/#\/schema\/logo\/image\/\"},\"sameAs\":[\"https:\/\/www.facebook.com\/profile.php?id=61567171139919\",\"https:\/\/zalo.me\/3915163699004948284\"]}]}<\/script>\n<!-- \/ Yoast SEO plugin. -->","yoast_head_json":{"title":"B\u1ed3n inox T\u00e2n \u00c1 8 \u2013 2500\u0110 (\u00d81140) - T\u00e2n \u00c1 \u0110\u1ea1i Th\u00e0nh eShop","description":"B\u1ed3n n\u01b0\u1edbc Inox T\u00e2n \u00c1 8\u00a0l\u00e0 s\u1ea3n ph\u1ea9m thu\u1ed9c ph\u00e2n kh\u00fac cao c\u1ea5p nh\u1ea5t c\u1ee7a T\u1eadp \u0111o\u00e0n T\u00e2n \u00c1 \u0110\u1ea1i Th\u00e0nh \u2013 th\u01b0\u01a1ng hi\u1ec7u chi\u1ebfm th\u1ecb ph\u1ea7n s\u1ed1 1 t\u1ea1i Vi\u1ec7t Nam trong ng\u00e0nh b\u1ed3n ch\u1ee9a n\u01b0\u1edbc. Kh\u00f4ng ch\u1ec9 n\u1ed5i b\u1eadt v\u1edbi ch\u1ea5t l\u01b0\u1ee3ng v\u01b0\u1ee3t tr\u1ed9i, d\u00f2ng b\u1ed3n n\u00e0y c\u00f2n \u0111\u01b0\u1ee3c \u1ee9ng d\u1ee5ng nhi\u1ec1u c\u00f4ng ngh\u1ec7 hi\u1ec7n \u0111\u1ea1i nh\u1eb1m t\u1ed1i \u01b0u \u0111\u1ed9 an to\u00e0n, \u0111\u1ed9 b\u1ec1n v\u00e0 kh\u1ea3 n\u0103ng b\u1ea3o v\u1ec7 ngu\u1ed3n n\u01b0\u1edbc.","robots":{"index":"index","follow":"follow","max-snippet":"max-snippet:-1","max-image-preview":"max-image-preview:large","max-video-preview":"max-video-preview:-1"},"canonical":"https:\/\/shop.tanadaithanh.vn\/en\/san-pham\/bon-inox-tan-a-8-2500d-o1140\/","og_locale":"en_US","og_type":"article","og_title":"B\u1ed3n inox T\u00e2n \u00c1 8 \u2013 2500\u0110 (\u00d81140) - T\u00e2n \u00c1 \u0110\u1ea1i Th\u00e0nh eShop","og_description":"B\u1ed3n n\u01b0\u1edbc Inox T\u00e2n \u00c1 8\u00a0l\u00e0 s\u1ea3n ph\u1ea9m thu\u1ed9c ph\u00e2n kh\u00fac cao c\u1ea5p nh\u1ea5t c\u1ee7a T\u1eadp \u0111o\u00e0n T\u00e2n \u00c1 \u0110\u1ea1i Th\u00e0nh \u2013 th\u01b0\u01a1ng hi\u1ec7u chi\u1ebfm th\u1ecb ph\u1ea7n s\u1ed1 1 t\u1ea1i Vi\u1ec7t Nam trong ng\u00e0nh b\u1ed3n ch\u1ee9a n\u01b0\u1edbc. Kh\u00f4ng ch\u1ec9 n\u1ed5i b\u1eadt v\u1edbi ch\u1ea5t l\u01b0\u1ee3ng v\u01b0\u1ee3t tr\u1ed9i, d\u00f2ng b\u1ed3n n\u00e0y c\u00f2n \u0111\u01b0\u1ee3c \u1ee9ng d\u1ee5ng nhi\u1ec1u c\u00f4ng ngh\u1ec7 hi\u1ec7n \u0111\u1ea1i nh\u1eb1m t\u1ed1i \u01b0u \u0111\u1ed9 an to\u00e0n, \u0111\u1ed9 b\u1ec1n v\u00e0 kh\u1ea3 n\u0103ng b\u1ea3o v\u1ec7 ngu\u1ed3n n\u01b0\u1edbc.","og_url":"https:\/\/shop.tanadaithanh.vn\/en\/san-pham\/bon-inox-tan-a-8-2500d-o1140\/","og_site_name":"T\u00e2n \u00c1 \u0110\u1ea1i Th\u00e0nh eShop","article_publisher":"https:\/\/www.facebook.com\/profile.php?id=61567171139919","article_modified_time":"2026-04-04T04:45:29+00:00","og_image":[{"width":1200,"height":1200,"url":"https:\/\/shop.tanadaithanh.vn\/wp-content\/uploads\/2025\/08\/34.jpg","type":"image\/jpeg"}],"twitter_card":"summary_large_image","twitter_misc":{"Est. reading time":"5 minutes"},"schema":{"@context":"https:\/\/schema.org","@graph":[{"@type":"WebPage","@id":"https:\/\/shop.tanadaithanh.vn\/en\/san-pham\/bon-inox-tan-a-8-2500d-o1140\/","url":"https:\/\/shop.tanadaithanh.vn\/en\/san-pham\/bon-inox-tan-a-8-2500d-o1140\/","name":"B\u1ed3n inox T\u00e2n \u00c1 8 \u2013 2500\u0110 (\u00d81140) - T\u00e2n \u00c1 \u0110\u1ea1i Th\u00e0nh eShop","isPartOf":{"@id":"https:\/\/shop.tanadaithanh.vn\/en\/#website"},"primaryImageOfPage":{"@id":"https:\/\/shop.tanadaithanh.vn\/en\/san-pham\/bon-inox-tan-a-8-2500d-o1140\/#primaryimage"},"image":{"@id":"https:\/\/shop.tanadaithanh.vn\/en\/san-pham\/bon-inox-tan-a-8-2500d-o1140\/#primaryimage"},"thumbnailUrl":"https:\/\/shop.tanadaithanh.vn\/wp-content\/uploads\/2025\/08\/34.jpg","datePublished":"2025-04-03T03:39:14+00:00","dateModified":"2026-04-04T04:45:29+00:00","description":"B\u1ed3n n\u01b0\u1edbc Inox T\u00e2n \u00c1 8\u00a0l\u00e0 s\u1ea3n ph\u1ea9m thu\u1ed9c ph\u00e2n kh\u00fac cao c\u1ea5p nh\u1ea5t c\u1ee7a T\u1eadp \u0111o\u00e0n T\u00e2n \u00c1 \u0110\u1ea1i Th\u00e0nh \u2013 th\u01b0\u01a1ng hi\u1ec7u chi\u1ebfm th\u1ecb ph\u1ea7n s\u1ed1 1 t\u1ea1i Vi\u1ec7t Nam trong ng\u00e0nh b\u1ed3n ch\u1ee9a n\u01b0\u1edbc. Kh\u00f4ng ch\u1ec9 n\u1ed5i b\u1eadt v\u1edbi ch\u1ea5t l\u01b0\u1ee3ng v\u01b0\u1ee3t tr\u1ed9i, d\u00f2ng b\u1ed3n n\u00e0y c\u00f2n \u0111\u01b0\u1ee3c \u1ee9ng d\u1ee5ng nhi\u1ec1u c\u00f4ng ngh\u1ec7 hi\u1ec7n \u0111\u1ea1i nh\u1eb1m t\u1ed1i \u01b0u \u0111\u1ed9 an to\u00e0n, \u0111\u1ed9 b\u1ec1n v\u00e0 kh\u1ea3 n\u0103ng b\u1ea3o v\u1ec7 ngu\u1ed3n n\u01b0\u1edbc.","breadcrumb":{"@id":"https:\/\/shop.tanadaithanh.vn\/en\/san-pham\/bon-inox-tan-a-8-2500d-o1140\/#breadcrumb"},"inLanguage":"en-US","potentialAction":[{"@type":"ReadAction","target":["https:\/\/shop.tanadaithanh.vn\/en\/san-pham\/bon-inox-tan-a-8-2500d-o1140\/"]}]},{"@type":"ImageObject","inLanguage":"en-US","@id":"https:\/\/shop.tanadaithanh.vn\/en\/san-pham\/bon-inox-tan-a-8-2500d-o1140\/#primaryimage","url":"https:\/\/shop.tanadaithanh.vn\/wp-content\/uploads\/2025\/08\/34.jpg","contentUrl":"https:\/\/shop.tanadaithanh.vn\/wp-content\/uploads\/2025\/08\/34.jpg","width":1200,"height":1200},{"@type":"BreadcrumbList","@id":"https:\/\/shop.tanadaithanh.vn\/en\/san-pham\/bon-inox-tan-a-8-2500d-o1140\/#breadcrumb","itemListElement":[{"@type":"ListItem","position":1,"name":"Trang ch\u1ee7","item":"https:\/\/shop.tanadaithanh.vn\/en\/"},{"@type":"ListItem","position":2,"name":"Shop","item":"https:\/\/shop.tanadaithanh.vn\/cua-hang\/"},{"@type":"ListItem","position":3,"name":"B\u1ed3n inox T\u00e2n \u00c1 8 \u2013 2500\u0110 (\u00d81140)"}]},{"@type":"WebSite","@id":"https:\/\/shop.tanadaithanh.vn\/en\/#website","url":"https:\/\/shop.tanadaithanh.vn\/en\/","name":"T\u00e2n \u00c1 \u0110\u1ea1i Th\u00e0nh eShop - Trang website b\u00e1n h\u00e0ng ch\u00ednh th\u1ee9c T\u1eadp \u0111o\u00e0n T\u00e2n \u00c1 \u0110\u1ea1i Th\u00e0nh","description":"Website b\u00e1n h\u00e0ng tr\u1ef1c tuy\u1ebfn v\u1eadn h\u00e0nh b\u1edfi ch\u00ednh T\u00e2n \u00c1 \u0110\u1ea1i Th\u00e0nh","publisher":{"@id":"https:\/\/shop.tanadaithanh.vn\/en\/#organization"},"potentialAction":[{"@type":"SearchAction","target":{"@type":"EntryPoint","urlTemplate":"https:\/\/shop.tanadaithanh.vn\/en\/?s={search_term_string}"},"query-input":{"@type":"PropertyValueSpecification","valueRequired":true,"valueName":"search_term_string"}}],"inLanguage":"en-US"},{"@type":"Organization","@id":"https:\/\/shop.tanadaithanh.vn\/en\/#organization","name":"T\u00e2n \u00c1 \u0110\u1ea1i Th\u00e0nh eShop - Trang website b\u00e1n h\u00e0ng ch\u00ednh th\u1ee9c T\u1eadp \u0111o\u00e0n T\u00e2n \u00c1 \u0110\u1ea1i Th\u00e0nh","url":"https:\/\/shop.tanadaithanh.vn\/en\/","logo":{"@type":"ImageObject","inLanguage":"en-US","@id":"https:\/\/shop.tanadaithanh.vn\/en\/#\/schema\/logo\/image\/","url":"https:\/\/shop.tanadaithanh.vn\/wp-content\/uploads\/2025\/06\/Logo-2.png","contentUrl":"https:\/\/shop.tanadaithanh.vn\/wp-content\/uploads\/2025\/06\/Logo-2.png","width":2000,"height":2000,"caption":"T\u00e2n \u00c1 \u0110\u1ea1i Th\u00e0nh eShop - Trang website b\u00e1n h\u00e0ng ch\u00ednh th\u1ee9c T\u1eadp \u0111o\u00e0n T\u00e2n \u00c1 \u0110\u1ea1i Th\u00e0nh"},"image":{"@id":"https:\/\/shop.tanadaithanh.vn\/en\/#\/schema\/logo\/image\/"},"sameAs":["https:\/\/www.facebook.com\/profile.php?id=61567171139919","https:\/\/zalo.me\/3915163699004948284"]}]}},"_links":{"self":[{"href":"https:\/\/shop.tanadaithanh.vn\/en\/wp-json\/wp\/v2\/product\/17097","targetHints":{"allow":["GET"]}}],"collection":[{"href":"https:\/\/shop.tanadaithanh.vn\/en\/wp-json\/wp\/v2\/product"}],"about":[{"href":"https:\/\/shop.tanadaithanh.vn\/en\/wp-json\/wp\/v2\/types\/product"}],"replies":[{"embeddable":true,"href":"https:\/\/shop.tanadaithanh.vn\/en\/wp-json\/wp\/v2\/comments?post=17097"}],"version-history":[{"count":5,"href":"https:\/\/shop.tanadaithanh.vn\/en\/wp-json\/wp\/v2\/product\/17097\/revisions"}],"predecessor-version":[{"id":23078,"href":"https:\/\/shop.tanadaithanh.vn\/en\/wp-json\/wp\/v2\/product\/17097\/revisions\/23078"}],"wp:featuredmedia":[{"embeddable":true,"href":"https:\/\/shop.tanadaithanh.vn\/en\/wp-json\/wp\/v2\/media\/28735"}],"wp:attachment":[{"href":"https:\/\/shop.tanadaithanh.vn\/en\/wp-json\/wp\/v2\/media?parent=17097"}],"wp:term":[{"taxonomy":"region","embeddable":true,"href":"https:\/\/shop.tanadaithanh.vn\/en\/wp-json\/wp\/v2\/region?post=17097"},{"taxonomy":"product_brand","embeddable":true,"href":"https:\/\/shop.tanadaithanh.vn\/en\/wp-json\/wp\/v2\/product_brand?post=17097"},{"taxonomy":"product_cat","embeddable":true,"href":"https:\/\/shop.tanadaithanh.vn\/en\/wp-json\/wp\/v2\/product_cat?post=17097"},{"taxonomy":"product_tag","embeddable":true,"href":"https:\/\/shop.tanadaithanh.vn\/en\/wp-json\/wp\/v2\/product_tag?post=17097"}],"curies":[{"name":"wp","href":"https:\/\/api.w.org\/{rel}","templated":true}]}}