{"id":16866,"date":"2025-04-03T10:38:07","date_gmt":"2025-04-03T03:38:07","guid":{"rendered":"https:\/\/shop.tanadaithanh.vn\/product\/bon-tu-hoai-thong-minh-dai-thanh-1500se-2\/"},"modified":"2026-02-02T15:08:42","modified_gmt":"2026-02-02T08:08:42","slug":"bon-tu-hoai-thong-minh-dai-thanh-1500se-2","status":"publish","type":"product","link":"https:\/\/shop.tanadaithanh.vn\/en\/san-pham\/bon-tu-hoai-thong-minh-dai-thanh-1500se-2\/","title":{"rendered":"B\u1ed3n t\u1ef1 ho\u1ea1i \u0110\u1ea1i Th\u00e0nh \u2013 1500\u0110"},"content":{"rendered":"<p><strong>Gi\u1edbi thi\u1ec7u s\u1ea3n ph\u1ea9m<\/strong><\/p>\n<div class=\"wpb_text_column wpb_content_element\">\n<div class=\"wpb_wrapper\">\n<p>B\u1ed3n t\u1ef1 ho\u1ea1i \u0110\u1ea1i Th\u00e0nh l\u00e0 s\u1ea3n ph\u1ea9m c\u1ee7a T\u1eadp \u0111o\u00e0n T\u00e2n \u00c1 \u0110\u1ea1i Th\u00e0nh, <span style=\"font-size: 12pt; color: #000000;\"> \u0111\u01b0\u1ee3c thi\u1ebft k\u1ebf ph\u1ee5c v\u1ee5 nhu c\u1ea7u x\u1eed l\u00fd ch\u1ea5t th\u1ea3i sinh ho\u1ea1t, b\u1ea3o v\u1ec7 m\u00f4i tr\u01b0\u1eddng.<\/span><\/p>\n<p><span style=\"font-size: 12pt; color: #000000;\">B\u1ed3n t\u1ef1 ho\u1ea1i \u0110\u1ea1i Th\u00e0nh t\u1ef1 h\u00e0o l\u00e0 s\u1ea3n ph\u1ea9m v\u1eadn h\u00e0nh 100% th\u1ee7y l\u1ef1c v\u00e0 ph\u1ea3n \u1ee9ng sinh h\u1ecdc kh\u00f4ng s\u1eed d\u1ee5ng b\u1ea5t k\u1ef3 h\u00f3a ch\u1ea5t hay ch\u1ea5t x\u00fac t\u00e1c n\u00e0o.<\/span><\/p>\n<p><span style=\"font-size: 12pt; color: #000000;\">C\u1ea3i thi\u1ec7n v\u00e0 \u0111\u1ea7y l\u00f9i t\u00ecnh tr\u1ea1ng \u00f4 nhi\u1ec5m ngu\u1ed3n n\u01b0\u1edbc, \u0111\u1ea3m b\u1ea3o v\u1ec7 sinh m\u00f4i tr\u01b0\u1eddng xung quanh, th\u00e2n thi\u1ec7n v\u00e0 an to\u00e0n h\u01a1n, g\u00f3p ph\u1ea7n n\u00e2ng cao ch\u1ea5t l\u01b0\u1ee3ng cu\u1ed9c s\u1ed1ng.<\/span><\/p>\n<p><span style=\"font-size: 11pt; color: #000000;\"><span style=\"font-size: 20pt;\">\u2022 <\/span>V\u1eadn h\u00e0nh th\u1ee7y l\u1ef1c 24\/24 \u00a0 \u00a0 \u00a0 \u00a0 \u00a0 \u00a0 \u00a0 \u00a0 \u00a0 \u00a0 \u00a0 \u00a0 \u00a0 \u00a0 \u00a0 \u00a0 \u00a0\u00a0<span style=\"font-size: 20pt;\">\u2022 <\/span>N\u01b0\u1edbc th\u1ea3i \u0111\u1ea1t chu\u1ea9n B \u2013 QCVN 14:2008\/BTNMT<\/span><\/p>\n<p><span style=\"font-size: 11pt; color: #000000;\"><span style=\"font-size: 20pt;\">\u2022 <\/span>D\u1ec5 d\u00e0ng l\u1eafp \u0111\u1eb7t v\u00e0 b\u1ea3o tr\u00ec \u00a0 \u00a0 \u00a0 \u00a0 \u00a0 \u00a0 \u00a0 \u00a0 \u00a0 \u00a0 \u00a0 \u00a0 \u00a0 \u00a0 \u00a0 \u00a0\u00a0<span style=\"font-size: 20pt;\">\u2022<\/span>\u00a0\u0110\u1ea3m b\u1ea3o v\u1ec7 sinh m\u00f4i tr\u01b0\u1eddng \u2013 QCVN 01:2011\/BYT<\/span><\/p>\n<p><span style=\"font-size: 11pt; color: #000000;\"><span style=\"font-size: 20pt;\">\u2022 <\/span>Ch\u1ecbu \u0111\u01b0\u1ee3c \u00e1p l\u1ef1c cao trong m\u1ecdi \u0111i\u1ec1u ki\u1ec7n\u00a0 \u00a0 \u00a0 \u00a0 \u00a0<span style=\"font-size: 20pt;\">\u2022 <\/span>Th\u1eddi gian b\u1ea3o h\u00e0nh s\u1ea3n ph\u1ea9m l\u00ean \u0111\u1ebfn 50 n\u0103m<\/span><\/p>\n<p><img fetchpriority=\"high\" decoding=\"async\" class=\"wp-image-25539 aligncenter\" src=\"https:\/\/shop.tanadaithanh.vn\/wp-content\/uploads\/2025\/04\/DSC09488-200x300.jpg\" alt=\"\" width=\"351\" height=\"527\" srcset=\"https:\/\/shop.tanadaithanh.vn\/wp-content\/uploads\/2025\/04\/DSC09488-200x300.jpg 200w, https:\/\/shop.tanadaithanh.vn\/wp-content\/uploads\/2025\/04\/DSC09488-683x1024.jpg 683w, https:\/\/shop.tanadaithanh.vn\/wp-content\/uploads\/2025\/04\/DSC09488-768x1152.jpg 768w, https:\/\/shop.tanadaithanh.vn\/wp-content\/uploads\/2025\/04\/DSC09488-1024x1536.jpg 1024w, https:\/\/shop.tanadaithanh.vn\/wp-content\/uploads\/2025\/04\/DSC09488-1365x2048.jpg 1365w, https:\/\/shop.tanadaithanh.vn\/wp-content\/uploads\/2025\/04\/DSC09488-1200x1800.jpg 1200w, https:\/\/shop.tanadaithanh.vn\/wp-content\/uploads\/2025\/04\/DSC09488-150x225.jpg 150w, https:\/\/shop.tanadaithanh.vn\/wp-content\/uploads\/2025\/04\/DSC09488-scaled.jpg 1707w\" sizes=\"(max-width: 351px) 100vw, 351px\" \/><\/p>\n<\/div>\n<\/div>\n<p><strong>Th\u00f4ng s\u1ed1 k\u1ef9 thu\u1eadt<\/strong><\/p>\n<div class=\"wpb_text_column wpb_content_element\">\n<div class=\"wpb_wrapper\">\n<div>\n<table>\n<tbody>\n<tr>\n<td><strong>T\u00ean s\u1ea3n ph\u1ea9m\u00a0<\/strong><\/td>\n<td><span style=\"font-weight: 400;\">B\u1ed3n t\u1ef1 ho\u1ea1i \u0110\u1ea1i Th\u00e0nh 1500L \u0111\u1ee9ng<\/span><\/td>\n<\/tr>\n<tr>\n<td><strong>Xu\u1ea5t x\u1ee9<\/strong><\/td>\n<td><span style=\"font-weight: 400;\">Vi\u1ec7t Nam<\/span><\/td>\n<\/tr>\n<tr>\n<td><strong>Nh\u00e0 s\u1ea3n xu\u1ea5t<\/strong><\/td>\n<td><span style=\"font-weight: 400;\">T\u00e2n \u00c1 \u0110\u1ea1i Th\u00e0nh<\/span><\/td>\n<\/tr>\n<tr>\n<td><strong>Dung t\u00edch<\/strong><\/td>\n<td><span style=\"font-weight: 400;\">1500L<\/span><\/td>\n<\/tr>\n<tr>\n<td><strong>K\u00edch th\u01b0\u1edbc (Cao x R\u1ed9ng)<\/strong><\/td>\n<td><span style=\"font-weight: 400;\">1500 x 1280mm<\/span><\/td>\n<\/tr>\n<tr>\n<td><strong>Ch\u1ea5t li\u1ec7u<\/strong><\/td>\n<td><span style=\"font-weight: 400;\">Nh\u1ef1a LLDPE cao c\u1ea5p<\/span><\/td>\n<\/tr>\n<tr>\n<td><strong>B\u1ea3o h\u00e0nh<\/strong><\/td>\n<td><span style=\"font-weight: 400;\">50 n\u0103m\u00a0<\/span><\/td>\n<\/tr>\n<\/tbody>\n<\/table>\n<\/div>\n<\/div>\n<\/div>\n<p><strong>Khuy\u1ebfn c\u00e1o s\u1eed d\u1ee5ng<\/strong><\/p>\n<div class=\"wpb_text_column wpb_content_element\">\n<div class=\"wpb_wrapper\">\n<p>\u0110\u1ec3 n\u00e2ng cao tu\u1ed5i th\u1ecd v\u00e0 hi\u1ec7u qu\u1ea3 s\u1eed d\u1ee5ng, ng\u01b0\u1eddi s\u1eed d\u1ee5ng c\u1ea7n tu\u00e2n th\u1ee7 theo khuy\u1ebfn c\u00e1o sau:<\/p>\n<ul>\n<li>B\u1ed3n s\u1ea3n xu\u1ea5t v\u1edbi m\u1ee5c \u0111\u00edch s\u1eed d\u1ee5ng ch\u1ee9a &amp; x\u1eed l\u00fd ch\u1ea5t th\u1ea3i t\u1eeb nh\u00e0 ti\u00eau c\u1ee7a c\u00e1c h\u1ed9 gia \u0111\u00ecnh ho\u1eb7c khu sinh ho\u1ea1t t\u1eadp th\u1ec3 ( khu vui ch\u01a1i, chung c\u01b0, c\u00f4ng s\u1edf\u2026.)<\/li>\n<\/ul>\n<p><img decoding=\"async\" class=\"aligncenter wp-image-25536\" src=\"https:\/\/shop.tanadaithanh.vn\/wp-content\/uploads\/2025\/04\/DSC09520-223x300.jpg\" alt=\"\" width=\"366\" height=\"492\" srcset=\"https:\/\/shop.tanadaithanh.vn\/wp-content\/uploads\/2025\/04\/DSC09520-223x300.jpg 223w, https:\/\/shop.tanadaithanh.vn\/wp-content\/uploads\/2025\/04\/DSC09520-762x1024.jpg 762w, https:\/\/shop.tanadaithanh.vn\/wp-content\/uploads\/2025\/04\/DSC09520-768x1032.jpg 768w, https:\/\/shop.tanadaithanh.vn\/wp-content\/uploads\/2025\/04\/DSC09520-1143x1536.jpg 1143w, https:\/\/shop.tanadaithanh.vn\/wp-content\/uploads\/2025\/04\/DSC09520-1524x2048.jpg 1524w, https:\/\/shop.tanadaithanh.vn\/wp-content\/uploads\/2025\/04\/DSC09520-1200x1613.jpg 1200w, https:\/\/shop.tanadaithanh.vn\/wp-content\/uploads\/2025\/04\/DSC09520-150x202.jpg 150w, https:\/\/shop.tanadaithanh.vn\/wp-content\/uploads\/2025\/04\/DSC09520-scaled.jpg 1904w\" sizes=\"(max-width: 366px) 100vw, 366px\" \/><\/p>\n<p><img decoding=\"async\" class=\"aligncenter wp-image-25541\" src=\"https:\/\/shop.tanadaithanh.vn\/wp-content\/uploads\/2025\/04\/DSC09481-200x300.jpg\" alt=\"\" width=\"361\" height=\"542\" srcset=\"https:\/\/shop.tanadaithanh.vn\/wp-content\/uploads\/2025\/04\/DSC09481-200x300.jpg 200w, https:\/\/shop.tanadaithanh.vn\/wp-content\/uploads\/2025\/04\/DSC09481-683x1024.jpg 683w, https:\/\/shop.tanadaithanh.vn\/wp-content\/uploads\/2025\/04\/DSC09481-768x1152.jpg 768w, https:\/\/shop.tanadaithanh.vn\/wp-content\/uploads\/2025\/04\/DSC09481-1024x1536.jpg 1024w, https:\/\/shop.tanadaithanh.vn\/wp-content\/uploads\/2025\/04\/DSC09481-1365x2048.jpg 1365w, https:\/\/shop.tanadaithanh.vn\/wp-content\/uploads\/2025\/04\/DSC09481-1200x1800.jpg 1200w, https:\/\/shop.tanadaithanh.vn\/wp-content\/uploads\/2025\/04\/DSC09481-150x225.jpg 150w, https:\/\/shop.tanadaithanh.vn\/wp-content\/uploads\/2025\/04\/DSC09481-scaled.jpg 1707w\" sizes=\"(max-width: 361px) 100vw, 361px\" \/><\/p>\n<p><img loading=\"lazy\" decoding=\"async\" class=\"aligncenter wp-image-25543\" src=\"https:\/\/shop.tanadaithanh.vn\/wp-content\/uploads\/2025\/04\/DSC09549-300x200.jpg\" alt=\"\" width=\"485\" height=\"323\" srcset=\"https:\/\/shop.tanadaithanh.vn\/wp-content\/uploads\/2025\/04\/DSC09549-300x200.jpg 300w, https:\/\/shop.tanadaithanh.vn\/wp-content\/uploads\/2025\/04\/DSC09549-1024x683.jpg 1024w, https:\/\/shop.tanadaithanh.vn\/wp-content\/uploads\/2025\/04\/DSC09549-768x512.jpg 768w, https:\/\/shop.tanadaithanh.vn\/wp-content\/uploads\/2025\/04\/DSC09549-1536x1024.jpg 1536w, https:\/\/shop.tanadaithanh.vn\/wp-content\/uploads\/2025\/04\/DSC09549-2048x1365.jpg 2048w, https:\/\/shop.tanadaithanh.vn\/wp-content\/uploads\/2025\/04\/DSC09549-1200x800.jpg 1200w, https:\/\/shop.tanadaithanh.vn\/wp-content\/uploads\/2025\/04\/DSC09549-150x100.jpg 150w\" sizes=\"(max-width: 485px) 100vw, 485px\" \/><\/p>\n<p>\u0110\u1ec3 \u0111\u1ea3m b\u1ea3o ch\u1ea5t l\u01b0\u1ee3ng, quy\u1ec1n l\u1ee3i b\u1ea3o h\u00e0nh v\u00e0 h\u1ed7 tr\u1ee3 k\u1ef9 thu\u1eadt, ng\u01b0\u1eddi d\u00f9ng n\u00ean mua tr\u1ef1c ti\u1ebfp t\u1ea1i:<br \/>\nWebsite ch\u00ednh h\u00e3ng: shop.tanadaithanh.vn<br \/>\n\u01afu \u0111\u00e3i khi mua t\u1ea1i shop.tanadaithanh.vn:<\/p>\n<p><strong>\u2013 Mi\u1ec5n ph\u00ed v\u1eadn chuy\u1ec3n<\/strong><br \/>\n<strong>\u2013 Thanh to\u00e1n linh ho\u1ea1t, h\u1ed7 tr\u1ee3 tr\u1ea3 ch\u1eadm 0% cho s\u1ea3n ph\u1ea9m t\u1eeb 3 Tri\u1ec7u<\/strong><br \/>\n<strong>\u2013 B\u1ea3o h\u00e0nh \u0111i\u1ec7n t\u1eed 50 n\u0103m ch\u00ednh h\u00e3ng<\/strong><br \/>\n<strong>\u2013 T\u01b0 v\u1ea5n k\u1ef9 thu\u1eadt tr\u1ef1c ti\u1ebfp t\u1eeb \u0111\u1ed9i ng\u0169 chuy\u00ean m\u00f4n<\/strong><\/p>\n<p>Li\u00ean h\u1ec7 ngay qua\u00a0<em><strong>hotline 0986 86 86 85<\/strong><\/em>\u00a0\u0111\u1ec3 \u0111\u01b0\u1ee3c t\u01b0 v\u1ea5n, h\u1ed7 tr\u1ee3 nhanh nh\u1ea5t !<\/p>\n<\/div>\n<\/div>\n","protected":false},"excerpt":{"rendered":"<ul>\n<li data-start=\"185\" data-end=\"305\">V\u1eadn h\u00e0nh li\u00ean t\u1ee5c 24\/24<\/li>\n<li data-start=\"185\" data-end=\"305\">\u0110\u1ea1t chu\u1ea9n v\u1ec7 sinh v\u00e0 m\u00f4i tr\u01b0\u1eddng<\/li>\n<li data-start=\"185\" data-end=\"305\">Ch\u1ecbu \u00e1p l\u1ef1c cao, b\u1ec1n b\u1ec9 v\u01b0\u1ee3t tr\u1ed9i<\/li>\n<li data-start=\"185\" data-end=\"305\">L\u1eafp \u0111\u1eb7t, b\u1ea3o tr\u00ec d\u1ec5 d\u00e0ng<\/li>\n<li data-start=\"185\" data-end=\"305\">B\u1ea3o h\u00e0nh l\u00ean \u0111\u1ebfn 50 n\u0103m<\/li>\n<\/ul>\n","protected":false},"featured_media":28022,"comment_status":"open","ping_status":"closed","template":"","meta":[],"region":[259],"product_brand":[],"product_cat":[190],"product_tag":[],"class_list":{"0":"post-16866","1":"product","2":"type-product","3":"status-publish","4":"has-post-thumbnail","6":"region-mien-bac","7":"product_cat-bon-tu-hoai","9":"first","10":"instock","11":"sale","12":"sold-individually","13":"shipping-taxable","14":"purchasable","15":"product-type-simple"},"yoast_head":"<!-- This site is optimized with the Yoast SEO plugin v24.6 - https:\/\/yoast.com\/wordpress\/plugins\/seo\/ -->\n<title>B\u1ed3n t\u1ef1 ho\u1ea1i \u0110\u1ea1i Th\u00e0nh \u2013 1500\u0110 - T\u00e2n \u00c1 \u0110\u1ea1i Th\u00e0nh eShop<\/title>\n<meta name=\"robots\" content=\"index, follow, max-snippet:-1, max-image-preview:large, max-video-preview:-1\" \/>\n<link rel=\"canonical\" href=\"https:\/\/shop.tanadaithanh.vn\/en\/san-pham\/bon-tu-hoai-thong-minh-dai-thanh-1500se-2\/\" \/>\n<meta property=\"og:locale\" content=\"en_US\" \/>\n<meta property=\"og:type\" content=\"article\" \/>\n<meta property=\"og:title\" content=\"B\u1ed3n t\u1ef1 ho\u1ea1i \u0110\u1ea1i Th\u00e0nh \u2013 1500\u0110 - T\u00e2n \u00c1 \u0110\u1ea1i Th\u00e0nh eShop\" \/>\n<meta property=\"og:description\" content=\"V\u1eadn h\u00e0nh li\u00ean t\u1ee5c 24\/24  \u0110\u1ea1t chu\u1ea9n v\u1ec7 sinh v\u00e0 m\u00f4i tr\u01b0\u1eddng  Ch\u1ecbu \u00e1p l\u1ef1c cao, b\u1ec1n b\u1ec9 v\u01b0\u1ee3t tr\u1ed9i  L\u1eafp \u0111\u1eb7t, b\u1ea3o tr\u00ec d\u1ec5 d\u00e0ng  B\u1ea3o h\u00e0nh l\u00ean \u0111\u1ebfn 50 n\u0103m\" \/>\n<meta property=\"og:url\" content=\"https:\/\/shop.tanadaithanh.vn\/en\/san-pham\/bon-tu-hoai-thong-minh-dai-thanh-1500se-2\/\" \/>\n<meta property=\"og:site_name\" content=\"T\u00e2n \u00c1 \u0110\u1ea1i Th\u00e0nh eShop\" \/>\n<meta property=\"article:publisher\" content=\"https:\/\/www.facebook.com\/profile.php?id=61567171139919\" \/>\n<meta property=\"article:modified_time\" content=\"2026-02-02T08:08:42+00:00\" \/>\n<meta property=\"og:image\" content=\"https:\/\/shop.tanadaithanh.vn\/wp-content\/uploads\/2025\/04\/50-NAM-D.jpg\" \/>\n\t<meta property=\"og:image:width\" content=\"1000\" \/>\n\t<meta property=\"og:image:height\" content=\"1000\" \/>\n\t<meta property=\"og:image:type\" content=\"image\/jpeg\" \/>\n<meta name=\"twitter:card\" content=\"summary_large_image\" \/>\n<meta name=\"twitter:label1\" content=\"Est. reading time\" \/>\n\t<meta name=\"twitter:data1\" content=\"3 minutes\" \/>\n<script type=\"application\/ld+json\" class=\"yoast-schema-graph\">{\"@context\":\"https:\/\/schema.org\",\"@graph\":[{\"@type\":\"WebPage\",\"@id\":\"https:\/\/shop.tanadaithanh.vn\/en\/san-pham\/bon-tu-hoai-thong-minh-dai-thanh-1500se-2\/\",\"url\":\"https:\/\/shop.tanadaithanh.vn\/en\/san-pham\/bon-tu-hoai-thong-minh-dai-thanh-1500se-2\/\",\"name\":\"B\u1ed3n t\u1ef1 ho\u1ea1i \u0110\u1ea1i Th\u00e0nh \u2013 1500\u0110 - T\u00e2n \u00c1 \u0110\u1ea1i Th\u00e0nh eShop\",\"isPartOf\":{\"@id\":\"https:\/\/shop.tanadaithanh.vn\/en\/#website\"},\"primaryImageOfPage\":{\"@id\":\"https:\/\/shop.tanadaithanh.vn\/en\/san-pham\/bon-tu-hoai-thong-minh-dai-thanh-1500se-2\/#primaryimage\"},\"image\":{\"@id\":\"https:\/\/shop.tanadaithanh.vn\/en\/san-pham\/bon-tu-hoai-thong-minh-dai-thanh-1500se-2\/#primaryimage\"},\"thumbnailUrl\":\"https:\/\/shop.tanadaithanh.vn\/wp-content\/uploads\/2025\/04\/50-NAM-D.jpg\",\"datePublished\":\"2025-04-03T03:38:07+00:00\",\"dateModified\":\"2026-02-02T08:08:42+00:00\",\"breadcrumb\":{\"@id\":\"https:\/\/shop.tanadaithanh.vn\/en\/san-pham\/bon-tu-hoai-thong-minh-dai-thanh-1500se-2\/#breadcrumb\"},\"inLanguage\":\"en-US\",\"potentialAction\":[{\"@type\":\"ReadAction\",\"target\":[\"https:\/\/shop.tanadaithanh.vn\/en\/san-pham\/bon-tu-hoai-thong-minh-dai-thanh-1500se-2\/\"]}]},{\"@type\":\"ImageObject\",\"inLanguage\":\"en-US\",\"@id\":\"https:\/\/shop.tanadaithanh.vn\/en\/san-pham\/bon-tu-hoai-thong-minh-dai-thanh-1500se-2\/#primaryimage\",\"url\":\"https:\/\/shop.tanadaithanh.vn\/wp-content\/uploads\/2025\/04\/50-NAM-D.jpg\",\"contentUrl\":\"https:\/\/shop.tanadaithanh.vn\/wp-content\/uploads\/2025\/04\/50-NAM-D.jpg\",\"width\":1000,\"height\":1000},{\"@type\":\"BreadcrumbList\",\"@id\":\"https:\/\/shop.tanadaithanh.vn\/en\/san-pham\/bon-tu-hoai-thong-minh-dai-thanh-1500se-2\/#breadcrumb\",\"itemListElement\":[{\"@type\":\"ListItem\",\"position\":1,\"name\":\"Trang ch\u1ee7\",\"item\":\"https:\/\/shop.tanadaithanh.vn\/en\/\"},{\"@type\":\"ListItem\",\"position\":2,\"name\":\"Shop\",\"item\":\"https:\/\/shop.tanadaithanh.vn\/cua-hang\/\"},{\"@type\":\"ListItem\",\"position\":3,\"name\":\"B\u1ed3n t\u1ef1 ho\u1ea1i \u0110\u1ea1i Th\u00e0nh \u2013 1500\u0110\"}]},{\"@type\":\"WebSite\",\"@id\":\"https:\/\/shop.tanadaithanh.vn\/en\/#website\",\"url\":\"https:\/\/shop.tanadaithanh.vn\/en\/\",\"name\":\"T\u00e2n \u00c1 \u0110\u1ea1i Th\u00e0nh eShop - Trang website b\u00e1n h\u00e0ng ch\u00ednh th\u1ee9c T\u1eadp \u0111o\u00e0n T\u00e2n \u00c1 \u0110\u1ea1i Th\u00e0nh\",\"description\":\"Website b\u00e1n h\u00e0ng tr\u1ef1c tuy\u1ebfn v\u1eadn h\u00e0nh b\u1edfi ch\u00ednh T\u00e2n \u00c1 \u0110\u1ea1i Th\u00e0nh\",\"publisher\":{\"@id\":\"https:\/\/shop.tanadaithanh.vn\/en\/#organization\"},\"potentialAction\":[{\"@type\":\"SearchAction\",\"target\":{\"@type\":\"EntryPoint\",\"urlTemplate\":\"https:\/\/shop.tanadaithanh.vn\/en\/?s={search_term_string}\"},\"query-input\":{\"@type\":\"PropertyValueSpecification\",\"valueRequired\":true,\"valueName\":\"search_term_string\"}}],\"inLanguage\":\"en-US\"},{\"@type\":\"Organization\",\"@id\":\"https:\/\/shop.tanadaithanh.vn\/en\/#organization\",\"name\":\"T\u00e2n \u00c1 \u0110\u1ea1i Th\u00e0nh eShop - Trang website b\u00e1n h\u00e0ng ch\u00ednh th\u1ee9c T\u1eadp \u0111o\u00e0n T\u00e2n \u00c1 \u0110\u1ea1i Th\u00e0nh\",\"url\":\"https:\/\/shop.tanadaithanh.vn\/en\/\",\"logo\":{\"@type\":\"ImageObject\",\"inLanguage\":\"en-US\",\"@id\":\"https:\/\/shop.tanadaithanh.vn\/en\/#\/schema\/logo\/image\/\",\"url\":\"https:\/\/shop.tanadaithanh.vn\/wp-content\/uploads\/2025\/06\/Logo-2.png\",\"contentUrl\":\"https:\/\/shop.tanadaithanh.vn\/wp-content\/uploads\/2025\/06\/Logo-2.png\",\"width\":2000,\"height\":2000,\"caption\":\"T\u00e2n \u00c1 \u0110\u1ea1i Th\u00e0nh eShop - Trang website b\u00e1n h\u00e0ng ch\u00ednh th\u1ee9c T\u1eadp \u0111o\u00e0n T\u00e2n \u00c1 \u0110\u1ea1i Th\u00e0nh\"},\"image\":{\"@id\":\"https:\/\/shop.tanadaithanh.vn\/en\/#\/schema\/logo\/image\/\"},\"sameAs\":[\"https:\/\/www.facebook.com\/profile.php?id=61567171139919\",\"https:\/\/zalo.me\/3915163699004948284\"]}]}<\/script>\n<!-- \/ Yoast SEO plugin. -->","yoast_head_json":{"title":"B\u1ed3n t\u1ef1 ho\u1ea1i \u0110\u1ea1i Th\u00e0nh \u2013 1500\u0110 - T\u00e2n \u00c1 \u0110\u1ea1i Th\u00e0nh eShop","robots":{"index":"index","follow":"follow","max-snippet":"max-snippet:-1","max-image-preview":"max-image-preview:large","max-video-preview":"max-video-preview:-1"},"canonical":"https:\/\/shop.tanadaithanh.vn\/en\/san-pham\/bon-tu-hoai-thong-minh-dai-thanh-1500se-2\/","og_locale":"en_US","og_type":"article","og_title":"B\u1ed3n t\u1ef1 ho\u1ea1i \u0110\u1ea1i Th\u00e0nh \u2013 1500\u0110 - T\u00e2n \u00c1 \u0110\u1ea1i Th\u00e0nh eShop","og_description":"V\u1eadn h\u00e0nh li\u00ean t\u1ee5c 24\/24  \u0110\u1ea1t chu\u1ea9n v\u1ec7 sinh v\u00e0 m\u00f4i tr\u01b0\u1eddng  Ch\u1ecbu \u00e1p l\u1ef1c cao, b\u1ec1n b\u1ec9 v\u01b0\u1ee3t tr\u1ed9i  L\u1eafp \u0111\u1eb7t, b\u1ea3o tr\u00ec d\u1ec5 d\u00e0ng  B\u1ea3o h\u00e0nh l\u00ean \u0111\u1ebfn 50 n\u0103m","og_url":"https:\/\/shop.tanadaithanh.vn\/en\/san-pham\/bon-tu-hoai-thong-minh-dai-thanh-1500se-2\/","og_site_name":"T\u00e2n \u00c1 \u0110\u1ea1i Th\u00e0nh eShop","article_publisher":"https:\/\/www.facebook.com\/profile.php?id=61567171139919","article_modified_time":"2026-02-02T08:08:42+00:00","og_image":[{"width":1000,"height":1000,"url":"https:\/\/shop.tanadaithanh.vn\/wp-content\/uploads\/2025\/04\/50-NAM-D.jpg","type":"image\/jpeg"}],"twitter_card":"summary_large_image","twitter_misc":{"Est. reading time":"3 minutes"},"schema":{"@context":"https:\/\/schema.org","@graph":[{"@type":"WebPage","@id":"https:\/\/shop.tanadaithanh.vn\/en\/san-pham\/bon-tu-hoai-thong-minh-dai-thanh-1500se-2\/","url":"https:\/\/shop.tanadaithanh.vn\/en\/san-pham\/bon-tu-hoai-thong-minh-dai-thanh-1500se-2\/","name":"B\u1ed3n t\u1ef1 ho\u1ea1i \u0110\u1ea1i Th\u00e0nh \u2013 1500\u0110 - T\u00e2n \u00c1 \u0110\u1ea1i Th\u00e0nh eShop","isPartOf":{"@id":"https:\/\/shop.tanadaithanh.vn\/en\/#website"},"primaryImageOfPage":{"@id":"https:\/\/shop.tanadaithanh.vn\/en\/san-pham\/bon-tu-hoai-thong-minh-dai-thanh-1500se-2\/#primaryimage"},"image":{"@id":"https:\/\/shop.tanadaithanh.vn\/en\/san-pham\/bon-tu-hoai-thong-minh-dai-thanh-1500se-2\/#primaryimage"},"thumbnailUrl":"https:\/\/shop.tanadaithanh.vn\/wp-content\/uploads\/2025\/04\/50-NAM-D.jpg","datePublished":"2025-04-03T03:38:07+00:00","dateModified":"2026-02-02T08:08:42+00:00","breadcrumb":{"@id":"https:\/\/shop.tanadaithanh.vn\/en\/san-pham\/bon-tu-hoai-thong-minh-dai-thanh-1500se-2\/#breadcrumb"},"inLanguage":"en-US","potentialAction":[{"@type":"ReadAction","target":["https:\/\/shop.tanadaithanh.vn\/en\/san-pham\/bon-tu-hoai-thong-minh-dai-thanh-1500se-2\/"]}]},{"@type":"ImageObject","inLanguage":"en-US","@id":"https:\/\/shop.tanadaithanh.vn\/en\/san-pham\/bon-tu-hoai-thong-minh-dai-thanh-1500se-2\/#primaryimage","url":"https:\/\/shop.tanadaithanh.vn\/wp-content\/uploads\/2025\/04\/50-NAM-D.jpg","contentUrl":"https:\/\/shop.tanadaithanh.vn\/wp-content\/uploads\/2025\/04\/50-NAM-D.jpg","width":1000,"height":1000},{"@type":"BreadcrumbList","@id":"https:\/\/shop.tanadaithanh.vn\/en\/san-pham\/bon-tu-hoai-thong-minh-dai-thanh-1500se-2\/#breadcrumb","itemListElement":[{"@type":"ListItem","position":1,"name":"Trang ch\u1ee7","item":"https:\/\/shop.tanadaithanh.vn\/en\/"},{"@type":"ListItem","position":2,"name":"Shop","item":"https:\/\/shop.tanadaithanh.vn\/cua-hang\/"},{"@type":"ListItem","position":3,"name":"B\u1ed3n t\u1ef1 ho\u1ea1i \u0110\u1ea1i Th\u00e0nh \u2013 1500\u0110"}]},{"@type":"WebSite","@id":"https:\/\/shop.tanadaithanh.vn\/en\/#website","url":"https:\/\/shop.tanadaithanh.vn\/en\/","name":"T\u00e2n \u00c1 \u0110\u1ea1i Th\u00e0nh eShop - Trang website b\u00e1n h\u00e0ng ch\u00ednh th\u1ee9c T\u1eadp \u0111o\u00e0n T\u00e2n \u00c1 \u0110\u1ea1i Th\u00e0nh","description":"Website b\u00e1n h\u00e0ng tr\u1ef1c tuy\u1ebfn v\u1eadn h\u00e0nh b\u1edfi ch\u00ednh T\u00e2n \u00c1 \u0110\u1ea1i Th\u00e0nh","publisher":{"@id":"https:\/\/shop.tanadaithanh.vn\/en\/#organization"},"potentialAction":[{"@type":"SearchAction","target":{"@type":"EntryPoint","urlTemplate":"https:\/\/shop.tanadaithanh.vn\/en\/?s={search_term_string}"},"query-input":{"@type":"PropertyValueSpecification","valueRequired":true,"valueName":"search_term_string"}}],"inLanguage":"en-US"},{"@type":"Organization","@id":"https:\/\/shop.tanadaithanh.vn\/en\/#organization","name":"T\u00e2n \u00c1 \u0110\u1ea1i Th\u00e0nh eShop - Trang website b\u00e1n h\u00e0ng ch\u00ednh th\u1ee9c T\u1eadp \u0111o\u00e0n T\u00e2n \u00c1 \u0110\u1ea1i Th\u00e0nh","url":"https:\/\/shop.tanadaithanh.vn\/en\/","logo":{"@type":"ImageObject","inLanguage":"en-US","@id":"https:\/\/shop.tanadaithanh.vn\/en\/#\/schema\/logo\/image\/","url":"https:\/\/shop.tanadaithanh.vn\/wp-content\/uploads\/2025\/06\/Logo-2.png","contentUrl":"https:\/\/shop.tanadaithanh.vn\/wp-content\/uploads\/2025\/06\/Logo-2.png","width":2000,"height":2000,"caption":"T\u00e2n \u00c1 \u0110\u1ea1i Th\u00e0nh eShop - Trang website b\u00e1n h\u00e0ng ch\u00ednh th\u1ee9c T\u1eadp \u0111o\u00e0n T\u00e2n \u00c1 \u0110\u1ea1i Th\u00e0nh"},"image":{"@id":"https:\/\/shop.tanadaithanh.vn\/en\/#\/schema\/logo\/image\/"},"sameAs":["https:\/\/www.facebook.com\/profile.php?id=61567171139919","https:\/\/zalo.me\/3915163699004948284"]}]}},"_links":{"self":[{"href":"https:\/\/shop.tanadaithanh.vn\/en\/wp-json\/wp\/v2\/product\/16866","targetHints":{"allow":["GET"]}}],"collection":[{"href":"https:\/\/shop.tanadaithanh.vn\/en\/wp-json\/wp\/v2\/product"}],"about":[{"href":"https:\/\/shop.tanadaithanh.vn\/en\/wp-json\/wp\/v2\/types\/product"}],"replies":[{"embeddable":true,"href":"https:\/\/shop.tanadaithanh.vn\/en\/wp-json\/wp\/v2\/comments?post=16866"}],"version-history":[{"count":6,"href":"https:\/\/shop.tanadaithanh.vn\/en\/wp-json\/wp\/v2\/product\/16866\/revisions"}],"predecessor-version":[{"id":31121,"href":"https:\/\/shop.tanadaithanh.vn\/en\/wp-json\/wp\/v2\/product\/16866\/revisions\/31121"}],"wp:featuredmedia":[{"embeddable":true,"href":"https:\/\/shop.tanadaithanh.vn\/en\/wp-json\/wp\/v2\/media\/28022"}],"wp:attachment":[{"href":"https:\/\/shop.tanadaithanh.vn\/en\/wp-json\/wp\/v2\/media?parent=16866"}],"wp:term":[{"taxonomy":"region","embeddable":true,"href":"https:\/\/shop.tanadaithanh.vn\/en\/wp-json\/wp\/v2\/region?post=16866"},{"taxonomy":"product_brand","embeddable":true,"href":"https:\/\/shop.tanadaithanh.vn\/en\/wp-json\/wp\/v2\/product_brand?post=16866"},{"taxonomy":"product_cat","embeddable":true,"href":"https:\/\/shop.tanadaithanh.vn\/en\/wp-json\/wp\/v2\/product_cat?post=16866"},{"taxonomy":"product_tag","embeddable":true,"href":"https:\/\/shop.tanadaithanh.vn\/en\/wp-json\/wp\/v2\/product_tag?post=16866"}],"curies":[{"name":"wp","href":"https:\/\/api.w.org\/{rel}","templated":true}]}}