{"id":16792,"date":"2025-04-03T10:37:44","date_gmt":"2025-04-03T03:37:44","guid":{"rendered":"https:\/\/shop.tanadaithanh.vn\/product\/bon-nuoc-inox-tan-a-1500n-o1140\/"},"modified":"2025-12-31T15:41:00","modified_gmt":"2025-12-31T08:41:00","slug":"bon-nuoc-inox-tan-a-1500n-o1140","status":"publish","type":"product","link":"https:\/\/shop.tanadaithanh.vn\/en\/san-pham\/bon-nuoc-inox-tan-a-1500n-o1140\/","title":{"rendered":"B\u1ed3n inox T\u00e2n \u00c1 \u2013 1500N (\u00d81140)"},"content":{"rendered":"<p>B\u1ed3n inox T\u00e2n \u00c1 thu\u1ed9c th\u01b0\u01a1ng hi\u1ec7u T\u00e2n \u00c1 \u0110\u1ea1i Th\u00e0nh \u2013 d\u1eabn \u0111\u1ea7u th\u1ecb tr\u01b0\u1eddng b\u1ed3n ch\u1ee9a Vi\u1ec7t Nam, \u0111\u01b0\u1ee3c thi\u1ebft k\u1ebf \u0111\u1ec3 \u0111\u00e1p \u1ee9ng nhu c\u1ea7u tr\u1eef n\u01b0\u1edbc sinh ho\u1ea1t cho gia \u0111\u00ecnh. S\u1ea3n ph\u1ea9m n\u1ed5i b\u1eadt nh\u1edd:<\/p>\n<p><img fetchpriority=\"high\" decoding=\"async\" class=\"wp-image-23826 aligncenter\" src=\"https:\/\/shop.tanadaithanh.vn\/wp-content\/uploads\/2025\/04\/Artboard-5-300x200.jpg\" alt=\"\" width=\"568\" height=\"378\" srcset=\"https:\/\/shop.tanadaithanh.vn\/wp-content\/uploads\/2025\/04\/Artboard-5-300x200.jpg 300w, https:\/\/shop.tanadaithanh.vn\/wp-content\/uploads\/2025\/04\/Artboard-5-1024x683.jpg 1024w, https:\/\/shop.tanadaithanh.vn\/wp-content\/uploads\/2025\/04\/Artboard-5-768x512.jpg 768w, https:\/\/shop.tanadaithanh.vn\/wp-content\/uploads\/2025\/04\/Artboard-5-1536x1024.jpg 1536w, https:\/\/shop.tanadaithanh.vn\/wp-content\/uploads\/2025\/04\/Artboard-5-1200x800.jpg 1200w, https:\/\/shop.tanadaithanh.vn\/wp-content\/uploads\/2025\/04\/Artboard-5-150x100.jpg 150w, https:\/\/shop.tanadaithanh.vn\/wp-content\/uploads\/2025\/04\/Artboard-5.jpg 1800w\" sizes=\"(max-width: 568px) 100vw, 568px\" \/><\/p>\n<p><strong>1. Ch\u1ea5t li\u1ec7u: ch\u1ebf t\u1ea1o t\u1eeb Inox SUS 304 cao c\u1ea5p, kh\u00f4ng g\u1ec9, b\u1ec1n b\u1ec9 theo th\u1eddi gian<\/strong><\/p>\n<p><strong>B\u1ed3n n\u01b0\u1edbc inox T\u00e2n \u00c1<\/strong>\u00a0\u0111\u01b0\u1ee3c ch\u1ebf t\u1ea1o t\u1eeb\u00a0<strong>th\u00e9p kh\u00f4ng g\u1ec9 SUS 304<\/strong>\u00a0\u2013 lo\u1ea1i v\u1eadt li\u1ec7u cao c\u1ea5p nh\u1ea5t trong d\u00f2ng inox d\u00e2n d\u1ee5ng, n\u1ed5i ti\u1ebfng v\u1edbi \u0111\u1eb7c t\u00ednh ch\u1ed1ng oxy h\u00f3a v\u00e0 \u0103n m\u00f2n v\u01b0\u1ee3t tr\u1ed9i. \u0110\u00e2y l\u00e0 v\u1eadt li\u1ec7u th\u01b0\u1eddng \u0111\u01b0\u1ee3c s\u1eed d\u1ee5ng trong ng\u00e0nh y t\u1ebf v\u00e0 th\u1ef1c ph\u1ea9m nh\u1edd t\u00ednh an to\u00e0n v\u00e0 kh\u1ea3 n\u0103ng ch\u1ecbu m\u00f4i tr\u01b0\u1eddng kh\u1eafc nghi\u1ec7t.<\/p>\n<p>\u2013 Kh\u00f4ng han g\u1ec9, kh\u00f4ng nhi\u1ec5m t\u1eeb \u2013 ph\u00f9 h\u1ee3p v\u1edbi m\u1ecdi v\u00f9ng n\u01b0\u1edbc, k\u1ec3 c\u1ea3 n\u01b0\u1edbc nhi\u1ec5m ph\u00e8n nh\u1eb9.<br \/>\n\u2013 Ch\u1ecbu nhi\u1ec7t, ch\u1ecbu l\u1ef1c t\u1ed1t, gi\u00fap b\u1ed3n kh\u00f4ng b\u1ecb bi\u1ebfn d\u1ea1ng d\u01b0\u1edbi \u00e1nh n\u1eafng ho\u1eb7c \u00e1p l\u1ef1c n\u01b0\u1edbc.<br \/>\n\u2013 B\u1ec1 m\u1eb7t s\u00e1ng b\u00f3ng, d\u1ec5 v\u1ec7 sinh, h\u1ea1n ch\u1ebf b\u00e1m c\u1eb7n v\u00e0 vi khu\u1ea9n sinh s\u00f4i trong qu\u00e1 tr\u00ecnh s\u1eed d\u1ee5ng l\u00e2u d\u00e0i.<\/p>\n<p>S\u1eed d\u1ee5ng inox SUS 304 gi\u00fap \u0111\u1ea3m b\u1ea3o ngu\u1ed3n n\u01b0\u1edbc lu\u00f4n tinh khi\u1ebft, an to\u00e0n cho sinh ho\u1ea1t v\u00e0 g\u00f3p ph\u1ea7n k\u00e9o d\u00e0i tu\u1ed5i th\u1ecd s\u1ea3n ph\u1ea9m l\u00ean \u0111\u1ebfn h\u00e0ng ch\u1ee5c n\u0103m.<\/p>\n<p><img decoding=\"async\" class=\"wp-image-23820 aligncenter\" src=\"https:\/\/shop.tanadaithanh.vn\/wp-content\/uploads\/2025\/04\/Artboard-3-300x300.jpg\" alt=\"\" width=\"505\" height=\"505\" srcset=\"https:\/\/shop.tanadaithanh.vn\/wp-content\/uploads\/2025\/04\/Artboard-3-300x300.jpg 300w, https:\/\/shop.tanadaithanh.vn\/wp-content\/uploads\/2025\/04\/Artboard-3-1024x1024.jpg 1024w, https:\/\/shop.tanadaithanh.vn\/wp-content\/uploads\/2025\/04\/Artboard-3-150x150.jpg 150w, https:\/\/shop.tanadaithanh.vn\/wp-content\/uploads\/2025\/04\/Artboard-3-768x768.jpg 768w, https:\/\/shop.tanadaithanh.vn\/wp-content\/uploads\/2025\/04\/Artboard-3-600x600.jpg 600w, https:\/\/shop.tanadaithanh.vn\/wp-content\/uploads\/2025\/04\/Artboard-3.jpg 1200w\" sizes=\"(max-width: 505px) 100vw, 505px\" \/><\/p>\n<p><strong>2. C\u00f4ng ngh\u1ec7 hi\u1ec7n \u0111\u1ea1i: \u1ee9ng d\u1ee5ng h\u00e0n l\u0103n t\u1ef1 \u0111\u1ed9ng, t\u1ea1o m\u1ed1i h\u00e0n ch\u1eafc ch\u1eafn, th\u1ea9m m\u1ef9 cao<\/strong><\/p>\n<p>To\u00e0n b\u1ed9 c\u00e1c m\u1ed1i gh\u00e9p tr\u00ean th\u00e2n b\u1ed3n T\u00e2n \u00c1 \u0111\u1ec1u \u0111\u01b0\u1ee3c th\u1ef1c hi\u1ec7n b\u1eb1ng c\u00f4ng ngh\u1ec7 h\u00e0n l\u0103n t\u1ef1 \u0111\u1ed9ng hi\u1ec7n \u0111\u1ea1i, thay th\u1ebf ph\u01b0\u01a1ng ph\u00e1p h\u00e0n th\u1ee7 c\u00f4ng truy\u1ec1n th\u1ed1ng.<\/p>\n<p>\u2013 \u0110\u1ed9 ch\u00ednh x\u00e1c cao: m\u1ed1i h\u00e0n \u0111\u1ec1u, \u0103n s\u00e2u v\u00e0o v\u1eadt li\u1ec7u, t\u0103ng \u0111\u1ed9 b\u1ec1n v\u00e0 kh\u1ea3 n\u0103ng ch\u1ed1ng r\u00f2 r\u1ec9.<br \/>\n\u2013 \u0110\u1ea3m b\u1ea3o th\u1ea9m m\u1ef9: m\u1ed1i h\u00e0n m\u1ecbn, li\u1ec1n m\u1ea1ch, kh\u00f4ng c\u00f3 v\u1ebft s\u1ea7n hay g\u1ee3n s\u00f3ng g\u00e2y m\u1ea5t m\u1ef9 quan.<br \/>\n\u2013 T\u1ef1 \u0111\u1ed9ng h\u00f3a 100%, lo\u1ea1i b\u1ecf r\u1ee7i ro l\u1ed7i k\u1ef9 thu\u1eadt do thao t\u00e1c th\u1ee7 c\u00f4ng, \u0111\u1ea3m b\u1ea3o ch\u1ea5t l\u01b0\u1ee3ng \u0111\u1ed3ng \u0111\u1ec1u tr\u00ean m\u1ecdi s\u1ea3n ph\u1ea9m.<\/p>\n<p>Nh\u1edd c\u00f4ng ngh\u1ec7 h\u00e0n l\u0103n, s\u1ea3n ph\u1ea9m b\u1ed3n T\u00e2n \u00c1 v\u1eeba \u0111\u1ea1t ti\u00eau chu\u1ea9n ch\u1ea5t l\u01b0\u1ee3ng k\u1ef9 thu\u1eadt, v\u1eeba mang l\u1ea1i tr\u1ea3i nghi\u1ec7m s\u1eed d\u1ee5ng an t\u00e2m v\u00e0 ti\u1ec7n l\u1ee3i.<\/p>\n<p><img decoding=\"async\" class=\"wp-image-23818 aligncenter\" src=\"https:\/\/shop.tanadaithanh.vn\/wp-content\/uploads\/2025\/04\/Artboard-2-300x300.jpg\" alt=\"\" width=\"481\" height=\"481\" srcset=\"https:\/\/shop.tanadaithanh.vn\/wp-content\/uploads\/2025\/04\/Artboard-2-300x300.jpg 300w, https:\/\/shop.tanadaithanh.vn\/wp-content\/uploads\/2025\/04\/Artboard-2-1024x1024.jpg 1024w, https:\/\/shop.tanadaithanh.vn\/wp-content\/uploads\/2025\/04\/Artboard-2-150x150.jpg 150w, https:\/\/shop.tanadaithanh.vn\/wp-content\/uploads\/2025\/04\/Artboard-2-768x768.jpg 768w, https:\/\/shop.tanadaithanh.vn\/wp-content\/uploads\/2025\/04\/Artboard-2-600x600.jpg 600w, https:\/\/shop.tanadaithanh.vn\/wp-content\/uploads\/2025\/04\/Artboard-2.jpg 1200w\" sizes=\"(max-width: 481px) 100vw, 481px\" \/><\/p>\n<p><strong>3. K\u1ebft c\u1ea5u gia c\u01b0\u1eddng: \u0111a g\u00e2n theo c\u00f4ng ngh\u1ec7 Nh\u1eadt B\u1ea3n gi\u00fap th\u00e2n b\u1ed3n v\u1eefng ch\u1eafc, ch\u1ecbu \u00e1p l\u1ef1c t\u1ed1t<\/strong><\/p>\n<p>Th\u00e2n b\u1ed3n T\u00e2n \u00c1 \u0111\u01b0\u1ee3c thi\u1ebft k\u1ebf v\u1edbi k\u1ebft c\u1ea5u \u0111a g\u00e2n d\u1eadp n\u1ed5i, m\u00f4 ph\u1ecfng theo c\u00f4ng ngh\u1ec7 gia c\u01b0\u1eddng c\u1ee7a Nh\u1eadt B\u1ea3n, nh\u1eb1m t\u0103ng c\u01b0\u1eddng \u0111\u1ed9 c\u1ee9ng v\u00e0 kh\u1ea3 n\u0103ng ch\u1ed1ng ch\u1ecbu ngo\u1ea1i l\u1ef1c.<\/p>\n<p>\u2013 G\u00e2n t\u0103ng c\u1ee9ng \u0111\u1ec1u quanh th\u00e2n b\u1ed3n, gi\u00fap ph\u00e2n t\u00e1n l\u1ef1c \u0111\u1ed3ng \u0111\u1ec1u, ng\u0103n bi\u1ebfn d\u1ea1ng do \u00e1p l\u1ef1c n\u01b0\u1edbc ho\u1eb7c va \u0111\u1eadp trong qu\u00e1 tr\u00ecnh v\u1eadn chuy\u1ec3n.<br \/>\n\u2013 H\u1ea1n ch\u1ebf t\u1ed1i \u0111a t\u00ecnh tr\u1ea1ng m\u00f3p m\u00e9o, x\u00f4 l\u1ec7ch, gi\u1eef d\u00e1ng b\u1ed3n \u1ed5n \u0111\u1ecbnh sau th\u1eddi gian d\u00e0i s\u1eed d\u1ee5ng.<br \/>\n\u2013 T\u0103ng \u0111\u1ed9 b\u00e1m khi l\u1eafp \u0111\u1eb7t tr\u00ean khung \u0111\u1ee1 ho\u1eb7c n\u1ec1n b\u00ea t\u00f4ng, tr\u00e1nh tr\u01b0\u1ee3t ho\u1eb7c x\u00ea d\u1ecbch khi c\u00f3 rung l\u1eafc.<\/p>\n<p>Thi\u1ebft k\u1ebf g\u00e2n gia c\u01b0\u1eddng kh\u00f4ng ch\u1ec9 t\u0103ng \u0111\u1ed9 b\u1ec1n m\u00e0 c\u00f2n l\u00e0 d\u1ea5u hi\u1ec7u nh\u1eadn bi\u1ebft \u0111\u1eb7c tr\u01b0ng c\u1ee7a b\u1ed3n inox T\u00e2n \u00c1 \u2013 bi\u1ec3u t\u01b0\u1ee3ng cho ch\u1ea5t l\u01b0\u1ee3ng v\u01b0\u1ee3t tr\u1ed9i v\u00e0 uy t\u00edn th\u01b0\u01a1ng hi\u1ec7u l\u00e2u n\u0103m tr\u00ean th\u1ecb tr\u01b0\u1eddng.<\/p>\n<p><strong>K\u00edch th\u01b0\u1edbc b\u1ed3n inox T\u00e2n \u00c1<\/strong><\/p>\n<p>&nbsp;<\/p>\n<p><img loading=\"lazy\" decoding=\"async\" class=\"wp-image-23632 aligncenter\" src=\"https:\/\/shop.tanadaithanh.vn\/wp-content\/uploads\/2025\/04\/Artboard-1-copy-3-300x300.jpg\" sizes=\"(max-width: 608px) 100vw, 608px\" srcset=\"https:\/\/shop.tanadaithanh.vn\/wp-content\/uploads\/2025\/04\/Artboard-1-copy-3-300x300.jpg 300w, https:\/\/shop.tanadaithanh.vn\/wp-content\/uploads\/2025\/04\/Artboard-1-copy-3-1024x1024.jpg 1024w, https:\/\/shop.tanadaithanh.vn\/wp-content\/uploads\/2025\/04\/Artboard-1-copy-3-150x150.jpg 150w, https:\/\/shop.tanadaithanh.vn\/wp-content\/uploads\/2025\/04\/Artboard-1-copy-3-768x768.jpg 768w, https:\/\/shop.tanadaithanh.vn\/wp-content\/uploads\/2025\/04\/Artboard-1-copy-3-600x600.jpg 600w, https:\/\/shop.tanadaithanh.vn\/wp-content\/uploads\/2025\/04\/Artboard-1-copy-3.jpg 1200w\" alt=\"\" width=\"608\" height=\"608\" \/><\/p>\n<p><strong>4. L\u1ee3i \u00edch khi s\u1eed d\u1ee5ng B\u1ed3n inox T\u00e2n \u00c1<\/strong><\/p>\n<ul>\n<li>\u0110\u1ea3m b\u1ea3o ngu\u1ed3n n\u01b0\u1edbc s\u1ea1ch \u2013 an to\u00e0n tuy\u1ec7t \u0111\u1ed1i<\/li>\n<li>\u0110\u1ed9 b\u1ec1n v\u01b0\u1ee3t tr\u1ed9i \u2013 ti\u1ebft ki\u1ec7m chi ph\u00ed l\u00e2u d\u00e0i<\/li>\n<li>Ch\u1ed1ng r\u00f2 r\u1ec9 \u2013 an to\u00e0n tuy\u1ec7t \u0111\u1ed1i khi s\u1eed d\u1ee5ng<\/li>\n<li>Thi\u1ebft k\u1ebf th\u00f4ng minh \u2013 d\u1ec5 l\u1eafp \u0111\u1eb7t, d\u1ec5 v\u1ec7 sinh<\/li>\n<li>Th\u00edch h\u1ee3p cho m\u1ecdi quy m\u00f4 gia \u0111\u00ecnh ho\u1eb7c c\u00f4ng tr\u00ecnh \u0111a d\u1ea1ng dung t\u00edch t\u1eeb 300L \u0111\u1ebfn h\u01a1n 5000L, ki\u1ec3u d\u00e1ng \u0111\u1ee9ng v\u00e0 ngang \u2013 \u0111\u00e1p \u1ee9ng linh ho\u1ea1t t\u1eeb nhu c\u1ea7u h\u1ed9 gia \u0111\u00ecnh nh\u1ecf \u0111\u1ebfn c\u00f4ng tr\u00ecnh l\u1edbn, nh\u00e0 tr\u1ecd, khu c\u00f4ng nghi\u1ec7p\u2026<\/li>\n<li>B\u1ea3o h\u00e0nh ch\u00ednh h\u00e3ng l\u00ean t\u1edbi 12 n\u0103m<\/li>\n<\/ul>\n<p>S\u1ea3n ph\u1ea9m \u0111\u01b0\u1ee3c b\u1ea3o h\u00e0nh ch\u00ednh h\u00e3ng t\u1eeb T\u00e2n \u00c1 \u0110\u1ea1i Th\u00e0nh \u2013 th\u01b0\u01a1ng hi\u1ec7u qu\u1ed1c d\u00e2n v\u1edbi h\u01a1n 30 n\u0103m uy t\u00edn. Ng\u01b0\u1eddi d\u00f9ng ho\u00e0n to\u00e0n y\u00ean t\u00e2m v\u1ec1 ch\u1ea5t l\u01b0\u1ee3ng, h\u1eadu m\u00e3i v\u00e0 ch\u00ednh s\u00e1ch h\u1ed7 tr\u1ee3 k\u1ef9 thu\u1eadt l\u00e2u d\u00e0i.<\/p>\n<p><strong>5. H\u00ecnh \u1ea3nh th\u1eadt s\u1ea3n ph\u1ea9m<\/strong><\/p>\n<p>&nbsp;<\/p>\n<p><strong>6. Mua B\u1ed3n inox T\u00e2n \u00c1 ch\u00ednh h\u00e3ng \u1edf \u0111\u00e2u?<\/strong><br \/>\n\u0110\u1ec3 \u0111\u1ea3m b\u1ea3o ch\u1ea5t l\u01b0\u1ee3ng, quy\u1ec1n l\u1ee3i b\u1ea3o h\u00e0nh v\u00e0 h\u1ed7 tr\u1ee3 k\u1ef9 thu\u1eadt, ng\u01b0\u1eddi d\u00f9ng n\u00ean mua tr\u1ef1c ti\u1ebfp t\u1ea1i:<br \/>\n<strong>Website ch\u00ednh h\u00e3ng: shop.tanadaithanh.vn<\/strong><br \/>\n<strong>\u01afu \u0111\u00e3i khi mua t\u1ea1i shop.tanadaithanh.vn:<\/strong><\/p>\n<p><strong>\u2013 Mi\u1ec5n ph\u00ed v\u1eadn chuy\u1ec3n<\/strong><br \/>\n<strong>\u2013 Thanh to\u00e1n linh ho\u1ea1t, h\u1ed7 tr\u1ee3 tr\u1ea3 ch\u1eadm 0% cho s\u1ea3n ph\u1ea9m t\u1eeb 3 Tri\u1ec7u<\/strong><br \/>\n<strong>\u2013 B\u1ea3o h\u00e0nh \u0111i\u1ec7n t\u1eed 5 n\u0103m ch\u00ednh h\u00e3ng<\/strong><br \/>\n<strong>\u2013 T\u01b0 v\u1ea5n k\u1ef9 thu\u1eadt tr\u1ef1c ti\u1ebfp t\u1eeb \u0111\u1ed9i ng\u0169 chuy\u00ean m\u00f4n<\/strong><\/p>\n<p>Li\u00ean h\u1ec7 ngay qua hotline\u00a0<strong>0986 86 86 85<\/strong>\u00a0\u0111\u1ec3 \u0111\u01b0\u1ee3c t\u01b0 v\u1ea5n, h\u1ed7 tr\u1ee3 nhanh nh\u1ea5t !<\/p>\n<p>&nbsp;<\/p>\n<p><strong>H\u01b0\u1edbng d\u1eabn l\u1eafp \u0111\u1eb7t, s\u1eed d\u1ee5ng<\/strong><\/p>\n<div class=\"wpb_video_widget wpb_content_element vc_clearfix vc_video-aspect-ratio-169 vc_video-el-width-70 vc_video-align-left\">\n<div class=\"wpb_wrapper\">\n<p><iframe title=\"H\u01b0\u1edbng d\u1eabn l\u1eafp \u0111\u1eb7t b\u1ed3n Inox T\u00e2n \u00c1 \u0110\u1ea1i Th\u00e0nh\" width=\"500\" height=\"281\" src=\"https:\/\/www.youtube.com\/embed\/6fgjnFzcGbs?feature=oembed\" frameborder=\"0\" allow=\"accelerometer; autoplay; clipboard-write; encrypted-media; gyroscope; picture-in-picture; web-share\" referrerpolicy=\"strict-origin-when-cross-origin\" allowfullscreen><\/iframe><\/p>\n<\/div>\n<\/div>\n","protected":false},"excerpt":{"rendered":"<p>V\u1eadt li\u1ec7u Inox SUS 304 si\u00eau b\u1ec1n<\/p>\n<p>\u1ee8ng d\u1ee5ng c\u00f4ng ngh\u1ec7 h\u00e0n l\u0103n t\u1ef1 \u0111\u1ed9ng<\/p>\n<p>K\u1ebft c\u1ea5u \u0111a g\u00e2n th\u01b0\u1eddng b\u1edfi c\u00f4ng ngh\u1ec7 Nh\u1eadt B\u1ea3n gi\u00fap b\u1ed3n v\u1eefng ch\u1eafc, an to\u00e0n<\/p>\n","protected":false},"featured_media":28733,"comment_status":"open","ping_status":"closed","template":"","meta":[],"region":[259],"product_brand":[],"product_cat":[312,296,295,182],"product_tag":[],"class_list":{"0":"post-16792","1":"product","2":"type-product","3":"status-publish","4":"has-post-thumbnail","6":"region-mien-bac","7":"product_cat-bon-inox-1500l","8":"product_cat-bon-inox-ngang","9":"product_cat-bon-inox-tan-a","10":"product_cat-bon-nuoc-inox","11":"pa_kich-thuoc-dai-x-rong-x-cao-1550-x-1210-x-1355","13":"first","14":"instock","15":"sale","16":"shipping-taxable","17":"purchasable","18":"product-type-simple"},"yoast_head":"<!-- This site is optimized with the Yoast SEO plugin v24.6 - https:\/\/yoast.com\/wordpress\/plugins\/seo\/ -->\n<title>B\u1ed3n inox T\u00e2n \u00c1 \u2013 1500N (\u00d81140) - T\u00e2n \u00c1 \u0110\u1ea1i Th\u00e0nh eShop<\/title>\n<meta name=\"robots\" content=\"index, follow, max-snippet:-1, max-image-preview:large, max-video-preview:-1\" \/>\n<link rel=\"canonical\" href=\"https:\/\/shop.tanadaithanh.vn\/en\/san-pham\/bon-nuoc-inox-tan-a-1500n-o1140\/\" \/>\n<meta property=\"og:locale\" content=\"en_US\" \/>\n<meta property=\"og:type\" content=\"article\" \/>\n<meta property=\"og:title\" content=\"B\u1ed3n inox T\u00e2n \u00c1 \u2013 1500N (\u00d81140) - T\u00e2n \u00c1 \u0110\u1ea1i Th\u00e0nh eShop\" \/>\n<meta property=\"og:description\" content=\"V\u1eadt li\u1ec7u Inox SUS 304 si\u00eau b\u1ec1n  \u1ee8ng d\u1ee5ng c\u00f4ng ngh\u1ec7 h\u00e0n l\u0103n t\u1ef1 \u0111\u1ed9ng  K\u1ebft c\u1ea5u \u0111a g\u00e2n th\u01b0\u1eddng b\u1edfi c\u00f4ng ngh\u1ec7 Nh\u1eadt B\u1ea3n gi\u00fap b\u1ed3n v\u1eefng ch\u1eafc, an to\u00e0n\" \/>\n<meta property=\"og:url\" content=\"https:\/\/shop.tanadaithanh.vn\/en\/san-pham\/bon-nuoc-inox-tan-a-1500n-o1140\/\" \/>\n<meta property=\"og:site_name\" content=\"T\u00e2n \u00c1 \u0110\u1ea1i Th\u00e0nh eShop\" \/>\n<meta property=\"article:publisher\" content=\"https:\/\/www.facebook.com\/profile.php?id=61567171139919\" \/>\n<meta property=\"article:modified_time\" content=\"2025-12-31T08:41:00+00:00\" \/>\n<meta property=\"og:image\" content=\"https:\/\/shop.tanadaithanh.vn\/wp-content\/uploads\/2025\/08\/35.jpg\" \/>\n\t<meta property=\"og:image:width\" content=\"1200\" \/>\n\t<meta property=\"og:image:height\" content=\"1200\" \/>\n\t<meta property=\"og:image:type\" content=\"image\/jpeg\" \/>\n<meta name=\"twitter:card\" content=\"summary_large_image\" \/>\n<meta name=\"twitter:label1\" content=\"Est. reading time\" \/>\n\t<meta name=\"twitter:data1\" content=\"6 minutes\" \/>\n<script type=\"application\/ld+json\" class=\"yoast-schema-graph\">{\"@context\":\"https:\/\/schema.org\",\"@graph\":[{\"@type\":\"WebPage\",\"@id\":\"https:\/\/shop.tanadaithanh.vn\/en\/san-pham\/bon-nuoc-inox-tan-a-1500n-o1140\/\",\"url\":\"https:\/\/shop.tanadaithanh.vn\/en\/san-pham\/bon-nuoc-inox-tan-a-1500n-o1140\/\",\"name\":\"B\u1ed3n inox T\u00e2n \u00c1 \u2013 1500N (\u00d81140) - T\u00e2n \u00c1 \u0110\u1ea1i Th\u00e0nh eShop\",\"isPartOf\":{\"@id\":\"https:\/\/shop.tanadaithanh.vn\/en\/#website\"},\"primaryImageOfPage\":{\"@id\":\"https:\/\/shop.tanadaithanh.vn\/en\/san-pham\/bon-nuoc-inox-tan-a-1500n-o1140\/#primaryimage\"},\"image\":{\"@id\":\"https:\/\/shop.tanadaithanh.vn\/en\/san-pham\/bon-nuoc-inox-tan-a-1500n-o1140\/#primaryimage\"},\"thumbnailUrl\":\"https:\/\/shop.tanadaithanh.vn\/wp-content\/uploads\/2025\/08\/35.jpg\",\"datePublished\":\"2025-04-03T03:37:44+00:00\",\"dateModified\":\"2025-12-31T08:41:00+00:00\",\"breadcrumb\":{\"@id\":\"https:\/\/shop.tanadaithanh.vn\/en\/san-pham\/bon-nuoc-inox-tan-a-1500n-o1140\/#breadcrumb\"},\"inLanguage\":\"en-US\",\"potentialAction\":[{\"@type\":\"ReadAction\",\"target\":[\"https:\/\/shop.tanadaithanh.vn\/en\/san-pham\/bon-nuoc-inox-tan-a-1500n-o1140\/\"]}]},{\"@type\":\"ImageObject\",\"inLanguage\":\"en-US\",\"@id\":\"https:\/\/shop.tanadaithanh.vn\/en\/san-pham\/bon-nuoc-inox-tan-a-1500n-o1140\/#primaryimage\",\"url\":\"https:\/\/shop.tanadaithanh.vn\/wp-content\/uploads\/2025\/08\/35.jpg\",\"contentUrl\":\"https:\/\/shop.tanadaithanh.vn\/wp-content\/uploads\/2025\/08\/35.jpg\",\"width\":1200,\"height\":1200},{\"@type\":\"BreadcrumbList\",\"@id\":\"https:\/\/shop.tanadaithanh.vn\/en\/san-pham\/bon-nuoc-inox-tan-a-1500n-o1140\/#breadcrumb\",\"itemListElement\":[{\"@type\":\"ListItem\",\"position\":1,\"name\":\"Trang ch\u1ee7\",\"item\":\"https:\/\/shop.tanadaithanh.vn\/en\/\"},{\"@type\":\"ListItem\",\"position\":2,\"name\":\"Shop\",\"item\":\"https:\/\/shop.tanadaithanh.vn\/cua-hang\/\"},{\"@type\":\"ListItem\",\"position\":3,\"name\":\"B\u1ed3n inox T\u00e2n \u00c1 \u2013 1500N (\u00d81140)\"}]},{\"@type\":\"WebSite\",\"@id\":\"https:\/\/shop.tanadaithanh.vn\/en\/#website\",\"url\":\"https:\/\/shop.tanadaithanh.vn\/en\/\",\"name\":\"T\u00e2n \u00c1 \u0110\u1ea1i Th\u00e0nh eShop - Trang website b\u00e1n h\u00e0ng ch\u00ednh th\u1ee9c T\u1eadp \u0111o\u00e0n T\u00e2n \u00c1 \u0110\u1ea1i Th\u00e0nh\",\"description\":\"Website b\u00e1n h\u00e0ng tr\u1ef1c tuy\u1ebfn v\u1eadn h\u00e0nh b\u1edfi ch\u00ednh T\u00e2n \u00c1 \u0110\u1ea1i Th\u00e0nh\",\"publisher\":{\"@id\":\"https:\/\/shop.tanadaithanh.vn\/en\/#organization\"},\"potentialAction\":[{\"@type\":\"SearchAction\",\"target\":{\"@type\":\"EntryPoint\",\"urlTemplate\":\"https:\/\/shop.tanadaithanh.vn\/en\/?s={search_term_string}\"},\"query-input\":{\"@type\":\"PropertyValueSpecification\",\"valueRequired\":true,\"valueName\":\"search_term_string\"}}],\"inLanguage\":\"en-US\"},{\"@type\":\"Organization\",\"@id\":\"https:\/\/shop.tanadaithanh.vn\/en\/#organization\",\"name\":\"T\u00e2n \u00c1 \u0110\u1ea1i Th\u00e0nh eShop - Trang website b\u00e1n h\u00e0ng ch\u00ednh th\u1ee9c T\u1eadp \u0111o\u00e0n T\u00e2n \u00c1 \u0110\u1ea1i Th\u00e0nh\",\"url\":\"https:\/\/shop.tanadaithanh.vn\/en\/\",\"logo\":{\"@type\":\"ImageObject\",\"inLanguage\":\"en-US\",\"@id\":\"https:\/\/shop.tanadaithanh.vn\/en\/#\/schema\/logo\/image\/\",\"url\":\"https:\/\/shop.tanadaithanh.vn\/wp-content\/uploads\/2025\/06\/Logo-2.png\",\"contentUrl\":\"https:\/\/shop.tanadaithanh.vn\/wp-content\/uploads\/2025\/06\/Logo-2.png\",\"width\":2000,\"height\":2000,\"caption\":\"T\u00e2n \u00c1 \u0110\u1ea1i Th\u00e0nh eShop - Trang website b\u00e1n h\u00e0ng ch\u00ednh th\u1ee9c T\u1eadp \u0111o\u00e0n T\u00e2n \u00c1 \u0110\u1ea1i Th\u00e0nh\"},\"image\":{\"@id\":\"https:\/\/shop.tanadaithanh.vn\/en\/#\/schema\/logo\/image\/\"},\"sameAs\":[\"https:\/\/www.facebook.com\/profile.php?id=61567171139919\",\"https:\/\/zalo.me\/3915163699004948284\"]}]}<\/script>\n<!-- \/ Yoast SEO plugin. -->","yoast_head_json":{"title":"B\u1ed3n inox T\u00e2n \u00c1 \u2013 1500N (\u00d81140) - T\u00e2n \u00c1 \u0110\u1ea1i Th\u00e0nh eShop","robots":{"index":"index","follow":"follow","max-snippet":"max-snippet:-1","max-image-preview":"max-image-preview:large","max-video-preview":"max-video-preview:-1"},"canonical":"https:\/\/shop.tanadaithanh.vn\/en\/san-pham\/bon-nuoc-inox-tan-a-1500n-o1140\/","og_locale":"en_US","og_type":"article","og_title":"B\u1ed3n inox T\u00e2n \u00c1 \u2013 1500N (\u00d81140) - T\u00e2n \u00c1 \u0110\u1ea1i Th\u00e0nh eShop","og_description":"V\u1eadt li\u1ec7u Inox SUS 304 si\u00eau b\u1ec1n  \u1ee8ng d\u1ee5ng c\u00f4ng ngh\u1ec7 h\u00e0n l\u0103n t\u1ef1 \u0111\u1ed9ng  K\u1ebft c\u1ea5u \u0111a g\u00e2n th\u01b0\u1eddng b\u1edfi c\u00f4ng ngh\u1ec7 Nh\u1eadt B\u1ea3n gi\u00fap b\u1ed3n v\u1eefng ch\u1eafc, an to\u00e0n","og_url":"https:\/\/shop.tanadaithanh.vn\/en\/san-pham\/bon-nuoc-inox-tan-a-1500n-o1140\/","og_site_name":"T\u00e2n \u00c1 \u0110\u1ea1i Th\u00e0nh eShop","article_publisher":"https:\/\/www.facebook.com\/profile.php?id=61567171139919","article_modified_time":"2025-12-31T08:41:00+00:00","og_image":[{"width":1200,"height":1200,"url":"https:\/\/shop.tanadaithanh.vn\/wp-content\/uploads\/2025\/08\/35.jpg","type":"image\/jpeg"}],"twitter_card":"summary_large_image","twitter_misc":{"Est. reading time":"6 minutes"},"schema":{"@context":"https:\/\/schema.org","@graph":[{"@type":"WebPage","@id":"https:\/\/shop.tanadaithanh.vn\/en\/san-pham\/bon-nuoc-inox-tan-a-1500n-o1140\/","url":"https:\/\/shop.tanadaithanh.vn\/en\/san-pham\/bon-nuoc-inox-tan-a-1500n-o1140\/","name":"B\u1ed3n inox T\u00e2n \u00c1 \u2013 1500N (\u00d81140) - T\u00e2n \u00c1 \u0110\u1ea1i Th\u00e0nh eShop","isPartOf":{"@id":"https:\/\/shop.tanadaithanh.vn\/en\/#website"},"primaryImageOfPage":{"@id":"https:\/\/shop.tanadaithanh.vn\/en\/san-pham\/bon-nuoc-inox-tan-a-1500n-o1140\/#primaryimage"},"image":{"@id":"https:\/\/shop.tanadaithanh.vn\/en\/san-pham\/bon-nuoc-inox-tan-a-1500n-o1140\/#primaryimage"},"thumbnailUrl":"https:\/\/shop.tanadaithanh.vn\/wp-content\/uploads\/2025\/08\/35.jpg","datePublished":"2025-04-03T03:37:44+00:00","dateModified":"2025-12-31T08:41:00+00:00","breadcrumb":{"@id":"https:\/\/shop.tanadaithanh.vn\/en\/san-pham\/bon-nuoc-inox-tan-a-1500n-o1140\/#breadcrumb"},"inLanguage":"en-US","potentialAction":[{"@type":"ReadAction","target":["https:\/\/shop.tanadaithanh.vn\/en\/san-pham\/bon-nuoc-inox-tan-a-1500n-o1140\/"]}]},{"@type":"ImageObject","inLanguage":"en-US","@id":"https:\/\/shop.tanadaithanh.vn\/en\/san-pham\/bon-nuoc-inox-tan-a-1500n-o1140\/#primaryimage","url":"https:\/\/shop.tanadaithanh.vn\/wp-content\/uploads\/2025\/08\/35.jpg","contentUrl":"https:\/\/shop.tanadaithanh.vn\/wp-content\/uploads\/2025\/08\/35.jpg","width":1200,"height":1200},{"@type":"BreadcrumbList","@id":"https:\/\/shop.tanadaithanh.vn\/en\/san-pham\/bon-nuoc-inox-tan-a-1500n-o1140\/#breadcrumb","itemListElement":[{"@type":"ListItem","position":1,"name":"Trang ch\u1ee7","item":"https:\/\/shop.tanadaithanh.vn\/en\/"},{"@type":"ListItem","position":2,"name":"Shop","item":"https:\/\/shop.tanadaithanh.vn\/cua-hang\/"},{"@type":"ListItem","position":3,"name":"B\u1ed3n inox T\u00e2n \u00c1 \u2013 1500N (\u00d81140)"}]},{"@type":"WebSite","@id":"https:\/\/shop.tanadaithanh.vn\/en\/#website","url":"https:\/\/shop.tanadaithanh.vn\/en\/","name":"T\u00e2n \u00c1 \u0110\u1ea1i Th\u00e0nh eShop - Trang website b\u00e1n h\u00e0ng ch\u00ednh th\u1ee9c T\u1eadp \u0111o\u00e0n T\u00e2n \u00c1 \u0110\u1ea1i Th\u00e0nh","description":"Website b\u00e1n h\u00e0ng tr\u1ef1c tuy\u1ebfn v\u1eadn h\u00e0nh b\u1edfi ch\u00ednh T\u00e2n \u00c1 \u0110\u1ea1i Th\u00e0nh","publisher":{"@id":"https:\/\/shop.tanadaithanh.vn\/en\/#organization"},"potentialAction":[{"@type":"SearchAction","target":{"@type":"EntryPoint","urlTemplate":"https:\/\/shop.tanadaithanh.vn\/en\/?s={search_term_string}"},"query-input":{"@type":"PropertyValueSpecification","valueRequired":true,"valueName":"search_term_string"}}],"inLanguage":"en-US"},{"@type":"Organization","@id":"https:\/\/shop.tanadaithanh.vn\/en\/#organization","name":"T\u00e2n \u00c1 \u0110\u1ea1i Th\u00e0nh eShop - Trang website b\u00e1n h\u00e0ng ch\u00ednh th\u1ee9c T\u1eadp \u0111o\u00e0n T\u00e2n \u00c1 \u0110\u1ea1i Th\u00e0nh","url":"https:\/\/shop.tanadaithanh.vn\/en\/","logo":{"@type":"ImageObject","inLanguage":"en-US","@id":"https:\/\/shop.tanadaithanh.vn\/en\/#\/schema\/logo\/image\/","url":"https:\/\/shop.tanadaithanh.vn\/wp-content\/uploads\/2025\/06\/Logo-2.png","contentUrl":"https:\/\/shop.tanadaithanh.vn\/wp-content\/uploads\/2025\/06\/Logo-2.png","width":2000,"height":2000,"caption":"T\u00e2n \u00c1 \u0110\u1ea1i Th\u00e0nh eShop - Trang website b\u00e1n h\u00e0ng ch\u00ednh th\u1ee9c T\u1eadp \u0111o\u00e0n T\u00e2n \u00c1 \u0110\u1ea1i Th\u00e0nh"},"image":{"@id":"https:\/\/shop.tanadaithanh.vn\/en\/#\/schema\/logo\/image\/"},"sameAs":["https:\/\/www.facebook.com\/profile.php?id=61567171139919","https:\/\/zalo.me\/3915163699004948284"]}]}},"_links":{"self":[{"href":"https:\/\/shop.tanadaithanh.vn\/en\/wp-json\/wp\/v2\/product\/16792","targetHints":{"allow":["GET"]}}],"collection":[{"href":"https:\/\/shop.tanadaithanh.vn\/en\/wp-json\/wp\/v2\/product"}],"about":[{"href":"https:\/\/shop.tanadaithanh.vn\/en\/wp-json\/wp\/v2\/types\/product"}],"replies":[{"embeddable":true,"href":"https:\/\/shop.tanadaithanh.vn\/en\/wp-json\/wp\/v2\/comments?post=16792"}],"version-history":[{"count":5,"href":"https:\/\/shop.tanadaithanh.vn\/en\/wp-json\/wp\/v2\/product\/16792\/revisions"}],"predecessor-version":[{"id":23932,"href":"https:\/\/shop.tanadaithanh.vn\/en\/wp-json\/wp\/v2\/product\/16792\/revisions\/23932"}],"wp:featuredmedia":[{"embeddable":true,"href":"https:\/\/shop.tanadaithanh.vn\/en\/wp-json\/wp\/v2\/media\/28733"}],"wp:attachment":[{"href":"https:\/\/shop.tanadaithanh.vn\/en\/wp-json\/wp\/v2\/media?parent=16792"}],"wp:term":[{"taxonomy":"region","embeddable":true,"href":"https:\/\/shop.tanadaithanh.vn\/en\/wp-json\/wp\/v2\/region?post=16792"},{"taxonomy":"product_brand","embeddable":true,"href":"https:\/\/shop.tanadaithanh.vn\/en\/wp-json\/wp\/v2\/product_brand?post=16792"},{"taxonomy":"product_cat","embeddable":true,"href":"https:\/\/shop.tanadaithanh.vn\/en\/wp-json\/wp\/v2\/product_cat?post=16792"},{"taxonomy":"product_tag","embeddable":true,"href":"https:\/\/shop.tanadaithanh.vn\/en\/wp-json\/wp\/v2\/product_tag?post=16792"}],"curies":[{"name":"wp","href":"https:\/\/api.w.org\/{rel}","templated":true}]}}