{"id":16646,"date":"2025-04-03T10:36:41","date_gmt":"2025-04-03T03:36:41","guid":{"rendered":"https:\/\/shop.tanadaithanh.vn\/product\/chau-rua-rossi-elegant-re-320\/"},"modified":"2026-01-26T17:23:50","modified_gmt":"2026-01-26T10:23:50","slug":"chau-rua-rossi-elegant-re-320","status":"publish","type":"product","link":"https:\/\/shop.tanadaithanh.vn\/en\/san-pham\/chau-rua-rossi-elegant-re-320\/","title":{"rendered":"Ch\u1eadu r\u1eeda Rossi Elegant RE 320"},"content":{"rendered":"<p>Ch\u1eadu r\u1eeda cao c\u1ea5p Rossi Elegant l\u00e0 s\u1ea3n ph\u1ea9m cao c\u1ea5p c\u1ee7a T\u1eadp \u0111o\u00e0n T\u00e2n \u00c1 \u0110\u1ea1i Th\u00e0nh, \u0111\u01b0\u1ee3c s\u1ea3n xu\u1ea5t tr\u00ean d\u00e2y chuy\u1ec1n nh\u1eadp kh\u1ea9u \u0111\u1ed3ng b\u1ed9 ti\u00eau chu\u1ea9n Ch\u00e2u \u00c2u, \u00e1p d\u1ee5ng c\u00f4ng ngh\u1ec7 d\u1eadp s\u00e2u li\u1ec1n kh\u1ed1i gi\u00fap t\u0103ng t\u1ed1i \u01b0u tu\u1ed5i th\u1ecd v\u00e0 \u0111\u1ed9 ti\u1ec7n nghi c\u1ee7a s\u1ea3n ph\u1ea9m. C\u00f4ng ngh\u1ec7 phun s\u01a1n t\u0129nh \u0111i\u1ec7n ch\u1ed1ng \u1ed3n, xi ph\u00f4ng tho\u00e1t n\u01b0\u1edbc, b\u1ed9 l\u1ecdc r\u00e1c \u0111\u01b0\u1ee3c thi\u1ebft k\u1ebf \u0111\u1eb7c bi\u1ec7t c\u00f3 t\u00e1c d\u1ee5ng tho\u00e1t n\u01b0\u1edbc v\u00e0 l\u1ecdc n\u01b0\u1edbc r\u1ea5t nhanh, mang l\u1ea1i s\u1ef1 h\u00e0i l\u00f2ng cho ng\u01b0\u1eddi s\u1eed d\u1ee5ng. V\u1edbi ki\u1ec3u d\u00e1ng sang tr\u1ecdng, thi\u1ebft k\u1ebf tinh x\u1ea3o \u0111\u01b0\u1ee3c l\u00e0m tr\u00ean v\u1eadt li\u1ec7u inox SUS304 gi\u00fap cho b\u1ec1 m\u1eb7t ch\u1eadu lu\u00f4n s\u00e1ng b\u00f3ng, ch\u1eadu r\u1eeda inox cao c\u1ea5p ROSSI l\u00e0 s\u1ef1 l\u1ef1a ch\u1ecdn ho\u00e0n h\u1ea3o v\u00e0 ph\u00f9 h\u1ee3p v\u1edbi kh\u00f4ng gian l\u1eafp \u0111\u1eb7t c\u1ee7a m\u1ecdi gia \u0111\u00ecnh.<\/p>\n<div class=\"wpb_text_column wpb_content_element\">\n<div class=\"wpb_wrapper\">\n<h3>\u0110\u1eb7c \u0111i\u1ec3m Ch\u1eadu r\u1eeda b\u00e1t Rossi Elegant RE 320<\/h3>\n<ul>\n<li>Inox SUS 304 gi\u00fap cho v\u1ec1 m\u1eb7t ch\u1eadu lu\u00f4n s\u00e1ng b\u00f3ng<\/li>\n<li>C\u00f4ng ngh\u1ec7 D\u1eadp li\u1ec1n nguy\u00ean kh\u1ed1i gi\u00fap cho ch\u1eadu c\u00f3 \u0111\u1ed9 b\u1ec1n v\u01b0\u1ee3t tr\u1ed9i<\/li>\n<li>Chi\u1ec1u s\u00e2u l\u00f2ng ch\u1eadu v\u01b0\u1ee3t tr\u1ed9i c\u00f9ng h\u1ec7 th\u1ed1ng xi ph\u00f4ng tho\u00e1t n\u01b0\u1edbc si\u00eau nhanh<\/li>\n<\/ul>\n<h3>Th\u00f4ng s\u1ed1 k\u1ef9 thu\u1eadt<\/h3>\n<ul>\n<li>Ch\u1eadu r\u1eeda b\u00e1t Rossi Elegant RE 320<\/li>\n<li>K\u00edch th\u01b0\u1edbc ( D\u00e0i x R\u1ed9ng x Cao): 780 x 430 x 215 mm<\/li>\n<li>Ch\u1ea5t li\u1ec7u:\u00a0Inox SUS 304<\/li>\n<li>Nh\u00e0 s\u1ea3n xu\u1ea5t:\u00a0T\u00e2n \u00c1 \u0110\u1ea1i Th\u00e0nh<\/li>\n<\/ul>\n<\/div>\n<\/div>\n<p><strong>H\u01b0\u1edbng d\u1eabn l\u1eafp \u0111\u1eb7t, s\u1eed d\u1ee5ng<\/strong><\/p>\n<div class=\"wpb_text_column wpb_content_element\">\n<div class=\"wpb_wrapper\">\n<ul>\n<li>Ch\u1eadu r\u1eeda Inox v\u1edbi m\u1ee5c \u0111\u00edch ch\u00ednh ch\u1ee9a n\u01b0\u1edbc sinh ho\u1ea1t th\u00f4ng th\u01b0\u1eddng do v\u1eady gi\u1edbi h\u1ea1n an to\u00e0n ch\u1ec9 \u0111\u01b0\u1ee3c \u0111\u1ea3m b\u1ea3o cho c\u00e1c m\u1ee5c \u0111\u00edch s\u1eed d\u1ee5ng ch\u1ee9a (\u0111\u1ef1ng) n\u01b0\u1edbc sinh ho\u1ea1t th\u00f4ng th\u01b0\u1eddng.<\/li>\n<li>Ngo\u00e0i ra v\u1edbi c\u00e1c m\u1ee5c \u0111\u00edch s\u1eed d\u1ee5ng kh\u00e1c nh\u01b0 \u0111\u1ef1ng h\u00f3a ch\u1ea5t, c\u00e1c lo\u1ea1i axit, c\u00e1c ch\u1ea5t v\u00f4 c\u01a1, h\u1eefu c\u01a1 kh\u00e1c \u2026 \u0111\u1ec1u kh\u00f4ng n\u1eb1m trong danh m\u1ee5c \u0111\u1ea3m b\u1ea3o an to\u00e0n v\u1ec7 sinh th\u1ef1c ph\u1ea9m.<\/li>\n<\/ul>\n<p>\u0110\u1ec3 \u0111\u1ea3m b\u1ea3o ch\u1ea5t l\u01b0\u1ee3ng, quy\u1ec1n l\u1ee3i b\u1ea3o h\u00e0nh v\u00e0 h\u1ed7 tr\u1ee3 k\u1ef9 thu\u1eadt, ng\u01b0\u1eddi d\u00f9ng n\u00ean mua tr\u1ef1c ti\u1ebfp t\u1ea1i:<br \/>\n<strong>Website ch\u00ednh h\u00e3ng: shop.tanadaithanh.vn<\/strong><br \/>\n<strong>\u01afu \u0111\u00e3i khi mua t\u1ea1i shop.tanadaithanh.vn:<\/strong><\/p>\n<p><strong>\u2013 Mi\u1ec5n ph\u00ed v\u1eadn chuy\u1ec3n<\/strong><br \/>\n<strong>\u2013 Thanh to\u00e1n linh ho\u1ea1t, h\u1ed7 tr\u1ee3 tr\u1ea3 ch\u1eadm 0% cho s\u1ea3n ph\u1ea9m t\u1eeb 3 Tri\u1ec7u<\/strong><br \/>\n<strong>\u2013 T\u01b0 v\u1ea5n k\u1ef9 thu\u1eadt tr\u1ef1c ti\u1ebfp t\u1eeb \u0111\u1ed9i ng\u0169 chuy\u00ean m\u00f4n<\/strong><\/p>\n<p>Li\u00ean h\u1ec7 ngay qua hotline\u00a0<strong>0986 86 86 85<\/strong>\u00a0\u0111\u1ec3 \u0111\u01b0\u1ee3c t\u01b0 v\u1ea5n, h\u1ed7 tr\u1ee3 nhanh nh\u1ea5t !<\/p>\n<\/div>\n<\/div>\n<div class=\"wpb_video_widget wpb_content_element vc_clearfix vc_video-aspect-ratio-169 vc_video-el-width-60 vc_video-align-left\">\n<div class=\"wpb_wrapper\">\n<p><iframe title=\"H\u01b0\u1edbng d\u1eabn chi ti\u1ebft c\u00e1ch l\u1eafp \u0111\u1eb7t v\u00e0 s\u1eed d\u1ee5ng Ch\u1eadu r\u1eeda Inox\" width=\"500\" height=\"281\" src=\"https:\/\/www.youtube.com\/embed\/ZT1T8cjw72E?feature=oembed\" frameborder=\"0\" allow=\"accelerometer; autoplay; clipboard-write; encrypted-media; gyroscope; picture-in-picture; web-share\" referrerpolicy=\"strict-origin-when-cross-origin\" allowfullscreen><\/iframe><\/p>\n<\/div>\n<\/div>\n","protected":false},"excerpt":{"rendered":"<p>Inox SUS 304 gi\u00fap cho v\u1ec1 m\u1eb7t ch\u1eadu lu\u00f4n s\u00e1ng b\u00f3ng<\/p>\n<p>C\u00f4ng ngh\u1ec7 D\u1eadp li\u1ec1n nguy\u00ean kh\u1ed1i gi\u00fap cho ch\u1eadu c\u00f3 \u0111\u1ed9 b\u1ec1n v\u01b0\u1ee3t tr\u1ed9i<\/p>\n<p>Chi\u1ec1u s\u00e2u l\u00f2ng ch\u1eadu v\u01b0\u1ee3t tr\u1ed9i c\u00f9ng h\u1ec7 th\u1ed1ng xi ph\u00f4ng tho\u00e1t n\u01b0\u1edbc si\u00eau nhanh<\/p>\n","protected":false},"featured_media":29200,"comment_status":"open","ping_status":"closed","template":"","meta":[],"region":[259],"product_brand":[],"product_cat":[204,333,332],"product_tag":[],"class_list":{"0":"post-16646","1":"product","2":"type-product","3":"status-publish","4":"has-post-thumbnail","6":"region-mien-bac","7":"product_cat-chau-rua","8":"product_cat-chau-rua-2-ho","9":"product_cat-dai-thanh-inox-201","10":"pa_kich-thuoc-dai-x-rong-x-cao-780-x-430-x-215","12":"first","13":"instock","14":"sale","15":"shipping-taxable","16":"purchasable","17":"product-type-simple"},"yoast_head":"<!-- This site is optimized with the Yoast SEO plugin v24.6 - https:\/\/yoast.com\/wordpress\/plugins\/seo\/ -->\n<title>Ch\u1eadu r\u1eeda Rossi Elegant RE 320 - T\u00e2n \u00c1 \u0110\u1ea1i Th\u00e0nh eShop<\/title>\n<meta name=\"robots\" content=\"index, follow, max-snippet:-1, max-image-preview:large, max-video-preview:-1\" \/>\n<link rel=\"canonical\" href=\"https:\/\/shop.tanadaithanh.vn\/en\/san-pham\/chau-rua-rossi-elegant-re-320\/\" \/>\n<meta property=\"og:locale\" content=\"en_US\" \/>\n<meta property=\"og:type\" content=\"article\" \/>\n<meta property=\"og:title\" content=\"Ch\u1eadu r\u1eeda Rossi Elegant RE 320 - T\u00e2n \u00c1 \u0110\u1ea1i Th\u00e0nh eShop\" \/>\n<meta property=\"og:description\" content=\"Inox SUS 304 gi\u00fap cho v\u1ec1 m\u1eb7t ch\u1eadu lu\u00f4n s\u00e1ng b\u00f3ng  C\u00f4ng ngh\u1ec7 D\u1eadp li\u1ec1n nguy\u00ean kh\u1ed1i gi\u00fap cho ch\u1eadu c\u00f3 \u0111\u1ed9 b\u1ec1n v\u01b0\u1ee3t tr\u1ed9i  Chi\u1ec1u s\u00e2u l\u00f2ng ch\u1eadu v\u01b0\u1ee3t tr\u1ed9i c\u00f9ng h\u1ec7 th\u1ed1ng xi ph\u00f4ng tho\u00e1t n\u01b0\u1edbc si\u00eau nhanh\" \/>\n<meta property=\"og:url\" content=\"https:\/\/shop.tanadaithanh.vn\/en\/san-pham\/chau-rua-rossi-elegant-re-320\/\" \/>\n<meta property=\"og:site_name\" content=\"T\u00e2n \u00c1 \u0110\u1ea1i Th\u00e0nh eShop\" \/>\n<meta property=\"article:publisher\" content=\"https:\/\/www.facebook.com\/profile.php?id=61567171139919\" \/>\n<meta property=\"article:modified_time\" content=\"2026-01-26T10:23:50+00:00\" \/>\n<meta property=\"og:image\" content=\"https:\/\/shop.tanadaithanh.vn\/wp-content\/uploads\/2025\/04\/RE-320.png\" \/>\n\t<meta property=\"og:image:width\" content=\"1200\" \/>\n\t<meta property=\"og:image:height\" content=\"1200\" \/>\n\t<meta property=\"og:image:type\" content=\"image\/png\" \/>\n<meta name=\"twitter:card\" content=\"summary_large_image\" \/>\n<meta name=\"twitter:label1\" content=\"Est. reading time\" \/>\n\t<meta name=\"twitter:data1\" content=\"3 minutes\" \/>\n<script type=\"application\/ld+json\" class=\"yoast-schema-graph\">{\"@context\":\"https:\/\/schema.org\",\"@graph\":[{\"@type\":\"WebPage\",\"@id\":\"https:\/\/shop.tanadaithanh.vn\/en\/san-pham\/chau-rua-rossi-elegant-re-320\/\",\"url\":\"https:\/\/shop.tanadaithanh.vn\/en\/san-pham\/chau-rua-rossi-elegant-re-320\/\",\"name\":\"Ch\u1eadu r\u1eeda Rossi Elegant RE 320 - T\u00e2n \u00c1 \u0110\u1ea1i Th\u00e0nh eShop\",\"isPartOf\":{\"@id\":\"https:\/\/shop.tanadaithanh.vn\/en\/#website\"},\"primaryImageOfPage\":{\"@id\":\"https:\/\/shop.tanadaithanh.vn\/en\/san-pham\/chau-rua-rossi-elegant-re-320\/#primaryimage\"},\"image\":{\"@id\":\"https:\/\/shop.tanadaithanh.vn\/en\/san-pham\/chau-rua-rossi-elegant-re-320\/#primaryimage\"},\"thumbnailUrl\":\"https:\/\/shop.tanadaithanh.vn\/wp-content\/uploads\/2025\/04\/RE-320.png\",\"datePublished\":\"2025-04-03T03:36:41+00:00\",\"dateModified\":\"2026-01-26T10:23:50+00:00\",\"breadcrumb\":{\"@id\":\"https:\/\/shop.tanadaithanh.vn\/en\/san-pham\/chau-rua-rossi-elegant-re-320\/#breadcrumb\"},\"inLanguage\":\"en-US\",\"potentialAction\":[{\"@type\":\"ReadAction\",\"target\":[\"https:\/\/shop.tanadaithanh.vn\/en\/san-pham\/chau-rua-rossi-elegant-re-320\/\"]}]},{\"@type\":\"ImageObject\",\"inLanguage\":\"en-US\",\"@id\":\"https:\/\/shop.tanadaithanh.vn\/en\/san-pham\/chau-rua-rossi-elegant-re-320\/#primaryimage\",\"url\":\"https:\/\/shop.tanadaithanh.vn\/wp-content\/uploads\/2025\/04\/RE-320.png\",\"contentUrl\":\"https:\/\/shop.tanadaithanh.vn\/wp-content\/uploads\/2025\/04\/RE-320.png\",\"width\":1200,\"height\":1200},{\"@type\":\"BreadcrumbList\",\"@id\":\"https:\/\/shop.tanadaithanh.vn\/en\/san-pham\/chau-rua-rossi-elegant-re-320\/#breadcrumb\",\"itemListElement\":[{\"@type\":\"ListItem\",\"position\":1,\"name\":\"Trang ch\u1ee7\",\"item\":\"https:\/\/shop.tanadaithanh.vn\/en\/\"},{\"@type\":\"ListItem\",\"position\":2,\"name\":\"Shop\",\"item\":\"https:\/\/shop.tanadaithanh.vn\/cua-hang\/\"},{\"@type\":\"ListItem\",\"position\":3,\"name\":\"Ch\u1eadu r\u1eeda Rossi Elegant RE 320\"}]},{\"@type\":\"WebSite\",\"@id\":\"https:\/\/shop.tanadaithanh.vn\/en\/#website\",\"url\":\"https:\/\/shop.tanadaithanh.vn\/en\/\",\"name\":\"T\u00e2n \u00c1 \u0110\u1ea1i Th\u00e0nh eShop - Trang website b\u00e1n h\u00e0ng ch\u00ednh th\u1ee9c T\u1eadp \u0111o\u00e0n T\u00e2n \u00c1 \u0110\u1ea1i Th\u00e0nh\",\"description\":\"Website b\u00e1n h\u00e0ng tr\u1ef1c tuy\u1ebfn v\u1eadn h\u00e0nh b\u1edfi ch\u00ednh T\u00e2n \u00c1 \u0110\u1ea1i Th\u00e0nh\",\"publisher\":{\"@id\":\"https:\/\/shop.tanadaithanh.vn\/en\/#organization\"},\"potentialAction\":[{\"@type\":\"SearchAction\",\"target\":{\"@type\":\"EntryPoint\",\"urlTemplate\":\"https:\/\/shop.tanadaithanh.vn\/en\/?s={search_term_string}\"},\"query-input\":{\"@type\":\"PropertyValueSpecification\",\"valueRequired\":true,\"valueName\":\"search_term_string\"}}],\"inLanguage\":\"en-US\"},{\"@type\":\"Organization\",\"@id\":\"https:\/\/shop.tanadaithanh.vn\/en\/#organization\",\"name\":\"T\u00e2n \u00c1 \u0110\u1ea1i Th\u00e0nh eShop - Trang website b\u00e1n h\u00e0ng ch\u00ednh th\u1ee9c T\u1eadp \u0111o\u00e0n T\u00e2n \u00c1 \u0110\u1ea1i Th\u00e0nh\",\"url\":\"https:\/\/shop.tanadaithanh.vn\/en\/\",\"logo\":{\"@type\":\"ImageObject\",\"inLanguage\":\"en-US\",\"@id\":\"https:\/\/shop.tanadaithanh.vn\/en\/#\/schema\/logo\/image\/\",\"url\":\"https:\/\/shop.tanadaithanh.vn\/wp-content\/uploads\/2025\/06\/Logo-2.png\",\"contentUrl\":\"https:\/\/shop.tanadaithanh.vn\/wp-content\/uploads\/2025\/06\/Logo-2.png\",\"width\":2000,\"height\":2000,\"caption\":\"T\u00e2n \u00c1 \u0110\u1ea1i Th\u00e0nh eShop - Trang website b\u00e1n h\u00e0ng ch\u00ednh th\u1ee9c T\u1eadp \u0111o\u00e0n T\u00e2n \u00c1 \u0110\u1ea1i Th\u00e0nh\"},\"image\":{\"@id\":\"https:\/\/shop.tanadaithanh.vn\/en\/#\/schema\/logo\/image\/\"},\"sameAs\":[\"https:\/\/www.facebook.com\/profile.php?id=61567171139919\",\"https:\/\/zalo.me\/3915163699004948284\"]}]}<\/script>\n<!-- \/ Yoast SEO plugin. -->","yoast_head_json":{"title":"Ch\u1eadu r\u1eeda Rossi Elegant RE 320 - T\u00e2n \u00c1 \u0110\u1ea1i Th\u00e0nh eShop","robots":{"index":"index","follow":"follow","max-snippet":"max-snippet:-1","max-image-preview":"max-image-preview:large","max-video-preview":"max-video-preview:-1"},"canonical":"https:\/\/shop.tanadaithanh.vn\/en\/san-pham\/chau-rua-rossi-elegant-re-320\/","og_locale":"en_US","og_type":"article","og_title":"Ch\u1eadu r\u1eeda Rossi Elegant RE 320 - T\u00e2n \u00c1 \u0110\u1ea1i Th\u00e0nh eShop","og_description":"Inox SUS 304 gi\u00fap cho v\u1ec1 m\u1eb7t ch\u1eadu lu\u00f4n s\u00e1ng b\u00f3ng  C\u00f4ng ngh\u1ec7 D\u1eadp li\u1ec1n nguy\u00ean kh\u1ed1i gi\u00fap cho ch\u1eadu c\u00f3 \u0111\u1ed9 b\u1ec1n v\u01b0\u1ee3t tr\u1ed9i  Chi\u1ec1u s\u00e2u l\u00f2ng ch\u1eadu v\u01b0\u1ee3t tr\u1ed9i c\u00f9ng h\u1ec7 th\u1ed1ng xi ph\u00f4ng tho\u00e1t n\u01b0\u1edbc si\u00eau nhanh","og_url":"https:\/\/shop.tanadaithanh.vn\/en\/san-pham\/chau-rua-rossi-elegant-re-320\/","og_site_name":"T\u00e2n \u00c1 \u0110\u1ea1i Th\u00e0nh eShop","article_publisher":"https:\/\/www.facebook.com\/profile.php?id=61567171139919","article_modified_time":"2026-01-26T10:23:50+00:00","og_image":[{"width":1200,"height":1200,"url":"https:\/\/shop.tanadaithanh.vn\/wp-content\/uploads\/2025\/04\/RE-320.png","type":"image\/png"}],"twitter_card":"summary_large_image","twitter_misc":{"Est. reading time":"3 minutes"},"schema":{"@context":"https:\/\/schema.org","@graph":[{"@type":"WebPage","@id":"https:\/\/shop.tanadaithanh.vn\/en\/san-pham\/chau-rua-rossi-elegant-re-320\/","url":"https:\/\/shop.tanadaithanh.vn\/en\/san-pham\/chau-rua-rossi-elegant-re-320\/","name":"Ch\u1eadu r\u1eeda Rossi Elegant RE 320 - T\u00e2n \u00c1 \u0110\u1ea1i Th\u00e0nh eShop","isPartOf":{"@id":"https:\/\/shop.tanadaithanh.vn\/en\/#website"},"primaryImageOfPage":{"@id":"https:\/\/shop.tanadaithanh.vn\/en\/san-pham\/chau-rua-rossi-elegant-re-320\/#primaryimage"},"image":{"@id":"https:\/\/shop.tanadaithanh.vn\/en\/san-pham\/chau-rua-rossi-elegant-re-320\/#primaryimage"},"thumbnailUrl":"https:\/\/shop.tanadaithanh.vn\/wp-content\/uploads\/2025\/04\/RE-320.png","datePublished":"2025-04-03T03:36:41+00:00","dateModified":"2026-01-26T10:23:50+00:00","breadcrumb":{"@id":"https:\/\/shop.tanadaithanh.vn\/en\/san-pham\/chau-rua-rossi-elegant-re-320\/#breadcrumb"},"inLanguage":"en-US","potentialAction":[{"@type":"ReadAction","target":["https:\/\/shop.tanadaithanh.vn\/en\/san-pham\/chau-rua-rossi-elegant-re-320\/"]}]},{"@type":"ImageObject","inLanguage":"en-US","@id":"https:\/\/shop.tanadaithanh.vn\/en\/san-pham\/chau-rua-rossi-elegant-re-320\/#primaryimage","url":"https:\/\/shop.tanadaithanh.vn\/wp-content\/uploads\/2025\/04\/RE-320.png","contentUrl":"https:\/\/shop.tanadaithanh.vn\/wp-content\/uploads\/2025\/04\/RE-320.png","width":1200,"height":1200},{"@type":"BreadcrumbList","@id":"https:\/\/shop.tanadaithanh.vn\/en\/san-pham\/chau-rua-rossi-elegant-re-320\/#breadcrumb","itemListElement":[{"@type":"ListItem","position":1,"name":"Trang ch\u1ee7","item":"https:\/\/shop.tanadaithanh.vn\/en\/"},{"@type":"ListItem","position":2,"name":"Shop","item":"https:\/\/shop.tanadaithanh.vn\/cua-hang\/"},{"@type":"ListItem","position":3,"name":"Ch\u1eadu r\u1eeda Rossi Elegant RE 320"}]},{"@type":"WebSite","@id":"https:\/\/shop.tanadaithanh.vn\/en\/#website","url":"https:\/\/shop.tanadaithanh.vn\/en\/","name":"T\u00e2n \u00c1 \u0110\u1ea1i Th\u00e0nh eShop - Trang website b\u00e1n h\u00e0ng ch\u00ednh th\u1ee9c T\u1eadp \u0111o\u00e0n T\u00e2n \u00c1 \u0110\u1ea1i Th\u00e0nh","description":"Website b\u00e1n h\u00e0ng tr\u1ef1c tuy\u1ebfn v\u1eadn h\u00e0nh b\u1edfi ch\u00ednh T\u00e2n \u00c1 \u0110\u1ea1i Th\u00e0nh","publisher":{"@id":"https:\/\/shop.tanadaithanh.vn\/en\/#organization"},"potentialAction":[{"@type":"SearchAction","target":{"@type":"EntryPoint","urlTemplate":"https:\/\/shop.tanadaithanh.vn\/en\/?s={search_term_string}"},"query-input":{"@type":"PropertyValueSpecification","valueRequired":true,"valueName":"search_term_string"}}],"inLanguage":"en-US"},{"@type":"Organization","@id":"https:\/\/shop.tanadaithanh.vn\/en\/#organization","name":"T\u00e2n \u00c1 \u0110\u1ea1i Th\u00e0nh eShop - Trang website b\u00e1n h\u00e0ng ch\u00ednh th\u1ee9c T\u1eadp \u0111o\u00e0n T\u00e2n \u00c1 \u0110\u1ea1i Th\u00e0nh","url":"https:\/\/shop.tanadaithanh.vn\/en\/","logo":{"@type":"ImageObject","inLanguage":"en-US","@id":"https:\/\/shop.tanadaithanh.vn\/en\/#\/schema\/logo\/image\/","url":"https:\/\/shop.tanadaithanh.vn\/wp-content\/uploads\/2025\/06\/Logo-2.png","contentUrl":"https:\/\/shop.tanadaithanh.vn\/wp-content\/uploads\/2025\/06\/Logo-2.png","width":2000,"height":2000,"caption":"T\u00e2n \u00c1 \u0110\u1ea1i Th\u00e0nh eShop - Trang website b\u00e1n h\u00e0ng ch\u00ednh th\u1ee9c T\u1eadp \u0111o\u00e0n T\u00e2n \u00c1 \u0110\u1ea1i Th\u00e0nh"},"image":{"@id":"https:\/\/shop.tanadaithanh.vn\/en\/#\/schema\/logo\/image\/"},"sameAs":["https:\/\/www.facebook.com\/profile.php?id=61567171139919","https:\/\/zalo.me\/3915163699004948284"]}]}},"_links":{"self":[{"href":"https:\/\/shop.tanadaithanh.vn\/en\/wp-json\/wp\/v2\/product\/16646","targetHints":{"allow":["GET"]}}],"collection":[{"href":"https:\/\/shop.tanadaithanh.vn\/en\/wp-json\/wp\/v2\/product"}],"about":[{"href":"https:\/\/shop.tanadaithanh.vn\/en\/wp-json\/wp\/v2\/types\/product"}],"replies":[{"embeddable":true,"href":"https:\/\/shop.tanadaithanh.vn\/en\/wp-json\/wp\/v2\/comments?post=16646"}],"version-history":[{"count":2,"href":"https:\/\/shop.tanadaithanh.vn\/en\/wp-json\/wp\/v2\/product\/16646\/revisions"}],"predecessor-version":[{"id":25968,"href":"https:\/\/shop.tanadaithanh.vn\/en\/wp-json\/wp\/v2\/product\/16646\/revisions\/25968"}],"wp:featuredmedia":[{"embeddable":true,"href":"https:\/\/shop.tanadaithanh.vn\/en\/wp-json\/wp\/v2\/media\/29200"}],"wp:attachment":[{"href":"https:\/\/shop.tanadaithanh.vn\/en\/wp-json\/wp\/v2\/media?parent=16646"}],"wp:term":[{"taxonomy":"region","embeddable":true,"href":"https:\/\/shop.tanadaithanh.vn\/en\/wp-json\/wp\/v2\/region?post=16646"},{"taxonomy":"product_brand","embeddable":true,"href":"https:\/\/shop.tanadaithanh.vn\/en\/wp-json\/wp\/v2\/product_brand?post=16646"},{"taxonomy":"product_cat","embeddable":true,"href":"https:\/\/shop.tanadaithanh.vn\/en\/wp-json\/wp\/v2\/product_cat?post=16646"},{"taxonomy":"product_tag","embeddable":true,"href":"https:\/\/shop.tanadaithanh.vn\/en\/wp-json\/wp\/v2\/product_tag?post=16646"}],"curies":[{"name":"wp","href":"https:\/\/api.w.org\/{rel}","templated":true}]}}