{"id":16424,"date":"2025-04-03T10:35:30","date_gmt":"2025-04-03T03:35:30","guid":{"rendered":"https:\/\/shop.tanadaithanh.vn\/product\/bon-inox-tan-a-8-5000n-o1400\/"},"modified":"2026-04-04T11:56:28","modified_gmt":"2026-04-04T04:56:28","slug":"bon-inox-tan-a-8-5000n-o1400","status":"publish","type":"product","link":"https:\/\/shop.tanadaithanh.vn\/en\/san-pham\/bon-inox-tan-a-8-5000n-o1400\/","title":{"rendered":"B\u1ed3n inox T\u00e2n \u00c1 8 \u2013 5000N (\u00d81400)"},"content":{"rendered":"<p><span style=\"font-weight: 400;\">B\u1ed3n inox T\u00e2n \u00c1 8 ngang 5000L l\u00e0 s\u1ea3n ph\u1ea9m cao c\u1ea5p nh\u1ea5t do T\u1eadp \u0111o\u00e0n T\u00e2n \u00c1 \u0110\u1ea1i Th\u00e0nh s\u1ea3n xu\u1ea5t v\u00e0 ph\u00e2n ph\u1ed1i t\u1ea1i khu v\u1ef1c n\u1ed9i th\u00e0nh H\u00e0 N\u1ed9i v\u00e0 c\u00e1c t\u1ec9nh mi\u1ec1n B\u1eafc. B\u1ed3n \u0111\u01b0\u1ee3c s\u1ea3n xu\u1ea5t tr\u00ean d\u00e2y chuy\u1ec1n hi\u1ec7n \u0111\u1ea1i v\u1edbi c\u00f4ng ngh\u1ec7 h\u00e0n l\u0103n ti\u00ean ti\u1ebfn h\u00e0ng \u0111\u1ea7u. V\u1edbi kh\u0103ng ch\u1ed1ng \u0103n m\u00f2n \u0111\u1ec9nh cao c\u00f9ng \u0111\u1ed9 b\u1ec1n v\u01b0\u1ee3t tr\u1ed9i, b\u1ed3n inox T\u00e2n \u00c1 8 5000L, d\u00e1ng ngang ch\u00ednh l\u00e0 s\u1ef1 \u0111\u1ea7u t\u01b0 th\u00f4ng minh: \u0110\u1ea7u t\u01b0 m\u1ed9t l\u1ea7n &#8211; D\u00f9ng c\u1ea3 \u0111\u1eddi.\u00a0<\/span><\/p>\n<h2><b>Th\u00f4ng s\u1ed1 k\u1ef9 thu\u1eadt B\u1ed3n n\u01b0\u1edbc inox T\u00e2n \u00c1 8 5000L (\u03a61400)<\/b><\/h2>\n<table>\n<tbody>\n<tr>\n<td><b>T\u00ean s\u1ea3n ph\u1ea9m<\/b><\/td>\n<td><span style=\"font-weight: 400;\">B\u1ed3n n\u01b0\u1edbc inox T\u00e2n \u00c1 8 ngang 5000L<\/span><\/td>\n<\/tr>\n<tr>\n<td><b>\u0110\u01b0\u1eddng k\u00ednh<\/b><\/td>\n<td><span style=\"font-weight: 400;\">1400mm<\/span><\/td>\n<\/tr>\n<tr>\n<td><b>Dung t\u00edch<\/b><\/td>\n<td><span style=\"font-weight: 400;\">5000L<\/span><\/td>\n<\/tr>\n<tr>\n<td><b>K\u00edch th\u01b0\u1edbc (D\u00e0i x R\u1ed9ng x Cao)<\/b><\/td>\n<td><span style=\"font-weight: 400;\">3395 x 1500 x 1665 mm<\/span><\/td>\n<\/tr>\n<tr>\n<td><b>Ch\u1ea5t li\u1ec7u<\/b><\/td>\n<td><span style=\"font-weight: 400;\">Inox SUS 304<\/span><\/td>\n<\/tr>\n<tr>\n<td><b>Th\u1eddi gian b\u1ea3o h\u00e0nh<\/b><\/td>\n<td><span style=\"font-weight: 400;\">15 n\u0103m<\/span><\/td>\n<\/tr>\n<\/tbody>\n<\/table>\n<h2><b>\u0110\u1eb7c \u0111i\u1ec3m c\u1ee7a b\u1ed3n Inox T\u00e2n \u00c1 8 ngang 5000L\u00a0<\/b><\/h2>\n<h3><b>Ch\u1ea5t li\u1ec7u inox 304 cao c\u1ea5p: Ch\u1ed1ng \u0103n m\u00f2n t\u1ed1i \u01b0u\u00a0<\/b><\/h3>\n<p><span style=\"font-weight: 400;\">B\u1ed3n inox T\u00e2n \u00c1 8 ngang 5000L \u0111\u01b0\u1ee3c c\u1ea7u th\u00e0nh t\u1eeb v\u1eadt li\u1ec7u inox cao c\u1ea5p SUS304 &#8211; m\u1ed9t trong nh\u1eefng d\u00f2ng inox cao c\u1ea5p nh\u1ea5t hi\u1ec7n n\u00e0y. Inox 304 c\u00f3 \u0111\u1ed9 d\u1ebbo, \u0111\u1ed9 b\u1ec1n r\u1ea5t cao, b\u1ec1 m\u1eb7t tr\u01a1n b\u00f3ng mang \u0111\u1ebfn kh\u1ea3 n\u0103ng ch\u1ecbu l\u1ef1c, ch\u1ecbu nhi\u1ec7t t\u1ed1t, ch\u1ed1ng \u0103n m\u00f2n, ch\u1ed1ng r\u00f2 r\u1ec9, ch\u1ed1ng b\u00e1m r\u00eau m\u1ed1c, ch\u1ed1ng oxy h\u00f3a, \u0111\u1eb7c bi\u1ec7t l\u00e0 kh\u00f4ng ph\u1ea3n \u1ee9ng v\u1edbi axit kh\u1eb3ng \u0111\u1ecbnh \u0111\u1ed9 b\u1ec1n v\u01b0\u1ee3t th\u1eddi gian. B\u1ed3n inox T\u00e2n \u00c1 8 5000L, d\u00e1ng ngang \u0111\u01b0\u1ee3c l\u00e0m t\u1eeb v\u1eadt li\u1ec7u n\u00e0y \u0111\u1eb7c bi\u1ec7t th\u00edch h\u1ee3p v\u00e0 s\u1eed d\u1ee5ng t\u1ed1t v\u1edbi \u0111a d\u1ea1ng m\u00f4i tr\u01b0\u1eddng<\/span><\/p>\n<h3><b>Th\u00e2n b\u1ed3n thi\u1ebft k\u1ebf \u0111a g\u00e2n: T\u0103ng \u0111\u1ed9 v\u1eefng ch\u1eafc<\/b><\/h3>\n<p><span style=\"font-weight: 400;\">B\u1ed3n Inox T\u00e2n \u00c1 8 5000L, d\u00e1ng ngang c\u00f3 thi\u1ebft k\u1ebf \u0111a g\u00e2n ph\u00e2n b\u1ed1 \u0111\u1ec1u tr\u00ean th\u00e2n b\u1ed3n v\u1eeba gi\u00fap t\u0103ng t\u00ednh th\u1ea9m m\u1ef9 l\u1ea1i v\u1eeba c\u1ea3i thi\u1ec7n \u0111\u1ed9 b\u1ec1n cho s\u1ea3n ph\u1ea9m &#8211; l\u00e0m ph\u00e2n t\u00e1n l\u1ef1c t\u00e1c \u0111\u1ed9ng l\u00ean th\u00e0nh b\u1ed3n, h\u1ea1n ch\u1ebf n\u1ee9t g\u00e3y, r\u00f2 r\u1ec9, k\u00e9o d\u00e0i g\u1ea5p \u0111\u00f4i tu\u1ed5i th\u1ecd s\u1ea3n ph\u1ea9m so v\u1edbi s\u1ea3n ph\u1ea9m th\u00f4ng th\u01b0\u1eddng. C\u00e1c g\u00e2n n\u1ed5i n\u00e0y c\u0169ng c\u00f3 t\u00e1c d\u1ee5ng trong qu\u00e1 tr\u00ecnh v\u1eadn chuy\u1ec3n &#8211; l\u00e0m \u0111i\u1ec3m t\u1ef1a \u0111\u1ec3 bu\u1ed9c d\u00e2y c\u1ed1 \u0111\u1ecbnh b\u1ed3n tr\u00ean xe, \u0111\u01b0a b\u1ed3n l\u00ean m\u00e1i nh\u00e0.<\/span><\/p>\n<h3><b>Ch\u00e2n \u0111\u1ebf si\u00eau b\u1ec1n<\/b><\/h3>\n<p><span style=\"font-weight: 400;\">B\u1ed3n inox T\u00e2n \u00c1 8 ngang 5000L c\u00f3 ch\u00e2n \u0111\u1ebf to, l\u00e0m b\u1eb1ng inox si\u00eau c\u1ee9ng, si\u00eau b\u1ec1n. \u0110i\u1ec1u n\u00e0y gi\u00fap ch\u00e2n \u0111\u1ebf v\u1eefng ch\u00e3i h\u01a1n v\u00e0 ph\u00e1t huy kh\u1ea3 n\u0103ng gi\u1eef b\u1ed3n ch\u1eafc ch\u1eafn.<\/span><\/p>\n<h3><b>Dung t\u00edch l\u1edbn, th\u00edch h\u1ee3p nhu c\u1ea7u s\u1eed d\u1ee5ng c\u1ee7a \u0111a d\u1ea1ng gia \u0111\u00ecnh<\/b><\/h3>\n<p><span style=\"font-weight: 400;\">V\u1edbi dung t\u00edch 5000L t\u01b0\u01a1ng \u0111\u01b0\u01a1ng 5 m\u00e9t kh\u1ed1i n\u01b0\u1edbc, B\u1ed3n inox T\u00e2n \u00c1 8 ngang 5000L ph\u00f9 h\u1ee3p m\u1ecdi nhu c\u1ea7u s\u1eed d\u1ee5ng c\u1ee7a gia \u0111\u00ecnh c\u00f3 s\u1ed1 th\u00e0nh vi\u00ean t\u1eeb 10 &#8211; 12 ng\u01b0\u1eddi. S\u1ea3n ph\u1ea9m c\u0169ng c\u00f3 t\u00e1c d\u1ee5ng h\u1eefu hi\u1ec7u trong nh\u1eefng ng\u00e0y h\u00e8 n\u00f3ng n\u1ef1c v\u00e0 nhu c\u1ea7u s\u1eed d\u1ee5ng n\u01b0\u1edbc sinh ho\u1ea1t t\u0103ng cao. B\u1ea1n c\u00f3 th\u1ec3 an t\u00e2m khi s\u1eed d\u1ee5ng B\u1ed3n inox T\u00e2n \u00c1 8 ngang 5000L m\u00e0 kh\u00f4ng c\u00f2n lo v\u1ec1 t\u00ecnh tr\u1ea1ng thi\u1ebfu n\u01b0\u1edbc, gi\u00e1n \u0111o\u1ea1n trong khi s\u1eed d\u1ee5ng hay ph\u1ea3i b\u01a1m n\u01b0\u1edbc nhi\u1ec1u l\u1ea7n trong m\u1ed9t ng\u00e0y.<\/span><\/p>\n<h3><b>N\u00fat th\u00f4ng h\u01a1i tr\u1eafng: Lo\u1ea1i b\u1ecf t\u1ea1p ch\u1ea5t \u2013 \u0110\u1ea3m b\u1ea3o ch\u1ea5t l\u01b0\u1ee3ng ngu\u1ed3n n\u01b0\u1edbc<\/b><\/h3>\n<p><span style=\"font-weight: 400;\">Ngu\u1ed3n n\u01b0\u1edbc l\u01b0u tr\u1eef l\u00e2u ng\u00e0y s\u1ebd sinh ra c\u00e1c t\u1ea1p kh\u00ed nh\u01b0 clo, flo,\u2026 v\u00e0 c\u00f3 th\u1ec3 g\u00e2y \u1ea3nh h\u01b0\u1edfng t\u1edbi ch\u1ea5t l\u01b0\u1ee3ng ngu\u1ed3n n\u01b0\u1edbc. \u0110\u1ec3 h\u1ea1n ch\u1ebf t\u00ecnh tr\u1ea1ng n\u00e0y c\u0169ng nh\u01b0 gi\u1ea3i ph\u00f3ng c\u00e1c lo\u1ea1i t\u1ea1p kh\u00ed t\u1ed3n \u0111\u1ed9ng, b\u1ed3n n\u01b0\u1edbc inox T\u00e2n \u00c1 8 ngang 5000L \u0111\u01b0\u1ee3c trang b\u1ecb n\u00fat th\u00f4ng h\u01a1i tr\u1eafng.<\/span><\/p>\n<h2><b>H\u01b0\u1edbng d\u1eabn l\u1eafp \u0111\u1eb7t, s\u1eed d\u1ee5ng<\/b><\/h2>\n<p><iframe title=\"H\u01b0\u1edbng d\u1eabn l\u1eafp \u0111\u1eb7t b\u1ed3n Inox T\u00e2n \u00c1 \u0110\u1ea1i Th\u00e0nh\" width=\"500\" height=\"281\" src=\"https:\/\/www.youtube.com\/embed\/6fgjnFzcGbs?feature=oembed\" frameborder=\"0\" allow=\"accelerometer; autoplay; clipboard-write; encrypted-media; gyroscope; picture-in-picture; web-share\" referrerpolicy=\"strict-origin-when-cross-origin\" allowfullscreen><\/iframe><\/p>\n<p>&nbsp;<\/p>\n","protected":false},"excerpt":{"rendered":"<ul>\n<li>S\u1ea3n ph\u1ea9m \u1ee9ng d\u1ee5ng c\u00f4ng ngh\u1ec7 h\u00e0n l\u0103n t\u1ef1 \u0111\u1ed9ng<\/li>\n<li>N\u00fat th\u00f4ng h\u01a1i tr\u1eafng gi\u00fap lo\u1ea1i b\u1ecf c\u00e1c lo\u1ea1i kh\u00ed \u0111\u1ed9c h\u1ea1i nh\u01b0 Clo, Flo v\u00e0 c\u00e1c t\u1ea1p kh\u00ed c\u00f3 m\u1eb7t trong n\u01b0\u1edbc<\/li>\n<li>Th\u00e2n b\u1ed3n s\u1eed d\u1ee5ng v\u1eadt li\u1ec7u Inox SUS 304 si\u00eau b\u1ec1n<\/li>\n<li>K\u1ebft c\u1ea5u \u0111a g\u00e2n vu\u00f4ng, s\u1eed d\u1ee5ng c\u00f4ng ngh\u1ec7 Nh\u1eadt B\u1ea3n gi\u00fap b\u1ed3n v\u1eefng ch\u1eafc, an to\u00e0n<\/li>\n<li>B\u1ea3o h\u00e0nh 15 n\u0103m<\/li>\n<\/ul>\n","protected":false},"featured_media":28737,"comment_status":"open","ping_status":"closed","template":"","meta":[],"region":[259],"product_brand":[],"product_cat":[182,303,296,294],"product_tag":[],"class_list":{"0":"post-16424","1":"product","2":"type-product","3":"status-publish","4":"has-post-thumbnail","6":"region-mien-bac","7":"product_cat-bon-nuoc-inox","8":"product_cat-bon-inox-5000l","9":"product_cat-bon-inox-ngang","10":"product_cat-bon-inox-tan-a-8","11":"pa_kich-thuoc-dai-x-rong-x-cao-3380-x-1500-x-1664","13":"first","14":"instock","15":"sale","16":"shipping-taxable","17":"purchasable","18":"product-type-simple"},"yoast_head":"<!-- This site is optimized with the Yoast SEO plugin v24.6 - https:\/\/yoast.com\/wordpress\/plugins\/seo\/ -->\n<title>B\u1ed3n inox T\u00e2n \u00c1 8 \u2013 5000N (\u00d81400) - T\u00e2n \u00c1 \u0110\u1ea1i Th\u00e0nh eShop<\/title>\n<meta name=\"description\" content=\"B\u1ed3n n\u01b0\u1edbc Inox T\u00e2n \u00c1 8\u00a0l\u00e0 s\u1ea3n ph\u1ea9m thu\u1ed9c ph\u00e2n kh\u00fac cao c\u1ea5p nh\u1ea5t c\u1ee7a T\u1eadp \u0111o\u00e0n T\u00e2n \u00c1 \u0110\u1ea1i Th\u00e0nh \u2013 th\u01b0\u01a1ng hi\u1ec7u chi\u1ebfm th\u1ecb ph\u1ea7n s\u1ed1 1 t\u1ea1i Vi\u1ec7t Nam trong ng\u00e0nh b\u1ed3n ch\u1ee9a n\u01b0\u1edbc. Kh\u00f4ng ch\u1ec9 n\u1ed5i b\u1eadt v\u1edbi ch\u1ea5t l\u01b0\u1ee3ng v\u01b0\u1ee3t tr\u1ed9i, d\u00f2ng b\u1ed3n n\u00e0y c\u00f2n \u0111\u01b0\u1ee3c \u1ee9ng d\u1ee5ng nhi\u1ec1u c\u00f4ng ngh\u1ec7 hi\u1ec7n \u0111\u1ea1i nh\u1eb1m t\u1ed1i \u01b0u \u0111\u1ed9 an to\u00e0n, \u0111\u1ed9 b\u1ec1n v\u00e0 kh\u1ea3 n\u0103ng b\u1ea3o v\u1ec7 ngu\u1ed3n n\u01b0\u1edbc.\" \/>\n<meta name=\"robots\" content=\"index, follow, max-snippet:-1, max-image-preview:large, max-video-preview:-1\" \/>\n<link rel=\"canonical\" href=\"https:\/\/shop.tanadaithanh.vn\/en\/san-pham\/bon-inox-tan-a-8-5000n-o1400\/\" \/>\n<meta property=\"og:locale\" content=\"en_US\" \/>\n<meta property=\"og:type\" content=\"article\" \/>\n<meta property=\"og:title\" content=\"B\u1ed3n inox T\u00e2n \u00c1 8 \u2013 5000N (\u00d81400) - T\u00e2n \u00c1 \u0110\u1ea1i Th\u00e0nh eShop\" \/>\n<meta property=\"og:description\" content=\"B\u1ed3n n\u01b0\u1edbc Inox T\u00e2n \u00c1 8\u00a0l\u00e0 s\u1ea3n ph\u1ea9m thu\u1ed9c ph\u00e2n kh\u00fac cao c\u1ea5p nh\u1ea5t c\u1ee7a T\u1eadp \u0111o\u00e0n T\u00e2n \u00c1 \u0110\u1ea1i Th\u00e0nh \u2013 th\u01b0\u01a1ng hi\u1ec7u chi\u1ebfm th\u1ecb ph\u1ea7n s\u1ed1 1 t\u1ea1i Vi\u1ec7t Nam trong ng\u00e0nh b\u1ed3n ch\u1ee9a n\u01b0\u1edbc. Kh\u00f4ng ch\u1ec9 n\u1ed5i b\u1eadt v\u1edbi ch\u1ea5t l\u01b0\u1ee3ng v\u01b0\u1ee3t tr\u1ed9i, d\u00f2ng b\u1ed3n n\u00e0y c\u00f2n \u0111\u01b0\u1ee3c \u1ee9ng d\u1ee5ng nhi\u1ec1u c\u00f4ng ngh\u1ec7 hi\u1ec7n \u0111\u1ea1i nh\u1eb1m t\u1ed1i \u01b0u \u0111\u1ed9 an to\u00e0n, \u0111\u1ed9 b\u1ec1n v\u00e0 kh\u1ea3 n\u0103ng b\u1ea3o v\u1ec7 ngu\u1ed3n n\u01b0\u1edbc.\" \/>\n<meta property=\"og:url\" content=\"https:\/\/shop.tanadaithanh.vn\/en\/san-pham\/bon-inox-tan-a-8-5000n-o1400\/\" \/>\n<meta property=\"og:site_name\" content=\"T\u00e2n \u00c1 \u0110\u1ea1i Th\u00e0nh eShop\" \/>\n<meta property=\"article:publisher\" content=\"https:\/\/www.facebook.com\/profile.php?id=61567171139919\" \/>\n<meta property=\"article:modified_time\" content=\"2026-04-04T04:56:28+00:00\" \/>\n<meta property=\"og:image\" content=\"https:\/\/shop.tanadaithanh.vn\/wp-content\/uploads\/2025\/08\/33.jpg\" \/>\n\t<meta property=\"og:image:width\" content=\"1200\" \/>\n\t<meta property=\"og:image:height\" content=\"1200\" \/>\n\t<meta property=\"og:image:type\" content=\"image\/jpeg\" \/>\n<meta name=\"twitter:card\" content=\"summary_large_image\" \/>\n<meta name=\"twitter:label1\" content=\"Est. reading time\" \/>\n\t<meta name=\"twitter:data1\" content=\"4 minutes\" \/>\n<script type=\"application\/ld+json\" class=\"yoast-schema-graph\">{\"@context\":\"https:\/\/schema.org\",\"@graph\":[{\"@type\":\"WebPage\",\"@id\":\"https:\/\/shop.tanadaithanh.vn\/en\/san-pham\/bon-inox-tan-a-8-5000n-o1400\/\",\"url\":\"https:\/\/shop.tanadaithanh.vn\/en\/san-pham\/bon-inox-tan-a-8-5000n-o1400\/\",\"name\":\"B\u1ed3n inox T\u00e2n \u00c1 8 \u2013 5000N (\u00d81400) - T\u00e2n \u00c1 \u0110\u1ea1i Th\u00e0nh eShop\",\"isPartOf\":{\"@id\":\"https:\/\/shop.tanadaithanh.vn\/en\/#website\"},\"primaryImageOfPage\":{\"@id\":\"https:\/\/shop.tanadaithanh.vn\/en\/san-pham\/bon-inox-tan-a-8-5000n-o1400\/#primaryimage\"},\"image\":{\"@id\":\"https:\/\/shop.tanadaithanh.vn\/en\/san-pham\/bon-inox-tan-a-8-5000n-o1400\/#primaryimage\"},\"thumbnailUrl\":\"https:\/\/shop.tanadaithanh.vn\/wp-content\/uploads\/2025\/08\/33.jpg\",\"datePublished\":\"2025-04-03T03:35:30+00:00\",\"dateModified\":\"2026-04-04T04:56:28+00:00\",\"description\":\"B\u1ed3n n\u01b0\u1edbc Inox T\u00e2n \u00c1 8\u00a0l\u00e0 s\u1ea3n ph\u1ea9m thu\u1ed9c ph\u00e2n kh\u00fac cao c\u1ea5p nh\u1ea5t c\u1ee7a T\u1eadp \u0111o\u00e0n T\u00e2n \u00c1 \u0110\u1ea1i Th\u00e0nh \u2013 th\u01b0\u01a1ng hi\u1ec7u chi\u1ebfm th\u1ecb ph\u1ea7n s\u1ed1 1 t\u1ea1i Vi\u1ec7t Nam trong ng\u00e0nh b\u1ed3n ch\u1ee9a n\u01b0\u1edbc. Kh\u00f4ng ch\u1ec9 n\u1ed5i b\u1eadt v\u1edbi ch\u1ea5t l\u01b0\u1ee3ng v\u01b0\u1ee3t tr\u1ed9i, d\u00f2ng b\u1ed3n n\u00e0y c\u00f2n \u0111\u01b0\u1ee3c \u1ee9ng d\u1ee5ng nhi\u1ec1u c\u00f4ng ngh\u1ec7 hi\u1ec7n \u0111\u1ea1i nh\u1eb1m t\u1ed1i \u01b0u \u0111\u1ed9 an to\u00e0n, \u0111\u1ed9 b\u1ec1n v\u00e0 kh\u1ea3 n\u0103ng b\u1ea3o v\u1ec7 ngu\u1ed3n n\u01b0\u1edbc.\",\"breadcrumb\":{\"@id\":\"https:\/\/shop.tanadaithanh.vn\/en\/san-pham\/bon-inox-tan-a-8-5000n-o1400\/#breadcrumb\"},\"inLanguage\":\"en-US\",\"potentialAction\":[{\"@type\":\"ReadAction\",\"target\":[\"https:\/\/shop.tanadaithanh.vn\/en\/san-pham\/bon-inox-tan-a-8-5000n-o1400\/\"]}]},{\"@type\":\"ImageObject\",\"inLanguage\":\"en-US\",\"@id\":\"https:\/\/shop.tanadaithanh.vn\/en\/san-pham\/bon-inox-tan-a-8-5000n-o1400\/#primaryimage\",\"url\":\"https:\/\/shop.tanadaithanh.vn\/wp-content\/uploads\/2025\/08\/33.jpg\",\"contentUrl\":\"https:\/\/shop.tanadaithanh.vn\/wp-content\/uploads\/2025\/08\/33.jpg\",\"width\":1200,\"height\":1200},{\"@type\":\"BreadcrumbList\",\"@id\":\"https:\/\/shop.tanadaithanh.vn\/en\/san-pham\/bon-inox-tan-a-8-5000n-o1400\/#breadcrumb\",\"itemListElement\":[{\"@type\":\"ListItem\",\"position\":1,\"name\":\"Trang ch\u1ee7\",\"item\":\"https:\/\/shop.tanadaithanh.vn\/en\/\"},{\"@type\":\"ListItem\",\"position\":2,\"name\":\"Shop\",\"item\":\"https:\/\/shop.tanadaithanh.vn\/cua-hang\/\"},{\"@type\":\"ListItem\",\"position\":3,\"name\":\"B\u1ed3n inox T\u00e2n \u00c1 8 \u2013 5000N (\u00d81400)\"}]},{\"@type\":\"WebSite\",\"@id\":\"https:\/\/shop.tanadaithanh.vn\/en\/#website\",\"url\":\"https:\/\/shop.tanadaithanh.vn\/en\/\",\"name\":\"T\u00e2n \u00c1 \u0110\u1ea1i Th\u00e0nh eShop - Trang website b\u00e1n h\u00e0ng ch\u00ednh th\u1ee9c T\u1eadp \u0111o\u00e0n T\u00e2n \u00c1 \u0110\u1ea1i Th\u00e0nh\",\"description\":\"Website b\u00e1n h\u00e0ng tr\u1ef1c tuy\u1ebfn v\u1eadn h\u00e0nh b\u1edfi ch\u00ednh T\u00e2n \u00c1 \u0110\u1ea1i Th\u00e0nh\",\"publisher\":{\"@id\":\"https:\/\/shop.tanadaithanh.vn\/en\/#organization\"},\"potentialAction\":[{\"@type\":\"SearchAction\",\"target\":{\"@type\":\"EntryPoint\",\"urlTemplate\":\"https:\/\/shop.tanadaithanh.vn\/en\/?s={search_term_string}\"},\"query-input\":{\"@type\":\"PropertyValueSpecification\",\"valueRequired\":true,\"valueName\":\"search_term_string\"}}],\"inLanguage\":\"en-US\"},{\"@type\":\"Organization\",\"@id\":\"https:\/\/shop.tanadaithanh.vn\/en\/#organization\",\"name\":\"T\u00e2n \u00c1 \u0110\u1ea1i Th\u00e0nh eShop - Trang website b\u00e1n h\u00e0ng ch\u00ednh th\u1ee9c T\u1eadp \u0111o\u00e0n T\u00e2n \u00c1 \u0110\u1ea1i Th\u00e0nh\",\"url\":\"https:\/\/shop.tanadaithanh.vn\/en\/\",\"logo\":{\"@type\":\"ImageObject\",\"inLanguage\":\"en-US\",\"@id\":\"https:\/\/shop.tanadaithanh.vn\/en\/#\/schema\/logo\/image\/\",\"url\":\"https:\/\/shop.tanadaithanh.vn\/wp-content\/uploads\/2025\/06\/Logo-2.png\",\"contentUrl\":\"https:\/\/shop.tanadaithanh.vn\/wp-content\/uploads\/2025\/06\/Logo-2.png\",\"width\":2000,\"height\":2000,\"caption\":\"T\u00e2n \u00c1 \u0110\u1ea1i Th\u00e0nh eShop - Trang website b\u00e1n h\u00e0ng ch\u00ednh th\u1ee9c T\u1eadp \u0111o\u00e0n T\u00e2n \u00c1 \u0110\u1ea1i Th\u00e0nh\"},\"image\":{\"@id\":\"https:\/\/shop.tanadaithanh.vn\/en\/#\/schema\/logo\/image\/\"},\"sameAs\":[\"https:\/\/www.facebook.com\/profile.php?id=61567171139919\",\"https:\/\/zalo.me\/3915163699004948284\"]}]}<\/script>\n<!-- \/ Yoast SEO plugin. -->","yoast_head_json":{"title":"B\u1ed3n inox T\u00e2n \u00c1 8 \u2013 5000N (\u00d81400) - T\u00e2n \u00c1 \u0110\u1ea1i Th\u00e0nh eShop","description":"B\u1ed3n n\u01b0\u1edbc Inox T\u00e2n \u00c1 8\u00a0l\u00e0 s\u1ea3n ph\u1ea9m thu\u1ed9c ph\u00e2n kh\u00fac cao c\u1ea5p nh\u1ea5t c\u1ee7a T\u1eadp \u0111o\u00e0n T\u00e2n \u00c1 \u0110\u1ea1i Th\u00e0nh \u2013 th\u01b0\u01a1ng hi\u1ec7u chi\u1ebfm th\u1ecb ph\u1ea7n s\u1ed1 1 t\u1ea1i Vi\u1ec7t Nam trong ng\u00e0nh b\u1ed3n ch\u1ee9a n\u01b0\u1edbc. Kh\u00f4ng ch\u1ec9 n\u1ed5i b\u1eadt v\u1edbi ch\u1ea5t l\u01b0\u1ee3ng v\u01b0\u1ee3t tr\u1ed9i, d\u00f2ng b\u1ed3n n\u00e0y c\u00f2n \u0111\u01b0\u1ee3c \u1ee9ng d\u1ee5ng nhi\u1ec1u c\u00f4ng ngh\u1ec7 hi\u1ec7n \u0111\u1ea1i nh\u1eb1m t\u1ed1i \u01b0u \u0111\u1ed9 an to\u00e0n, \u0111\u1ed9 b\u1ec1n v\u00e0 kh\u1ea3 n\u0103ng b\u1ea3o v\u1ec7 ngu\u1ed3n n\u01b0\u1edbc.","robots":{"index":"index","follow":"follow","max-snippet":"max-snippet:-1","max-image-preview":"max-image-preview:large","max-video-preview":"max-video-preview:-1"},"canonical":"https:\/\/shop.tanadaithanh.vn\/en\/san-pham\/bon-inox-tan-a-8-5000n-o1400\/","og_locale":"en_US","og_type":"article","og_title":"B\u1ed3n inox T\u00e2n \u00c1 8 \u2013 5000N (\u00d81400) - T\u00e2n \u00c1 \u0110\u1ea1i Th\u00e0nh eShop","og_description":"B\u1ed3n n\u01b0\u1edbc Inox T\u00e2n \u00c1 8\u00a0l\u00e0 s\u1ea3n ph\u1ea9m thu\u1ed9c ph\u00e2n kh\u00fac cao c\u1ea5p nh\u1ea5t c\u1ee7a T\u1eadp \u0111o\u00e0n T\u00e2n \u00c1 \u0110\u1ea1i Th\u00e0nh \u2013 th\u01b0\u01a1ng hi\u1ec7u chi\u1ebfm th\u1ecb ph\u1ea7n s\u1ed1 1 t\u1ea1i Vi\u1ec7t Nam trong ng\u00e0nh b\u1ed3n ch\u1ee9a n\u01b0\u1edbc. Kh\u00f4ng ch\u1ec9 n\u1ed5i b\u1eadt v\u1edbi ch\u1ea5t l\u01b0\u1ee3ng v\u01b0\u1ee3t tr\u1ed9i, d\u00f2ng b\u1ed3n n\u00e0y c\u00f2n \u0111\u01b0\u1ee3c \u1ee9ng d\u1ee5ng nhi\u1ec1u c\u00f4ng ngh\u1ec7 hi\u1ec7n \u0111\u1ea1i nh\u1eb1m t\u1ed1i \u01b0u \u0111\u1ed9 an to\u00e0n, \u0111\u1ed9 b\u1ec1n v\u00e0 kh\u1ea3 n\u0103ng b\u1ea3o v\u1ec7 ngu\u1ed3n n\u01b0\u1edbc.","og_url":"https:\/\/shop.tanadaithanh.vn\/en\/san-pham\/bon-inox-tan-a-8-5000n-o1400\/","og_site_name":"T\u00e2n \u00c1 \u0110\u1ea1i Th\u00e0nh eShop","article_publisher":"https:\/\/www.facebook.com\/profile.php?id=61567171139919","article_modified_time":"2026-04-04T04:56:28+00:00","og_image":[{"width":1200,"height":1200,"url":"https:\/\/shop.tanadaithanh.vn\/wp-content\/uploads\/2025\/08\/33.jpg","type":"image\/jpeg"}],"twitter_card":"summary_large_image","twitter_misc":{"Est. reading time":"4 minutes"},"schema":{"@context":"https:\/\/schema.org","@graph":[{"@type":"WebPage","@id":"https:\/\/shop.tanadaithanh.vn\/en\/san-pham\/bon-inox-tan-a-8-5000n-o1400\/","url":"https:\/\/shop.tanadaithanh.vn\/en\/san-pham\/bon-inox-tan-a-8-5000n-o1400\/","name":"B\u1ed3n inox T\u00e2n \u00c1 8 \u2013 5000N (\u00d81400) - T\u00e2n \u00c1 \u0110\u1ea1i Th\u00e0nh eShop","isPartOf":{"@id":"https:\/\/shop.tanadaithanh.vn\/en\/#website"},"primaryImageOfPage":{"@id":"https:\/\/shop.tanadaithanh.vn\/en\/san-pham\/bon-inox-tan-a-8-5000n-o1400\/#primaryimage"},"image":{"@id":"https:\/\/shop.tanadaithanh.vn\/en\/san-pham\/bon-inox-tan-a-8-5000n-o1400\/#primaryimage"},"thumbnailUrl":"https:\/\/shop.tanadaithanh.vn\/wp-content\/uploads\/2025\/08\/33.jpg","datePublished":"2025-04-03T03:35:30+00:00","dateModified":"2026-04-04T04:56:28+00:00","description":"B\u1ed3n n\u01b0\u1edbc Inox T\u00e2n \u00c1 8\u00a0l\u00e0 s\u1ea3n ph\u1ea9m thu\u1ed9c ph\u00e2n kh\u00fac cao c\u1ea5p nh\u1ea5t c\u1ee7a T\u1eadp \u0111o\u00e0n T\u00e2n \u00c1 \u0110\u1ea1i Th\u00e0nh \u2013 th\u01b0\u01a1ng hi\u1ec7u chi\u1ebfm th\u1ecb ph\u1ea7n s\u1ed1 1 t\u1ea1i Vi\u1ec7t Nam trong ng\u00e0nh b\u1ed3n ch\u1ee9a n\u01b0\u1edbc. Kh\u00f4ng ch\u1ec9 n\u1ed5i b\u1eadt v\u1edbi ch\u1ea5t l\u01b0\u1ee3ng v\u01b0\u1ee3t tr\u1ed9i, d\u00f2ng b\u1ed3n n\u00e0y c\u00f2n \u0111\u01b0\u1ee3c \u1ee9ng d\u1ee5ng nhi\u1ec1u c\u00f4ng ngh\u1ec7 hi\u1ec7n \u0111\u1ea1i nh\u1eb1m t\u1ed1i \u01b0u \u0111\u1ed9 an to\u00e0n, \u0111\u1ed9 b\u1ec1n v\u00e0 kh\u1ea3 n\u0103ng b\u1ea3o v\u1ec7 ngu\u1ed3n n\u01b0\u1edbc.","breadcrumb":{"@id":"https:\/\/shop.tanadaithanh.vn\/en\/san-pham\/bon-inox-tan-a-8-5000n-o1400\/#breadcrumb"},"inLanguage":"en-US","potentialAction":[{"@type":"ReadAction","target":["https:\/\/shop.tanadaithanh.vn\/en\/san-pham\/bon-inox-tan-a-8-5000n-o1400\/"]}]},{"@type":"ImageObject","inLanguage":"en-US","@id":"https:\/\/shop.tanadaithanh.vn\/en\/san-pham\/bon-inox-tan-a-8-5000n-o1400\/#primaryimage","url":"https:\/\/shop.tanadaithanh.vn\/wp-content\/uploads\/2025\/08\/33.jpg","contentUrl":"https:\/\/shop.tanadaithanh.vn\/wp-content\/uploads\/2025\/08\/33.jpg","width":1200,"height":1200},{"@type":"BreadcrumbList","@id":"https:\/\/shop.tanadaithanh.vn\/en\/san-pham\/bon-inox-tan-a-8-5000n-o1400\/#breadcrumb","itemListElement":[{"@type":"ListItem","position":1,"name":"Trang ch\u1ee7","item":"https:\/\/shop.tanadaithanh.vn\/en\/"},{"@type":"ListItem","position":2,"name":"Shop","item":"https:\/\/shop.tanadaithanh.vn\/cua-hang\/"},{"@type":"ListItem","position":3,"name":"B\u1ed3n inox T\u00e2n \u00c1 8 \u2013 5000N (\u00d81400)"}]},{"@type":"WebSite","@id":"https:\/\/shop.tanadaithanh.vn\/en\/#website","url":"https:\/\/shop.tanadaithanh.vn\/en\/","name":"T\u00e2n \u00c1 \u0110\u1ea1i Th\u00e0nh eShop - Trang website b\u00e1n h\u00e0ng ch\u00ednh th\u1ee9c T\u1eadp \u0111o\u00e0n T\u00e2n \u00c1 \u0110\u1ea1i Th\u00e0nh","description":"Website b\u00e1n h\u00e0ng tr\u1ef1c tuy\u1ebfn v\u1eadn h\u00e0nh b\u1edfi ch\u00ednh T\u00e2n \u00c1 \u0110\u1ea1i Th\u00e0nh","publisher":{"@id":"https:\/\/shop.tanadaithanh.vn\/en\/#organization"},"potentialAction":[{"@type":"SearchAction","target":{"@type":"EntryPoint","urlTemplate":"https:\/\/shop.tanadaithanh.vn\/en\/?s={search_term_string}"},"query-input":{"@type":"PropertyValueSpecification","valueRequired":true,"valueName":"search_term_string"}}],"inLanguage":"en-US"},{"@type":"Organization","@id":"https:\/\/shop.tanadaithanh.vn\/en\/#organization","name":"T\u00e2n \u00c1 \u0110\u1ea1i Th\u00e0nh eShop - Trang website b\u00e1n h\u00e0ng ch\u00ednh th\u1ee9c T\u1eadp \u0111o\u00e0n T\u00e2n \u00c1 \u0110\u1ea1i Th\u00e0nh","url":"https:\/\/shop.tanadaithanh.vn\/en\/","logo":{"@type":"ImageObject","inLanguage":"en-US","@id":"https:\/\/shop.tanadaithanh.vn\/en\/#\/schema\/logo\/image\/","url":"https:\/\/shop.tanadaithanh.vn\/wp-content\/uploads\/2025\/06\/Logo-2.png","contentUrl":"https:\/\/shop.tanadaithanh.vn\/wp-content\/uploads\/2025\/06\/Logo-2.png","width":2000,"height":2000,"caption":"T\u00e2n \u00c1 \u0110\u1ea1i Th\u00e0nh eShop - Trang website b\u00e1n h\u00e0ng ch\u00ednh th\u1ee9c T\u1eadp \u0111o\u00e0n T\u00e2n \u00c1 \u0110\u1ea1i Th\u00e0nh"},"image":{"@id":"https:\/\/shop.tanadaithanh.vn\/en\/#\/schema\/logo\/image\/"},"sameAs":["https:\/\/www.facebook.com\/profile.php?id=61567171139919","https:\/\/zalo.me\/3915163699004948284"]}]}},"_links":{"self":[{"href":"https:\/\/shop.tanadaithanh.vn\/en\/wp-json\/wp\/v2\/product\/16424","targetHints":{"allow":["GET"]}}],"collection":[{"href":"https:\/\/shop.tanadaithanh.vn\/en\/wp-json\/wp\/v2\/product"}],"about":[{"href":"https:\/\/shop.tanadaithanh.vn\/en\/wp-json\/wp\/v2\/types\/product"}],"replies":[{"embeddable":true,"href":"https:\/\/shop.tanadaithanh.vn\/en\/wp-json\/wp\/v2\/comments?post=16424"}],"version-history":[{"count":5,"href":"https:\/\/shop.tanadaithanh.vn\/en\/wp-json\/wp\/v2\/product\/16424\/revisions"}],"predecessor-version":[{"id":31852,"href":"https:\/\/shop.tanadaithanh.vn\/en\/wp-json\/wp\/v2\/product\/16424\/revisions\/31852"}],"wp:featuredmedia":[{"embeddable":true,"href":"https:\/\/shop.tanadaithanh.vn\/en\/wp-json\/wp\/v2\/media\/28737"}],"wp:attachment":[{"href":"https:\/\/shop.tanadaithanh.vn\/en\/wp-json\/wp\/v2\/media?parent=16424"}],"wp:term":[{"taxonomy":"region","embeddable":true,"href":"https:\/\/shop.tanadaithanh.vn\/en\/wp-json\/wp\/v2\/region?post=16424"},{"taxonomy":"product_brand","embeddable":true,"href":"https:\/\/shop.tanadaithanh.vn\/en\/wp-json\/wp\/v2\/product_brand?post=16424"},{"taxonomy":"product_cat","embeddable":true,"href":"https:\/\/shop.tanadaithanh.vn\/en\/wp-json\/wp\/v2\/product_cat?post=16424"},{"taxonomy":"product_tag","embeddable":true,"href":"https:\/\/shop.tanadaithanh.vn\/en\/wp-json\/wp\/v2\/product_tag?post=16424"}],"curies":[{"name":"wp","href":"https:\/\/api.w.org\/{rel}","templated":true}]}}