{"id":16361,"date":"2025-04-03T10:35:07","date_gmt":"2025-04-03T03:35:07","guid":{"rendered":"https:\/\/shop.tanadaithanh.vn\/product\/may-loc-nuoc-tan-a-dai-thanh-ro-smart-9-loi\/"},"modified":"2025-11-13T16:53:21","modified_gmt":"2025-11-13T09:53:21","slug":"may-loc-nuoc-tan-a-dai-thanh-ro-smart-9-loi","status":"publish","type":"product","link":"https:\/\/shop.tanadaithanh.vn\/en\/san-pham\/may-loc-nuoc-tan-a-dai-thanh-ro-smart-9-loi\/","title":{"rendered":"M\u00e1y l\u1ecdc n\u01b0\u1edbc T\u00e2n \u00c1 \u0110\u1ea1i Th\u00e0nh RO Smart 9 l\u00f5i"},"content":{"rendered":"<p><strong>C\u00f4ng ngh\u1ec7 th\u00f4ng minh \u2013 Tinh khi\u1ebft t\u1eebng gi\u1ecdt \u2013 An t\u00e2m m\u1ed7i ng\u00e0y<\/strong><br \/>\nRO T\u00e2n \u00c1 \u0110\u1ea1i Th\u00e0nh Smart l\u00e0 d\u00f2ng m\u00e1y l\u1ecdc n\u01b0\u1edbc cao c\u1ea5p thu\u1ed9c T\u1eadp \u0111o\u00e0n T\u00e2n \u00c1 \u0110\u1ea1i Th\u00e0nh \u2013 th\u01b0\u01a1ng hi\u1ec7u uy t\u00edn h\u00e0ng \u0111\u1ea7u trong ng\u00e0nh n\u01b0\u1edbc s\u1ea1ch v\u00e0 gia d\u1ee5ng. S\u1ea3n ph\u1ea9m \u0111\u01b0\u1ee3c thi\u1ebft k\u1ebf v\u1edbi ki\u1ec3u d\u00e1ng hi\u1ec7n \u0111\u1ea1i, k\u1ebft h\u1ee3p h\u1ec7 th\u1ed1ng l\u1ecdc th\u00f4ng minh, mang \u0111\u1ebfn ngu\u1ed3n n\u01b0\u1edbc tinh khi\u1ebft \u2013 an to\u00e0n \u2013 b\u1ed5 d\u01b0\u1ee1ng cho m\u1ecdi gia \u0111\u00ecnh Vi\u1ec7t. H\u00e0ng ng\u00e0n \u01b0u \u0111\u00e3i \u0111ang \u0111\u1ee3i b\u1ea1n!<\/p>\n<p><img fetchpriority=\"high\" decoding=\"async\" class=\"aligncenter wp-image-25494\" src=\"https:\/\/shop.tanadaithanh.vn\/wp-content\/uploads\/2025\/04\/post-4-300x300.jpg\" alt=\"\" width=\"461\" height=\"461\" srcset=\"https:\/\/shop.tanadaithanh.vn\/wp-content\/uploads\/2025\/04\/post-4-300x300.jpg 300w, https:\/\/shop.tanadaithanh.vn\/wp-content\/uploads\/2025\/04\/post-4-1024x1024.jpg 1024w, https:\/\/shop.tanadaithanh.vn\/wp-content\/uploads\/2025\/04\/post-4-150x150.jpg 150w, https:\/\/shop.tanadaithanh.vn\/wp-content\/uploads\/2025\/04\/post-4-768x768.jpg 768w, https:\/\/shop.tanadaithanh.vn\/wp-content\/uploads\/2025\/04\/post-4-600x600.jpg 600w, https:\/\/shop.tanadaithanh.vn\/wp-content\/uploads\/2025\/04\/post-4.jpg 1200w\" sizes=\"(max-width: 461px) 100vw, 461px\" \/><\/p>\n<p><strong>1. M\u00e0ng l\u1ecdc RO cao c\u1ea5p \u2013 Lo\u1ea1i b\u1ecf 99,99% vi khu\u1ea9n, virus<\/strong><br \/>\nGi\u00fap lo\u1ea1i b\u1ecf ho\u00e0n to\u00e0n c\u00e1c t\u1ea1p ch\u1ea5t, kim lo\u1ea1i n\u1eb7ng, h\u00f3a ch\u1ea5t \u0111\u1ed9c h\u1ea1i trong n\u01b0\u1edbc.<br \/>\n\ud83d\udc49 Ngu\u1ed3n n\u01b0\u1edbc sau l\u1ecdc \u0111\u1ea1t chu\u1ea9n u\u1ed1ng tr\u1ef1c ti\u1ebfp, an to\u00e0n cho tr\u1ebb nh\u1ecf v\u00e0 ng\u01b0\u1eddi l\u1edbn tu\u1ed5i.<\/p>\n<p><strong>2. M\u00e0ng l\u1ecdc UF \u2013 Ch\u1ed1ng t\u00e1i khu\u1ea9n hi\u1ec7u qu\u1ea3<\/strong><br \/>\nL\u00e0 l\u1edbp b\u1ea3o v\u1ec7 cu\u1ed1i c\u00f9ng, gi\u00fap ng\u0103n t\u00ecnh tr\u1ea1ng t\u00e1i nhi\u1ec5m khu\u1ea9n sau l\u1ecdc.<br \/>\n\ud83d\udc49 \u0110\u1ea3m b\u1ea3o n\u01b0\u1edbc lu\u00f4n tinh khi\u1ebft \u0111\u1ebfn th\u1eddi \u0111i\u1ec3m s\u1eed d\u1ee5ng.<\/p>\n<p><img decoding=\"async\" class=\"aligncenter wp-image-25496\" src=\"https:\/\/shop.tanadaithanh.vn\/wp-content\/uploads\/2025\/04\/3-5-1-300x300.jpg\" alt=\"\" width=\"451\" height=\"451\" srcset=\"https:\/\/shop.tanadaithanh.vn\/wp-content\/uploads\/2025\/04\/3-5-1-300x300.jpg 300w, https:\/\/shop.tanadaithanh.vn\/wp-content\/uploads\/2025\/04\/3-5-1-1024x1024.jpg 1024w, https:\/\/shop.tanadaithanh.vn\/wp-content\/uploads\/2025\/04\/3-5-1-150x150.jpg 150w, https:\/\/shop.tanadaithanh.vn\/wp-content\/uploads\/2025\/04\/3-5-1-768x768.jpg 768w, https:\/\/shop.tanadaithanh.vn\/wp-content\/uploads\/2025\/04\/3-5-1-1536x1536.jpg 1536w, https:\/\/shop.tanadaithanh.vn\/wp-content\/uploads\/2025\/04\/3-5-1-2048x2048.jpg 2048w, https:\/\/shop.tanadaithanh.vn\/wp-content\/uploads\/2025\/04\/3-5-1-600x600.jpg 600w, https:\/\/shop.tanadaithanh.vn\/wp-content\/uploads\/2025\/04\/3-5-1-1200x1200.jpg 1200w\" sizes=\"(max-width: 451px) 100vw, 451px\" \/><\/p>\n<p>&nbsp;<\/p>\n<p><strong>3. L\u00f5i b\u00f9 kho\u00e1ng \u2013 B\u1ed5 sung vi ch\u1ea5t c\u1ea7n thi\u1ebft cho c\u01a1 th\u1ec3<\/strong><br \/>\nGi\u00fap c\u1ea3i thi\u1ec7n m\u00f9i v\u1ecb n\u01b0\u1edbc v\u00e0 t\u0103ng c\u01b0\u1eddng kho\u00e1ng ch\u1ea5t c\u00f3 l\u1ee3i nh\u01b0 canxi, magie\u2026<br \/>\n\ud83d\udc49 Ph\u00f9 h\u1ee3p cho ng\u01b0\u1eddi \u0103n u\u1ed1ng thanh \u0111\u1ea1m, t\u1ed1t cho h\u1ec7 ti\u00eau h\u00f3a, tim m\u1ea1ch v\u00e0 x\u01b0\u01a1ng kh\u1edbp.<\/p>\n<p><strong>4. C\u00f4ng su\u1ea5t l\u1ecdc m\u1ea1nh m\u1ebd 80 GPD \u2013 Hi\u1ec7u qu\u1ea3 t\u1ed1i \u01b0u<\/strong><br \/>\nCho kh\u1ea3 n\u0103ng l\u1ecdc nhanh v\u00e0 \u0111\u1ec1u, thu h\u1ed3i n\u01b0\u1edbc tinh khi\u1ebft l\u00ean \u0111\u1ebfn 50%, gi\u00fap ti\u1ebft ki\u1ec7m n\u01b0\u1edbc so v\u1edbi d\u00f2ng m\u00e1y RO th\u00f4ng th\u01b0\u1eddng.<\/p>\n<p><strong>5. H\u1ec7 th\u1ed1ng c\u1ea5p l\u1ecdc \u0111a t\u1ea7ng (7\u201310 l\u00f5i)<\/strong><br \/>\nT\u00f9y ch\u1ec9nh linh ho\u1ea1t theo t\u1eebng ngu\u1ed3n n\u01b0\u1edbc \u0111\u1ea7u v\u00e0o (n\u01b0\u1edbc m\u00e1y, n\u01b0\u1edbc gi\u1ebfng, n\u01b0\u1edbc nhi\u1ec5m ph\u00e8n&#8230;)<br \/>\n\ud83d\udc49 \u0110\u1ea3m b\u1ea3o l\u1ecdc s\u1ea1ch s\u00e2u \u2013 ph\u00f9 h\u1ee3p v\u1edbi \u0111i\u1ec1u ki\u1ec7n n\u01b0\u1edbc t\u1ea1i Vi\u1ec7t Nam.<\/p>\n<p>&nbsp;<\/p>\n<p><strong>6. Thi\u1ebft k\u1ebf sang tr\u1ecdng \u2013 Nh\u1ecf g\u1ecdn \u2013 D\u1ec5 l\u1eafp \u0111\u1eb7t<\/strong><\/p>\n<ul>\n<li>V\u1ecf m\u00e1y l\u00e0m t\u1eeb nh\u1ef1a cao c\u1ea5p, ch\u1ed1ng b\u00e1m b\u1ea9n, b\u1ec1n m\u00e0u.<\/li>\n<li>Thi\u1ebft k\u1ebf t\u1ed1i gi\u1ea3n \u2013 tinh t\u1ebf, ph\u00f9 h\u1ee3p v\u1edbi m\u1ecdi kh\u00f4ng gian b\u1ebfp, ph\u00f2ng \u0103n, v\u0103n ph\u00f2ng.<\/li>\n<li>D\u1ec5 th\u00e1o l\u1eafp, v\u1ec7 sinh v\u00e0 thay l\u00f5i, thu\u1eadn ti\u1ec7n s\u1eed d\u1ee5ng l\u00e2u d\u00e0i.<\/li>\n<\/ul>\n<p>M\u00e1y l\u1ecdc n\u01b0\u1edbc RO T\u00e2n \u00c1 \u0110\u1ea1i Th\u00e0nh Smart l\u00e0 l\u1ef1a ch\u1ecdn th\u00f4ng minh cho gia \u0111\u00ecnh hi\u1ec7n \u0111\u1ea1i, gi\u00fap b\u1ea3o v\u1ec7 s\u1ee9c kh\u1ecfe b\u1eb1ng ngu\u1ed3n n\u01b0\u1edbc s\u1ea1ch chu\u1ea9n qu\u1ed1c t\u1ebf \u2013 ngay t\u1ea1i nh\u00e0.<\/p>\n<p><strong>TH\u00d4NG S\u1ed0 K\u1ef8 THU\u1eacT<\/strong><\/p>\n<div class=\"wpb_text_column wpb_content_element\">\n<div class=\"wpb_wrapper\">\n<p>\u00a0Th\u01b0\u01a1ng hi\u1ec7u: T\u00e2n \u00c1 \u0110\u1ea1i Th\u00e0nh<br \/>\nB\u1ea3o h\u00e0nh: 12 th\u00e1ng ch\u00ednh h\u00e3ng<br \/>\nS\u1ed1 l\u01b0\u1ee3ng l\u00f5i l\u1ecdc: 11 l\u00f5i<br \/>\nCh\u1ee9c n\u0103ng \u0111\u1ea7u ra: 1 v\u00f2i n\u01b0\u1edbc l\u1ecdc<br \/>\nC\u00f4ng su\u1ea5t l\u1ecdc: 17 lit\/gi\u1edd (ph\u1ee5 thu\u1ed9c ngu\u1ed3n n\u01b0\u1edbc \u0111\u1ea7u v\u00e0o)<br \/>\n\u0110i\u1ec7n \u00e1p ngu\u1ed3n v\u00e0o: 220V\/50Hz<br \/>\nTh\u00e0nh ph\u1ea7n c\u1ea5u t\u1ea1o ch\u00ednh: L\u00f5i l\u1ecdc th\u00f4, l\u00f5i l\u1ecdc RO v\u00e0 c\u00e1c l\u00f5i l\u1ecdc ch\u1ee9c n\u0103ng.<br \/>\nK\u00edch th\u01b0\u1edbc t\u1ee7 l\u1ecdc: W320 x D348 x H997 mm<\/p>\n<\/div>\n<\/div>\n<p><img decoding=\"async\" class=\"aligncenter wp-image-25490\" src=\"https:\/\/shop.tanadaithanh.vn\/wp-content\/uploads\/2025\/04\/z6594013028150_7dbc9baa62173b2d408ed9ba1b1e32bb-300x300.jpg\" alt=\"\" width=\"460\" height=\"460\" srcset=\"https:\/\/shop.tanadaithanh.vn\/wp-content\/uploads\/2025\/04\/z6594013028150_7dbc9baa62173b2d408ed9ba1b1e32bb-300x300.jpg 300w, https:\/\/shop.tanadaithanh.vn\/wp-content\/uploads\/2025\/04\/z6594013028150_7dbc9baa62173b2d408ed9ba1b1e32bb-1024x1024.jpg 1024w, https:\/\/shop.tanadaithanh.vn\/wp-content\/uploads\/2025\/04\/z6594013028150_7dbc9baa62173b2d408ed9ba1b1e32bb-150x150.jpg 150w, https:\/\/shop.tanadaithanh.vn\/wp-content\/uploads\/2025\/04\/z6594013028150_7dbc9baa62173b2d408ed9ba1b1e32bb-768x768.jpg 768w, https:\/\/shop.tanadaithanh.vn\/wp-content\/uploads\/2025\/04\/z6594013028150_7dbc9baa62173b2d408ed9ba1b1e32bb-1536x1536.jpg 1536w, https:\/\/shop.tanadaithanh.vn\/wp-content\/uploads\/2025\/04\/z6594013028150_7dbc9baa62173b2d408ed9ba1b1e32bb-600x600.jpg 600w, https:\/\/shop.tanadaithanh.vn\/wp-content\/uploads\/2025\/04\/z6594013028150_7dbc9baa62173b2d408ed9ba1b1e32bb-1200x1200.jpg 1200w, https:\/\/shop.tanadaithanh.vn\/wp-content\/uploads\/2025\/04\/z6594013028150_7dbc9baa62173b2d408ed9ba1b1e32bb.jpg 2000w\" sizes=\"(max-width: 460px) 100vw, 460px\" \/><\/p>\n<p><strong>\ud83d\udc49 T\u00e2n \u00c1 \u0110\u1ea1i Th\u00e0nh \u2013 V\u00ec m\u1ed9t Vi\u1ec7t Nam kh\u1ecfe m\u1ea1nh t\u1eeb nh\u1eefng \u0111i\u1ec1u nh\u1ecf nh\u1ea5t.<\/strong><\/p>\n<p><strong>7. Mua M\u00e1y l\u1ecdc n\u01b0\u1edbc T\u00e2n \u00c1 \u0110\u1ea1i Th\u00e0nh ch\u00ednh h\u00e3ng \u1edf \u0111\u00e2u?<\/strong><\/p>\n<p>\u0110\u1ec3 \u0111\u1ea3m b\u1ea3o ch\u1ea5t l\u01b0\u1ee3ng, quy\u1ec1n l\u1ee3i b\u1ea3o h\u00e0nh v\u00e0 h\u1ed7 tr\u1ee3 k\u1ef9 thu\u1eadt, ng\u01b0\u1eddi d\u00f9ng n\u00ean mua tr\u1ef1c ti\u1ebfp t\u1ea1i:<br \/>\nWebsite ch\u00ednh h\u00e3ng: shop.tanadaithanh.vn<br \/>\n\u01afu \u0111\u00e3i khi mua t\u1ea1i shop.tanadaithanh.vn:<\/p>\n<p><strong>\u2013 Mi\u1ec5n ph\u00ed v\u1eadn chuy\u1ec3n<\/strong><br \/>\n<strong>\u2013 Thanh to\u00e1n linh ho\u1ea1t, h\u1ed7 tr\u1ee3 tr\u1ea3 ch\u1eadm 0% cho s\u1ea3n ph\u1ea9m t\u1eeb 3 Tri\u1ec7u<\/strong><br \/>\n<strong>\u2013 B\u1ea3o h\u00e0nh \u0111i\u1ec7n t\u1eed 12 th\u00e1ng ch\u00ednh h\u00e3ng<\/strong><br \/>\n<strong>\u2013 T\u01b0 v\u1ea5n k\u1ef9 thu\u1eadt tr\u1ef1c ti\u1ebfp t\u1eeb \u0111\u1ed9i ng\u0169 chuy\u00ean m\u00f4n<\/strong><\/p>\n<p>Li\u00ean h\u1ec7 ngay qua hotline 0986 86 86 85 \u0111\u1ec3 \u0111\u01b0\u1ee3c t\u01b0 v\u1ea5n, h\u1ed7 tr\u1ee3 nhanh nh\u1ea5t !<\/p>\n<p><iframe title=\"N\u01b0\u1edbc s\u1ea1ch m\u1ed7i ng\u00e0y, an t\u00e2m s\u1ee9c kho\u1ebb v\u1edbi M\u00e1y l\u1ecdc n\u01b0\u1edbc Ro T\u00e2n \u00c1 \u0110\u1ea1i Th\u00e0nh\" width=\"500\" height=\"281\" src=\"https:\/\/www.youtube.com\/embed\/4wsD3tghzq4?feature=oembed\" frameborder=\"0\" allow=\"accelerometer; autoplay; clipboard-write; encrypted-media; gyroscope; picture-in-picture; web-share\" referrerpolicy=\"strict-origin-when-cross-origin\" allowfullscreen><\/iframe><\/p>\n","protected":false},"excerpt":{"rendered":"<p>C\u00f4ng ngh\u1ec7 th\u00f4ng minh \u2013 Tinh khi\u1ebft t\u1eebng gi\u1ecdt \u2013 An t\u00e2m m\u1ed7i ng\u00e0y RO T\u00e2n \u00c1 \u0110\u1ea1i Th\u00e0nh Smart<\/p>\n","protected":false},"featured_media":28791,"comment_status":"open","ping_status":"closed","template":"","meta":[],"region":[259,260],"product_brand":[],"product_cat":[195,339,416,198],"product_tag":[],"class_list":{"0":"post-16361","1":"product","2":"type-product","3":"status-publish","4":"has-post-thumbnail","6":"region-mien-bac","7":"region-mien-nam","8":"product_cat-may-loc-nuoc-r-o","9":"product_cat-may-loc-nuoc-ro-9-loi","10":"product_cat-noi-bat-mln","11":"product_cat-ro-tan-a-smart","13":"first","14":"instock","15":"sale","16":"sold-individually","17":"shipping-taxable","18":"purchasable","19":"product-type-simple"},"yoast_head":"<!-- This site is optimized with the Yoast SEO plugin v24.6 - https:\/\/yoast.com\/wordpress\/plugins\/seo\/ -->\n<title>M\u00e1y l\u1ecdc n\u01b0\u1edbc T\u00e2n \u00c1 \u0110\u1ea1i Th\u00e0nh RO Smart 9 l\u00f5i - T\u00e2n \u00c1 \u0110\u1ea1i Th\u00e0nh eShop<\/title>\n<meta name=\"description\" content=\"M\u00e1y l\u1ecdc n\u01b0\u1edbc MLN Smart T\u00e2n \u00c1 \u0110\u1ea1i Th\u00e0nh \u2013 l\u1ecdc s\u1ea1ch 99.9% vi khu\u1ea9n, t\u00edch h\u1ee3p c\u00f4ng ngh\u1ec7 RO th\u00f4ng minh, ti\u1ebft ki\u1ec7m \u0111i\u1ec7n n\u01b0\u1edbc, b\u1ea3o v\u1ec7 s\u1ee9c kh\u1ecfe gia \u0111\u00ecnh b\u1ea1n.\" \/>\n<meta name=\"robots\" content=\"index, follow, max-snippet:-1, max-image-preview:large, max-video-preview:-1\" \/>\n<link rel=\"canonical\" href=\"https:\/\/shop.tanadaithanh.vn\/en\/san-pham\/may-loc-nuoc-tan-a-dai-thanh-ro-smart-9-loi\/\" \/>\n<meta property=\"og:locale\" content=\"en_US\" \/>\n<meta property=\"og:type\" content=\"article\" \/>\n<meta property=\"og:title\" content=\"M\u00e1y l\u1ecdc n\u01b0\u1edbc T\u00e2n \u00c1 \u0110\u1ea1i Th\u00e0nh RO Smart 9 l\u00f5i - T\u00e2n \u00c1 \u0110\u1ea1i Th\u00e0nh eShop\" \/>\n<meta property=\"og:description\" content=\"M\u00e1y l\u1ecdc n\u01b0\u1edbc MLN Smart T\u00e2n \u00c1 \u0110\u1ea1i Th\u00e0nh \u2013 l\u1ecdc s\u1ea1ch 99.9% vi khu\u1ea9n, t\u00edch h\u1ee3p c\u00f4ng ngh\u1ec7 RO th\u00f4ng minh, ti\u1ebft ki\u1ec7m \u0111i\u1ec7n n\u01b0\u1edbc, b\u1ea3o v\u1ec7 s\u1ee9c kh\u1ecfe gia \u0111\u00ecnh b\u1ea1n.\" \/>\n<meta property=\"og:url\" content=\"https:\/\/shop.tanadaithanh.vn\/en\/san-pham\/may-loc-nuoc-tan-a-dai-thanh-ro-smart-9-loi\/\" \/>\n<meta property=\"og:site_name\" content=\"T\u00e2n \u00c1 \u0110\u1ea1i Th\u00e0nh eShop\" \/>\n<meta property=\"article:publisher\" content=\"https:\/\/www.facebook.com\/profile.php?id=61567171139919\" \/>\n<meta property=\"article:modified_time\" content=\"2025-11-13T09:53:21+00:00\" \/>\n<meta property=\"og:image\" content=\"https:\/\/shop.tanadaithanh.vn\/wp-content\/uploads\/2025\/08\/11.jpg\" \/>\n\t<meta property=\"og:image:width\" content=\"1200\" \/>\n\t<meta property=\"og:image:height\" content=\"1200\" \/>\n\t<meta property=\"og:image:type\" content=\"image\/jpeg\" \/>\n<meta name=\"twitter:card\" content=\"summary_large_image\" \/>\n<meta name=\"twitter:label1\" content=\"Est. reading time\" \/>\n\t<meta name=\"twitter:data1\" content=\"4 minutes\" \/>\n<script type=\"application\/ld+json\" class=\"yoast-schema-graph\">{\"@context\":\"https:\/\/schema.org\",\"@graph\":[{\"@type\":\"WebPage\",\"@id\":\"https:\/\/shop.tanadaithanh.vn\/en\/san-pham\/may-loc-nuoc-tan-a-dai-thanh-ro-smart-9-loi\/\",\"url\":\"https:\/\/shop.tanadaithanh.vn\/en\/san-pham\/may-loc-nuoc-tan-a-dai-thanh-ro-smart-9-loi\/\",\"name\":\"M\u00e1y l\u1ecdc n\u01b0\u1edbc T\u00e2n \u00c1 \u0110\u1ea1i Th\u00e0nh RO Smart 9 l\u00f5i - T\u00e2n \u00c1 \u0110\u1ea1i Th\u00e0nh eShop\",\"isPartOf\":{\"@id\":\"https:\/\/shop.tanadaithanh.vn\/en\/#website\"},\"primaryImageOfPage\":{\"@id\":\"https:\/\/shop.tanadaithanh.vn\/en\/san-pham\/may-loc-nuoc-tan-a-dai-thanh-ro-smart-9-loi\/#primaryimage\"},\"image\":{\"@id\":\"https:\/\/shop.tanadaithanh.vn\/en\/san-pham\/may-loc-nuoc-tan-a-dai-thanh-ro-smart-9-loi\/#primaryimage\"},\"thumbnailUrl\":\"https:\/\/shop.tanadaithanh.vn\/wp-content\/uploads\/2025\/08\/11.jpg\",\"datePublished\":\"2025-04-03T03:35:07+00:00\",\"dateModified\":\"2025-11-13T09:53:21+00:00\",\"description\":\"M\u00e1y l\u1ecdc n\u01b0\u1edbc MLN Smart T\u00e2n \u00c1 \u0110\u1ea1i Th\u00e0nh \u2013 l\u1ecdc s\u1ea1ch 99.9% vi khu\u1ea9n, t\u00edch h\u1ee3p c\u00f4ng ngh\u1ec7 RO th\u00f4ng minh, ti\u1ebft ki\u1ec7m \u0111i\u1ec7n n\u01b0\u1edbc, b\u1ea3o v\u1ec7 s\u1ee9c kh\u1ecfe gia \u0111\u00ecnh b\u1ea1n.\",\"breadcrumb\":{\"@id\":\"https:\/\/shop.tanadaithanh.vn\/en\/san-pham\/may-loc-nuoc-tan-a-dai-thanh-ro-smart-9-loi\/#breadcrumb\"},\"inLanguage\":\"en-US\",\"potentialAction\":[{\"@type\":\"ReadAction\",\"target\":[\"https:\/\/shop.tanadaithanh.vn\/en\/san-pham\/may-loc-nuoc-tan-a-dai-thanh-ro-smart-9-loi\/\"]}]},{\"@type\":\"ImageObject\",\"inLanguage\":\"en-US\",\"@id\":\"https:\/\/shop.tanadaithanh.vn\/en\/san-pham\/may-loc-nuoc-tan-a-dai-thanh-ro-smart-9-loi\/#primaryimage\",\"url\":\"https:\/\/shop.tanadaithanh.vn\/wp-content\/uploads\/2025\/08\/11.jpg\",\"contentUrl\":\"https:\/\/shop.tanadaithanh.vn\/wp-content\/uploads\/2025\/08\/11.jpg\",\"width\":1200,\"height\":1200},{\"@type\":\"BreadcrumbList\",\"@id\":\"https:\/\/shop.tanadaithanh.vn\/en\/san-pham\/may-loc-nuoc-tan-a-dai-thanh-ro-smart-9-loi\/#breadcrumb\",\"itemListElement\":[{\"@type\":\"ListItem\",\"position\":1,\"name\":\"Trang ch\u1ee7\",\"item\":\"https:\/\/shop.tanadaithanh.vn\/en\/\"},{\"@type\":\"ListItem\",\"position\":2,\"name\":\"Shop\",\"item\":\"https:\/\/shop.tanadaithanh.vn\/cua-hang\/\"},{\"@type\":\"ListItem\",\"position\":3,\"name\":\"M\u00e1y l\u1ecdc n\u01b0\u1edbc T\u00e2n \u00c1 \u0110\u1ea1i Th\u00e0nh RO Smart 9 l\u00f5i\"}]},{\"@type\":\"WebSite\",\"@id\":\"https:\/\/shop.tanadaithanh.vn\/en\/#website\",\"url\":\"https:\/\/shop.tanadaithanh.vn\/en\/\",\"name\":\"T\u00e2n \u00c1 \u0110\u1ea1i Th\u00e0nh eShop - Trang website b\u00e1n h\u00e0ng ch\u00ednh th\u1ee9c T\u1eadp \u0111o\u00e0n T\u00e2n \u00c1 \u0110\u1ea1i Th\u00e0nh\",\"description\":\"Website b\u00e1n h\u00e0ng tr\u1ef1c tuy\u1ebfn v\u1eadn h\u00e0nh b\u1edfi ch\u00ednh T\u00e2n \u00c1 \u0110\u1ea1i Th\u00e0nh\",\"publisher\":{\"@id\":\"https:\/\/shop.tanadaithanh.vn\/en\/#organization\"},\"potentialAction\":[{\"@type\":\"SearchAction\",\"target\":{\"@type\":\"EntryPoint\",\"urlTemplate\":\"https:\/\/shop.tanadaithanh.vn\/en\/?s={search_term_string}\"},\"query-input\":{\"@type\":\"PropertyValueSpecification\",\"valueRequired\":true,\"valueName\":\"search_term_string\"}}],\"inLanguage\":\"en-US\"},{\"@type\":\"Organization\",\"@id\":\"https:\/\/shop.tanadaithanh.vn\/en\/#organization\",\"name\":\"T\u00e2n \u00c1 \u0110\u1ea1i Th\u00e0nh eShop - Trang website b\u00e1n h\u00e0ng ch\u00ednh th\u1ee9c T\u1eadp \u0111o\u00e0n T\u00e2n \u00c1 \u0110\u1ea1i Th\u00e0nh\",\"url\":\"https:\/\/shop.tanadaithanh.vn\/en\/\",\"logo\":{\"@type\":\"ImageObject\",\"inLanguage\":\"en-US\",\"@id\":\"https:\/\/shop.tanadaithanh.vn\/en\/#\/schema\/logo\/image\/\",\"url\":\"https:\/\/shop.tanadaithanh.vn\/wp-content\/uploads\/2025\/06\/Logo-2.png\",\"contentUrl\":\"https:\/\/shop.tanadaithanh.vn\/wp-content\/uploads\/2025\/06\/Logo-2.png\",\"width\":2000,\"height\":2000,\"caption\":\"T\u00e2n \u00c1 \u0110\u1ea1i Th\u00e0nh eShop - Trang website b\u00e1n h\u00e0ng ch\u00ednh th\u1ee9c T\u1eadp \u0111o\u00e0n T\u00e2n \u00c1 \u0110\u1ea1i Th\u00e0nh\"},\"image\":{\"@id\":\"https:\/\/shop.tanadaithanh.vn\/en\/#\/schema\/logo\/image\/\"},\"sameAs\":[\"https:\/\/www.facebook.com\/profile.php?id=61567171139919\",\"https:\/\/zalo.me\/3915163699004948284\"]}]}<\/script>\n<!-- \/ Yoast SEO plugin. -->","yoast_head_json":{"title":"M\u00e1y l\u1ecdc n\u01b0\u1edbc T\u00e2n \u00c1 \u0110\u1ea1i Th\u00e0nh RO Smart 9 l\u00f5i - T\u00e2n \u00c1 \u0110\u1ea1i Th\u00e0nh eShop","description":"M\u00e1y l\u1ecdc n\u01b0\u1edbc MLN Smart T\u00e2n \u00c1 \u0110\u1ea1i Th\u00e0nh \u2013 l\u1ecdc s\u1ea1ch 99.9% vi khu\u1ea9n, t\u00edch h\u1ee3p c\u00f4ng ngh\u1ec7 RO th\u00f4ng minh, ti\u1ebft ki\u1ec7m \u0111i\u1ec7n n\u01b0\u1edbc, b\u1ea3o v\u1ec7 s\u1ee9c kh\u1ecfe gia \u0111\u00ecnh b\u1ea1n.","robots":{"index":"index","follow":"follow","max-snippet":"max-snippet:-1","max-image-preview":"max-image-preview:large","max-video-preview":"max-video-preview:-1"},"canonical":"https:\/\/shop.tanadaithanh.vn\/en\/san-pham\/may-loc-nuoc-tan-a-dai-thanh-ro-smart-9-loi\/","og_locale":"en_US","og_type":"article","og_title":"M\u00e1y l\u1ecdc n\u01b0\u1edbc T\u00e2n \u00c1 \u0110\u1ea1i Th\u00e0nh RO Smart 9 l\u00f5i - T\u00e2n \u00c1 \u0110\u1ea1i Th\u00e0nh eShop","og_description":"M\u00e1y l\u1ecdc n\u01b0\u1edbc MLN Smart T\u00e2n \u00c1 \u0110\u1ea1i Th\u00e0nh \u2013 l\u1ecdc s\u1ea1ch 99.9% vi khu\u1ea9n, t\u00edch h\u1ee3p c\u00f4ng ngh\u1ec7 RO th\u00f4ng minh, ti\u1ebft ki\u1ec7m \u0111i\u1ec7n n\u01b0\u1edbc, b\u1ea3o v\u1ec7 s\u1ee9c kh\u1ecfe gia \u0111\u00ecnh b\u1ea1n.","og_url":"https:\/\/shop.tanadaithanh.vn\/en\/san-pham\/may-loc-nuoc-tan-a-dai-thanh-ro-smart-9-loi\/","og_site_name":"T\u00e2n \u00c1 \u0110\u1ea1i Th\u00e0nh eShop","article_publisher":"https:\/\/www.facebook.com\/profile.php?id=61567171139919","article_modified_time":"2025-11-13T09:53:21+00:00","og_image":[{"width":1200,"height":1200,"url":"https:\/\/shop.tanadaithanh.vn\/wp-content\/uploads\/2025\/08\/11.jpg","type":"image\/jpeg"}],"twitter_card":"summary_large_image","twitter_misc":{"Est. reading time":"4 minutes"},"schema":{"@context":"https:\/\/schema.org","@graph":[{"@type":"WebPage","@id":"https:\/\/shop.tanadaithanh.vn\/en\/san-pham\/may-loc-nuoc-tan-a-dai-thanh-ro-smart-9-loi\/","url":"https:\/\/shop.tanadaithanh.vn\/en\/san-pham\/may-loc-nuoc-tan-a-dai-thanh-ro-smart-9-loi\/","name":"M\u00e1y l\u1ecdc n\u01b0\u1edbc T\u00e2n \u00c1 \u0110\u1ea1i Th\u00e0nh RO Smart 9 l\u00f5i - T\u00e2n \u00c1 \u0110\u1ea1i Th\u00e0nh eShop","isPartOf":{"@id":"https:\/\/shop.tanadaithanh.vn\/en\/#website"},"primaryImageOfPage":{"@id":"https:\/\/shop.tanadaithanh.vn\/en\/san-pham\/may-loc-nuoc-tan-a-dai-thanh-ro-smart-9-loi\/#primaryimage"},"image":{"@id":"https:\/\/shop.tanadaithanh.vn\/en\/san-pham\/may-loc-nuoc-tan-a-dai-thanh-ro-smart-9-loi\/#primaryimage"},"thumbnailUrl":"https:\/\/shop.tanadaithanh.vn\/wp-content\/uploads\/2025\/08\/11.jpg","datePublished":"2025-04-03T03:35:07+00:00","dateModified":"2025-11-13T09:53:21+00:00","description":"M\u00e1y l\u1ecdc n\u01b0\u1edbc MLN Smart T\u00e2n \u00c1 \u0110\u1ea1i Th\u00e0nh \u2013 l\u1ecdc s\u1ea1ch 99.9% vi khu\u1ea9n, t\u00edch h\u1ee3p c\u00f4ng ngh\u1ec7 RO th\u00f4ng minh, ti\u1ebft ki\u1ec7m \u0111i\u1ec7n n\u01b0\u1edbc, b\u1ea3o v\u1ec7 s\u1ee9c kh\u1ecfe gia \u0111\u00ecnh b\u1ea1n.","breadcrumb":{"@id":"https:\/\/shop.tanadaithanh.vn\/en\/san-pham\/may-loc-nuoc-tan-a-dai-thanh-ro-smart-9-loi\/#breadcrumb"},"inLanguage":"en-US","potentialAction":[{"@type":"ReadAction","target":["https:\/\/shop.tanadaithanh.vn\/en\/san-pham\/may-loc-nuoc-tan-a-dai-thanh-ro-smart-9-loi\/"]}]},{"@type":"ImageObject","inLanguage":"en-US","@id":"https:\/\/shop.tanadaithanh.vn\/en\/san-pham\/may-loc-nuoc-tan-a-dai-thanh-ro-smart-9-loi\/#primaryimage","url":"https:\/\/shop.tanadaithanh.vn\/wp-content\/uploads\/2025\/08\/11.jpg","contentUrl":"https:\/\/shop.tanadaithanh.vn\/wp-content\/uploads\/2025\/08\/11.jpg","width":1200,"height":1200},{"@type":"BreadcrumbList","@id":"https:\/\/shop.tanadaithanh.vn\/en\/san-pham\/may-loc-nuoc-tan-a-dai-thanh-ro-smart-9-loi\/#breadcrumb","itemListElement":[{"@type":"ListItem","position":1,"name":"Trang ch\u1ee7","item":"https:\/\/shop.tanadaithanh.vn\/en\/"},{"@type":"ListItem","position":2,"name":"Shop","item":"https:\/\/shop.tanadaithanh.vn\/cua-hang\/"},{"@type":"ListItem","position":3,"name":"M\u00e1y l\u1ecdc n\u01b0\u1edbc T\u00e2n \u00c1 \u0110\u1ea1i Th\u00e0nh RO Smart 9 l\u00f5i"}]},{"@type":"WebSite","@id":"https:\/\/shop.tanadaithanh.vn\/en\/#website","url":"https:\/\/shop.tanadaithanh.vn\/en\/","name":"T\u00e2n \u00c1 \u0110\u1ea1i Th\u00e0nh eShop - Trang website b\u00e1n h\u00e0ng ch\u00ednh th\u1ee9c T\u1eadp \u0111o\u00e0n T\u00e2n \u00c1 \u0110\u1ea1i Th\u00e0nh","description":"Website b\u00e1n h\u00e0ng tr\u1ef1c tuy\u1ebfn v\u1eadn h\u00e0nh b\u1edfi ch\u00ednh T\u00e2n \u00c1 \u0110\u1ea1i Th\u00e0nh","publisher":{"@id":"https:\/\/shop.tanadaithanh.vn\/en\/#organization"},"potentialAction":[{"@type":"SearchAction","target":{"@type":"EntryPoint","urlTemplate":"https:\/\/shop.tanadaithanh.vn\/en\/?s={search_term_string}"},"query-input":{"@type":"PropertyValueSpecification","valueRequired":true,"valueName":"search_term_string"}}],"inLanguage":"en-US"},{"@type":"Organization","@id":"https:\/\/shop.tanadaithanh.vn\/en\/#organization","name":"T\u00e2n \u00c1 \u0110\u1ea1i Th\u00e0nh eShop - Trang website b\u00e1n h\u00e0ng ch\u00ednh th\u1ee9c T\u1eadp \u0111o\u00e0n T\u00e2n \u00c1 \u0110\u1ea1i Th\u00e0nh","url":"https:\/\/shop.tanadaithanh.vn\/en\/","logo":{"@type":"ImageObject","inLanguage":"en-US","@id":"https:\/\/shop.tanadaithanh.vn\/en\/#\/schema\/logo\/image\/","url":"https:\/\/shop.tanadaithanh.vn\/wp-content\/uploads\/2025\/06\/Logo-2.png","contentUrl":"https:\/\/shop.tanadaithanh.vn\/wp-content\/uploads\/2025\/06\/Logo-2.png","width":2000,"height":2000,"caption":"T\u00e2n \u00c1 \u0110\u1ea1i Th\u00e0nh eShop - Trang website b\u00e1n h\u00e0ng ch\u00ednh th\u1ee9c T\u1eadp \u0111o\u00e0n T\u00e2n \u00c1 \u0110\u1ea1i Th\u00e0nh"},"image":{"@id":"https:\/\/shop.tanadaithanh.vn\/en\/#\/schema\/logo\/image\/"},"sameAs":["https:\/\/www.facebook.com\/profile.php?id=61567171139919","https:\/\/zalo.me\/3915163699004948284"]}]}},"_links":{"self":[{"href":"https:\/\/shop.tanadaithanh.vn\/en\/wp-json\/wp\/v2\/product\/16361","targetHints":{"allow":["GET"]}}],"collection":[{"href":"https:\/\/shop.tanadaithanh.vn\/en\/wp-json\/wp\/v2\/product"}],"about":[{"href":"https:\/\/shop.tanadaithanh.vn\/en\/wp-json\/wp\/v2\/types\/product"}],"replies":[{"embeddable":true,"href":"https:\/\/shop.tanadaithanh.vn\/en\/wp-json\/wp\/v2\/comments?post=16361"}],"version-history":[{"count":3,"href":"https:\/\/shop.tanadaithanh.vn\/en\/wp-json\/wp\/v2\/product\/16361\/revisions"}],"predecessor-version":[{"id":25507,"href":"https:\/\/shop.tanadaithanh.vn\/en\/wp-json\/wp\/v2\/product\/16361\/revisions\/25507"}],"wp:featuredmedia":[{"embeddable":true,"href":"https:\/\/shop.tanadaithanh.vn\/en\/wp-json\/wp\/v2\/media\/28791"}],"wp:attachment":[{"href":"https:\/\/shop.tanadaithanh.vn\/en\/wp-json\/wp\/v2\/media?parent=16361"}],"wp:term":[{"taxonomy":"region","embeddable":true,"href":"https:\/\/shop.tanadaithanh.vn\/en\/wp-json\/wp\/v2\/region?post=16361"},{"taxonomy":"product_brand","embeddable":true,"href":"https:\/\/shop.tanadaithanh.vn\/en\/wp-json\/wp\/v2\/product_brand?post=16361"},{"taxonomy":"product_cat","embeddable":true,"href":"https:\/\/shop.tanadaithanh.vn\/en\/wp-json\/wp\/v2\/product_cat?post=16361"},{"taxonomy":"product_tag","embeddable":true,"href":"https:\/\/shop.tanadaithanh.vn\/en\/wp-json\/wp\/v2\/product_tag?post=16361"}],"curies":[{"name":"wp","href":"https:\/\/api.w.org\/{rel}","templated":true}]}}