{"id":16291,"date":"2025-04-03T10:34:46","date_gmt":"2025-04-03T03:34:46","guid":{"rendered":"https:\/\/shop.tanadaithanh.vn\/product\/bon-nhua-hdpe-plasman-pl-1500d\/"},"modified":"2025-12-31T15:49:52","modified_gmt":"2025-12-31T08:49:52","slug":"bon-nhua-hdpe-plasman-pl-1500d","status":"publish","type":"product","link":"https:\/\/shop.tanadaithanh.vn\/en\/san-pham\/bon-nhua-hdpe-plasman-pl-1500d\/","title":{"rendered":"B\u1ed3n nh\u1ef1a T\u00e2n \u00c1 Plasman \u2013 1500\u0110"},"content":{"rendered":"<div class=\"wpb_video_widget wpb_content_element vc_clearfix vc_video-aspect-ratio-169 vc_video-el-width-70 vc_video-align-left\">\n<div class=\"wpb_wrapper\">\n<p><span style=\"font-size: 15px;\">L\u00e0 t\u1eadp \u0111o\u00e0n l\u1edbn trong ng\u00e0nh kim kh\u00ed gia d\u1ee5ng n\u00f3i chung v\u00e0 s\u1ea3n xu\u1ea5t b\u1ed3n n\u01b0\u1edbc l\u1edbn nh\u1ea5t Vi\u1ec7t Nam. V\u00e0o n\u0103m 2018, T\u1eadp \u0110o\u00e0n nghi\u00ean c\u1ee9u cho ra m\u1eaft d\u00f2ng s\u1ea3n ph\u1ea9m B\u1ed3n Nh\u1ef1a HDPE PLASMAN 6 l\u1edbp \u2013 \u0111\u01b0\u1ee3c t\u1ed5 ch\u1ee9c K\u1ef7 l\u1ee5c Vi\u1ec7t Nam trao b\u1eb1ng x\u00e1c l\u1eadp k\u1ef7 l\u1ee5c v\u01b0\u1ee3t qua th\u1eed th\u00e1ch r\u01a1i t\u1eeb \u0111\u1ed9 cao 26m kh\u00f4ng v\u1ee1<\/span><\/p>\n<div class=\"wpb_text_column wpb_content_element\">\n<p><img fetchpriority=\"high\" decoding=\"async\" class=\" wp-image-24231 aligncenter\" src=\"https:\/\/shop.tanadaithanh.vn\/wp-content\/uploads\/2025\/04\/1-7-1-300x219.jpg\" alt=\"\" width=\"566\" height=\"413\" srcset=\"https:\/\/shop.tanadaithanh.vn\/wp-content\/uploads\/2025\/04\/1-7-1-300x219.jpg 300w, https:\/\/shop.tanadaithanh.vn\/wp-content\/uploads\/2025\/04\/1-7-1-768x562.jpg 768w, https:\/\/shop.tanadaithanh.vn\/wp-content\/uploads\/2025\/04\/1-7-1-150x110.jpg 150w, https:\/\/shop.tanadaithanh.vn\/wp-content\/uploads\/2025\/04\/1-7-1.jpg 875w\" sizes=\"(max-width: 566px) 100vw, 566px\" \/><\/p>\n<p><span style=\"font-size: 15px;\">B\u1ed3n nh\u1ef1a HDPE PLASMAN l\u00e0 d\u00f2ng s\u1ea3n ph\u1ea9m \u0111\u1ed9t ph\u00e1 mang \u0111\u1ebfn nhi\u1ec1u t\u00ednh n\u0103ng \u01b0u vi\u1ec7t cho ng\u01b0\u1eddi s\u1eed d\u1ee5ng. S\u1ea3n ph\u1ea9m v\u1edbi \u1ee9ng d\u1ee5ng c\u00f4ng ngh\u1ec7 th\u1ed5i khu\u00f4n (blow moulding) duy nh\u1ea5t t\u1ea1i Vi\u1ec7t Nam<\/span><\/p>\n<h4><span style=\"font-size: 15px; color: #0000ff;\"><em><strong>1. B\u1ec1n b\u1ec9 v\u1edbi th\u1eddi gian<\/strong><\/em><\/span><\/h4>\n<p><span style=\"font-size: 15px;\">V\u1eadt li\u1ec7u HDPE v\u1edbi \u0111\u1eb7c t\u00ednh c\u1ef1c k\u00ec b\u1ec1n b\u1ec9, ch\u1ed1ng l\u00e3o h\u00f3a ho\u1eb7c c\u0169 \u0111i theo th\u1eddi gian, ch\u1ecbu \u0111\u01b0\u1ee3c nhi\u1ec7t, \u0111i\u1ec7n, ch\u1ed1ng \u0103n m\u00f2n r\u1ea5t cao.<\/span><\/p>\n<h4><span style=\"font-size: 15px; color: #0000ff;\"><em><strong>2. C\u01a1 t\u00ednh cao<\/strong><\/em><\/span><\/h4>\n<p><span style=\"font-size: 15px;\">B\u1ed3n nh\u1ef1a HDPE d\u1ebbo dai, ch\u1ed1ng va \u0111\u1eadp t\u1ed1t h\u01a1n b\u1ed3n LLDPE (d\u00f2n v\u00e0 d\u1ec5 v\u1ee1).<\/span><\/p>\n<h4><span style=\"font-size: 15px; color: #0000ff;\"><em><strong>3. M\u1eabu s\u1ea3n ph\u1ea9m \u0111\u1eb9p m\u1eaft<\/strong><\/em><\/span><\/h4>\n<p><span style=\"font-size: 15px;\">B\u1ed3n nh\u1ef1a HDPE \u0111\u01b0\u1ee3c s\u1ea3n xu\u1ea5t b\u1eb1ng c\u00f4ng ngh\u1ec7 th\u1ed5i khu\u00f4n (blow moulding) tr\u00ean d\u00e2y chuy\u1ec1n m\u00e1y m\u00f3c ti\u00ean ti\u1ebfn, b\u1ec1 m\u1eb7t s\u1ea3n ph\u1ea9m c\u00f3 hoa v\u0103n nh\u00e1m n\u00ean s\u1ea3n ph\u1ea9m ho\u00e0n thi\u1ec7n \u0111\u1eb9p m\u1eaft, cao c\u1ea5p h\u01a1n d\u00f2ng s\u1ea3n ph\u1ea9m b\u1ed3n nh\u1ef1a b\u1eb1ng c\u00f4ng ngh\u1ec7 roto moulding.<\/span><\/p>\n<h4><span style=\"font-size: 15px; color: #0000ff;\"><em><strong>4. \u0110\u1ea3m b\u1ea3o ch\u1ea5t l\u01b0\u1ee3ng ngu\u1ed3n n\u01b0\u1edbc<\/strong><\/em><\/span><\/h4>\n<p><span style=\"font-size: 15px;\">Nh\u1ef1a HDPE cao c\u1ea5p \u0111\u01b0\u1ee3c s\u1eed d\u1ee5ng \u0111\u1ec3 s\u1ea3n xu\u1ea5t b\u1ed3n, \u0111\u1ea1t y\u00eau c\u1ea7u gi\u1eef nguy\u00ean ch\u1ea5t l\u01b0\u1ee3ng n\u01b0\u1edbc ch\u1ee9a.<\/span><\/p>\n<p><img decoding=\"async\" class=\" wp-image-24233 aligncenter\" src=\"https:\/\/shop.tanadaithanh.vn\/wp-content\/uploads\/2025\/04\/2-2-2-300x219.jpg\" alt=\"\" width=\"583\" height=\"425\" srcset=\"https:\/\/shop.tanadaithanh.vn\/wp-content\/uploads\/2025\/04\/2-2-2-300x219.jpg 300w, https:\/\/shop.tanadaithanh.vn\/wp-content\/uploads\/2025\/04\/2-2-2-150x110.jpg 150w, https:\/\/shop.tanadaithanh.vn\/wp-content\/uploads\/2025\/04\/2-2-2.jpg 875w\" sizes=\"(max-width: 583px) 100vw, 583px\" \/><\/p>\n<h4 class=\"wpb_wrapper\"><em><span style=\"color: #0000ff;\">5. T<span style=\"font-size: 15px;\">h\u00e2n b\u1ed3n c\u00f3 k\u1ebft c\u1ea5u 6 l\u1edbp v\u1edbi nh\u1eefng \u0111\u1eb7c t\u00ednh n\u1ed5i tr\u1ed9i nh\u01b0 sau:\u00a0<\/span><\/span><\/em><\/h4>\n<ul>\n<li>L\u1edbp h\u1ea1n ch\u1ebf h\u1ea5p th\u1ee5 nhi\u1ec7t: h\u1ea1n ch\u1ebf t\u1ed1i \u0111a l\u01b0\u1ee3ng nhi\u1ec7t t\u1eeb \u00e1nh s\u00e1ng m\u1eb7t tr\u1eddi gi\u1eef cho n\u01b0\u1edbc lu\u00f4n \u1edf nhi\u1ec7t \u0111\u1ed9 \u1ed5n \u0111\u1ecbnh<\/li>\n<li>L\u1edbp kh\u00e1ng khu\u1ea9n: H\u1ea1n ch\u1ebf t\u1ed1i \u0111a vi khu\u1ea9n c\u00f3 h\u1ea1i x\u00e2m nh\u1eadp v\u00e0o b\u1ed3n<\/li>\n<li>L\u1edbp an to\u00e0n: H\u1ea1t nh\u1ef1a \u0111\u01b0\u1ee3c x\u1eed l\u00fd v\u00f4 tr\u00f9ng tuy\u1ec7t \u0111\u1ed1i. \u0110\u1ea3m b\u1ea3o an to\u00e0n ngu\u1ed3n n\u01b0\u1edbc s\u1eed d\u1ee5ng<\/li>\n<li>L\u1edbp th\u1ea9m m\u1ef9 b\u00ean ngo\u00e0i: b\u1ec1 m\u1eb7t s\u1ea3n ph\u1ea9m \u0111\u01b0\u1ee3c ho\u00e0n thi\u1ec7n \u0111\u1eb9p m\u1eaft b\u1ec1n m\u00e0u v\u1edbi nh\u1eefng t\u00e1c \u0111\u1ed9ng t\u1ef1 nhi\u00ean<\/li>\n<li>L\u1edbp h\u1ea1n ch\u1ebf tia c\u1ef1c t\u00edm: h\u1ea1n ch\u1ebf l\u01b0\u1ee3ng c\u1ef1c t\u00edm \u1ea3nh h\u01b0\u1edfng \u0111\u1ebfn ch\u1ea5t l\u01b0\u1ee3ng n\u01b0\u1edbc trong b\u1ed3n<\/li>\n<li>L\u1edbp h\u1ea1n ch\u1ebf tia c\u1ef1c t\u00edm k\u00e9p: h\u1ea1n ch\u1ebf l\u01b0\u1ee3ng c\u1ef1c t\u00edm t\u1ed1i \u0111a \u1ea3nh h\u01b0\u1edfng \u0111\u1ebfn ch\u1ea5t l\u01b0\u1ee3ng n\u01b0\u1edbc trong b\u1ed3n<\/li>\n<\/ul>\n<h4><em><span style=\"color: #0000ff;\">6. Th\u00f4ng s\u1ed1 k\u1ef9 thu\u1eadt<\/span><\/em><\/h4>\n<p><img decoding=\"async\" class=\"wp-image-24235 aligncenter\" src=\"https:\/\/shop.tanadaithanh.vn\/wp-content\/uploads\/2025\/04\/4-4-1-300x219.jpg\" alt=\"\" width=\"588\" height=\"429\" srcset=\"https:\/\/shop.tanadaithanh.vn\/wp-content\/uploads\/2025\/04\/4-4-1-300x219.jpg 300w, https:\/\/shop.tanadaithanh.vn\/wp-content\/uploads\/2025\/04\/4-4-1-768x562.jpg 768w, https:\/\/shop.tanadaithanh.vn\/wp-content\/uploads\/2025\/04\/4-4-1-150x110.jpg 150w, https:\/\/shop.tanadaithanh.vn\/wp-content\/uploads\/2025\/04\/4-4-1.jpg 875w\" sizes=\"(max-width: 588px) 100vw, 588px\" \/><\/p>\n<p>&nbsp;<\/p>\n<p><em><span style=\"color: #0000ff;\"><strong>7. Khuy\u1ebfn c\u00e1o s\u1eed d\u1ee5ng<\/strong><\/span><\/em><\/p>\n<div class=\"wpb_text_column wpb_content_element\">\n<div class=\"wpb_wrapper\">\n<ul>\n<li>S\u1ea3n ph\u1ea9m \u0111\u1eb7c bi\u1ec7t ph\u00f9 h\u1ee3p v\u1edbi nh\u1eefng n\u01a1i c\u00f3 v\u00f9ng n\u01b0\u1edbc b\u1ecb nhi\u1ec5m ph\u00e8n, nhi\u1ec5m m\u1eb7n. \u1ee8ng d\u1ee5ng r\u1ed9ng r\u00e3i trong khu v\u1ef1c ven bi\u1ec3n ho\u1eb7c tr\u00ean t\u00e0u thuy\u1ec1n.<\/li>\n<li>Ch\u1ec9 d\u00f9ng \u0111\u1ec3 ch\u1ee9a n\u01b0\u1edbc s\u1ea1ch sinh ho\u1ea1t theo ti\u00eau chu\u1ea9n c\u1ee7a B\u1ed9 Y T\u1ebf.<\/li>\n<li>Kh\u00f4ng ch\u1ee9a h\u00f3a ch\u1ea5t, c\u00e1c lo\u1ea1i axit, c\u00e1c h\u00f3a ch\u1ea5t ch\u1ea5t v\u00f4 c\u01a1, h\u1eefu c\u01a1 kh\u00e1c, n\u01b0\u1edbc nhi\u1ec5m m\u1eb7n, nhi\u1ec5m ph\u00e8n chua.<\/li>\n<li>Tr\u00e1nh d\u00f9ng c\u00e1c v\u1eadt s\u1eafc, nh\u1ecdn \u0111\u00e2m v\u00e0o b\u1ed3n g\u00e2y m\u00e9o, b\u1eb9p ho\u1eb7c th\u1ee7ng b\u1ed3n.<\/li>\n<li>B\u1ed3n ph\u1ea3i \u0111\u01b0\u1ee3c \u0111\u1eb7t tr\u00ean m\u1eb7t ph\u1eb3ng, tho\u00e1ng \u0111\u1ec3 d\u1ec5 d\u00e0ng cho vi\u1ec7c b\u1ea3o tr\u00ec, th\u00e1o l\u1eafp s\u1ea3n ph\u1ea9m.<\/li>\n<\/ul>\n<p><strong><span style=\"color: #0000ff;\"><em>8. H\u00ecnh \u1ea3nh th\u1eadt c\u1ee7a s\u1ea3n ph\u1ea9m<\/em><\/span><\/strong><\/p>\n<p><img loading=\"lazy\" decoding=\"async\" class=\" wp-image-24237 aligncenter\" src=\"https:\/\/shop.tanadaithanh.vn\/wp-content\/uploads\/2025\/04\/2-3-2-300x200.jpg\" alt=\"\" width=\"621\" height=\"414\" srcset=\"https:\/\/shop.tanadaithanh.vn\/wp-content\/uploads\/2025\/04\/2-3-2-300x200.jpg 300w, https:\/\/shop.tanadaithanh.vn\/wp-content\/uploads\/2025\/04\/2-3-2-1024x683.jpg 1024w, https:\/\/shop.tanadaithanh.vn\/wp-content\/uploads\/2025\/04\/2-3-2-768x512.jpg 768w, https:\/\/shop.tanadaithanh.vn\/wp-content\/uploads\/2025\/04\/2-3-2-1536x1024.jpg 1536w, https:\/\/shop.tanadaithanh.vn\/wp-content\/uploads\/2025\/04\/2-3-2-1200x800.jpg 1200w, https:\/\/shop.tanadaithanh.vn\/wp-content\/uploads\/2025\/04\/2-3-2-150x100.jpg 150w, https:\/\/shop.tanadaithanh.vn\/wp-content\/uploads\/2025\/04\/2-3-2.jpg 1800w\" sizes=\"(max-width: 621px) 100vw, 621px\" \/><\/p>\n<p><em><span style=\"color: #0000ff;\"><strong>9. Mua B\u1ed3n ch\u00ednh h\u00e3ng \u1edf \u0111\u00e2u?<\/strong><\/span><\/em><br \/>\n\u0110\u1ec3 \u0111\u1ea3m b\u1ea3o ch\u1ea5t l\u01b0\u1ee3ng, quy\u1ec1n l\u1ee3i b\u1ea3o h\u00e0nh v\u00e0 h\u1ed7 tr\u1ee3 k\u1ef9 thu\u1eadt, ng\u01b0\u1eddi d\u00f9ng n\u00ean mua tr\u1ef1c ti\u1ebfp t\u1ea1i:<br \/>\n<strong>Website ch\u00ednh h\u00e3ng: shop.tanadaithanh.vn<\/strong><br \/>\n<strong>\u01afu \u0111\u00e3i khi mua t\u1ea1i shop.tanadaithanh.vn:<\/strong><\/p>\n<p><strong>\u2013 Mi\u1ec5n ph\u00ed v\u1eadn chuy\u1ec3n<\/strong><br \/>\n<strong>\u2013 Thanh to\u00e1n linh ho\u1ea1t, h\u1ed7 tr\u1ee3 tr\u1ea3 ch\u1eadm 0% cho s\u1ea3n ph\u1ea9m t\u1eeb 3 Tri\u1ec7u<\/strong><br \/>\n<strong>\u2013 B\u1ea3o h\u00e0nh \u0111i\u1ec7n t\u1eed 20 n\u0103m ch\u00ednh h\u00e3ng<\/strong><br \/>\n<strong>\u2013 T\u01b0 v\u1ea5n k\u1ef9 thu\u1eadt tr\u1ef1c ti\u1ebfp t\u1eeb \u0111\u1ed9i ng\u0169 chuy\u00ean m\u00f4n<\/strong><\/p>\n<p>Li\u00ean h\u1ec7 ngay qua hotline\u00a0<strong>0986 86 86 85<\/strong>\u00a0\u0111\u1ec3 \u0111\u01b0\u1ee3c t\u01b0 v\u1ea5n, h\u1ed7 tr\u1ee3 nhanh nh\u1ea5t !<\/p>\n<\/div>\n<\/div>\n<\/div>\n<p><iframe title=\"Quy\u1ec1n Linh r\u01b0\u1ee3t \u0111u\u1ed5i Si\u00eau Anh H\u00f9ng Plasman v\u00e0 c\u00e1i k\u1ebft Si\u00eau B\u1ea5t Ng\u1edd\" width=\"500\" height=\"281\" src=\"https:\/\/www.youtube.com\/embed\/D6vLcfT4ZQ0?feature=oembed\" frameborder=\"0\" allow=\"accelerometer; autoplay; clipboard-write; encrypted-media; gyroscope; picture-in-picture; web-share\" referrerpolicy=\"strict-origin-when-cross-origin\" allowfullscreen><\/iframe><\/p>\n<\/div>\n<\/div>\n<div class=\"wpb_text_column wpb_content_element\">\n<div class=\"wpb_wrapper\"><\/div>\n<\/div>\n<p><strong>H\u01b0\u1edbng d\u1eabn l\u1eafp \u0111\u1eb7t<\/strong><\/p>\n<div class=\"wpb_video_widget wpb_content_element vc_clearfix vc_video-aspect-ratio-169 vc_video-el-width-70 vc_video-align-left\">\n<div class=\"wpb_wrapper\">\n<p><iframe title=\"H\u01b0\u1edbng d\u1eabn l\u1eafp \u0111\u1eb7t v\u00e0 s\u1eed d\u1ee5ng B\u1ed3n n\u01b0\u1edbc Nh\u1ef1a T\u00e2n \u00c1 \u0110\u1ea1i Th\u00e0nh\" width=\"500\" height=\"281\" src=\"https:\/\/www.youtube.com\/embed\/Yjf5q6BjBrw?feature=oembed\" frameborder=\"0\" allow=\"accelerometer; autoplay; clipboard-write; encrypted-media; gyroscope; picture-in-picture; web-share\" referrerpolicy=\"strict-origin-when-cross-origin\" allowfullscreen><\/iframe><\/p>\n<\/div>\n<\/div>\n","protected":false},"excerpt":{"rendered":"<p>C\u00f4ng ngh\u1ec7 th\u1ed5i khu\u00f4n (blow moulding) duy nh\u1ea5t t\u1ea1i Vi\u1ec7t Nam.<\/p>\n<p>Th\u00e2n b\u1ed3n c\u00f3 k\u1ebft c\u1ea5u \u0111a l\u1edbp nh\u1ef1a 6 l\u1edbp, c\u00f3 \u0111\u1ed9 b\u1ec1n d\u1ebbo dai nh\u1ef1a v\u00e0 ch\u1ecbu \u0111\u01b0\u1ee3c va \u0111\u1eadp cao.<\/p>\n<p>Nguy\u00ean li\u1ec7u HDPE v\u1edbi \u0111\u1eb7c t\u00ednh c\u1ef1c k\u00ec b\u1ec1n b\u1ec9, ch\u1ed1ng l\u00e3o h\u00f3a, ch\u1ecbu \u0111\u01b0\u1ee3c nhi\u1ec7t, ch\u1ed1ng \u0103n m\u00f2n r\u1ea5t cao.<\/p>\n","protected":false},"featured_media":28743,"comment_status":"open","ping_status":"closed","template":"","meta":[],"region":[259],"product_brand":[],"product_cat":[328,318,189,186],"product_tag":[],"class_list":{"0":"post-16291","1":"product","2":"type-product","3":"status-publish","4":"has-post-thumbnail","6":"region-mien-bac","7":"product_cat-bon-nhua-1500l","8":"product_cat-bon-nhua-dung","9":"product_cat-bon-nhua-plasman","10":"product_cat-bon-nuoc-nhua","12":"first","13":"instock","14":"sale","15":"shipping-taxable","16":"purchasable","17":"product-type-simple"},"yoast_head":"<!-- This site is optimized with the Yoast SEO plugin v24.6 - https:\/\/yoast.com\/wordpress\/plugins\/seo\/ -->\n<title>B\u1ed3n nh\u1ef1a T\u00e2n \u00c1 Plasman \u2013 1500\u0110 - T\u00e2n \u00c1 \u0110\u1ea1i Th\u00e0nh eShop<\/title>\n<meta name=\"robots\" content=\"index, follow, max-snippet:-1, max-image-preview:large, max-video-preview:-1\" \/>\n<link rel=\"canonical\" href=\"https:\/\/shop.tanadaithanh.vn\/en\/san-pham\/bon-nhua-hdpe-plasman-pl-1500d\/\" \/>\n<meta property=\"og:locale\" content=\"en_US\" \/>\n<meta property=\"og:type\" content=\"article\" \/>\n<meta property=\"og:title\" content=\"B\u1ed3n nh\u1ef1a T\u00e2n \u00c1 Plasman \u2013 1500\u0110 - T\u00e2n \u00c1 \u0110\u1ea1i Th\u00e0nh eShop\" \/>\n<meta property=\"og:description\" content=\"C\u00f4ng ngh\u1ec7 th\u1ed5i khu\u00f4n (blow moulding) duy nh\u1ea5t t\u1ea1i Vi\u1ec7t Nam.  Th\u00e2n b\u1ed3n c\u00f3 k\u1ebft c\u1ea5u \u0111a l\u1edbp nh\u1ef1a 6 l\u1edbp, c\u00f3 \u0111\u1ed9 b\u1ec1n d\u1ebbo dai nh\u1ef1a v\u00e0 ch\u1ecbu \u0111\u01b0\u1ee3c va \u0111\u1eadp cao.  Nguy\u00ean li\u1ec7u HDPE v\u1edbi \u0111\u1eb7c t\u00ednh c\u1ef1c k\u00ec b\u1ec1n b\u1ec9, ch\u1ed1ng l\u00e3o h\u00f3a, ch\u1ecbu \u0111\u01b0\u1ee3c nhi\u1ec7t, ch\u1ed1ng \u0103n m\u00f2n r\u1ea5t cao.\" \/>\n<meta property=\"og:url\" content=\"https:\/\/shop.tanadaithanh.vn\/en\/san-pham\/bon-nhua-hdpe-plasman-pl-1500d\/\" \/>\n<meta property=\"og:site_name\" content=\"T\u00e2n \u00c1 \u0110\u1ea1i Th\u00e0nh eShop\" \/>\n<meta property=\"article:publisher\" content=\"https:\/\/www.facebook.com\/profile.php?id=61567171139919\" \/>\n<meta property=\"article:modified_time\" content=\"2025-12-31T08:49:52+00:00\" \/>\n<meta property=\"og:image\" content=\"https:\/\/shop.tanadaithanh.vn\/wp-content\/uploads\/2025\/08\/30.jpg\" \/>\n\t<meta property=\"og:image:width\" content=\"1200\" \/>\n\t<meta property=\"og:image:height\" content=\"1200\" \/>\n\t<meta property=\"og:image:type\" content=\"image\/jpeg\" \/>\n<meta name=\"twitter:card\" content=\"summary_large_image\" \/>\n<meta name=\"twitter:label1\" content=\"Est. reading time\" \/>\n\t<meta name=\"twitter:data1\" content=\"5 minutes\" \/>\n<script type=\"application\/ld+json\" class=\"yoast-schema-graph\">{\"@context\":\"https:\/\/schema.org\",\"@graph\":[{\"@type\":\"WebPage\",\"@id\":\"https:\/\/shop.tanadaithanh.vn\/en\/san-pham\/bon-nhua-hdpe-plasman-pl-1500d\/\",\"url\":\"https:\/\/shop.tanadaithanh.vn\/en\/san-pham\/bon-nhua-hdpe-plasman-pl-1500d\/\",\"name\":\"B\u1ed3n nh\u1ef1a T\u00e2n \u00c1 Plasman \u2013 1500\u0110 - T\u00e2n \u00c1 \u0110\u1ea1i Th\u00e0nh eShop\",\"isPartOf\":{\"@id\":\"https:\/\/shop.tanadaithanh.vn\/en\/#website\"},\"primaryImageOfPage\":{\"@id\":\"https:\/\/shop.tanadaithanh.vn\/en\/san-pham\/bon-nhua-hdpe-plasman-pl-1500d\/#primaryimage\"},\"image\":{\"@id\":\"https:\/\/shop.tanadaithanh.vn\/en\/san-pham\/bon-nhua-hdpe-plasman-pl-1500d\/#primaryimage\"},\"thumbnailUrl\":\"https:\/\/shop.tanadaithanh.vn\/wp-content\/uploads\/2025\/08\/30.jpg\",\"datePublished\":\"2025-04-03T03:34:46+00:00\",\"dateModified\":\"2025-12-31T08:49:52+00:00\",\"breadcrumb\":{\"@id\":\"https:\/\/shop.tanadaithanh.vn\/en\/san-pham\/bon-nhua-hdpe-plasman-pl-1500d\/#breadcrumb\"},\"inLanguage\":\"en-US\",\"potentialAction\":[{\"@type\":\"ReadAction\",\"target\":[\"https:\/\/shop.tanadaithanh.vn\/en\/san-pham\/bon-nhua-hdpe-plasman-pl-1500d\/\"]}]},{\"@type\":\"ImageObject\",\"inLanguage\":\"en-US\",\"@id\":\"https:\/\/shop.tanadaithanh.vn\/en\/san-pham\/bon-nhua-hdpe-plasman-pl-1500d\/#primaryimage\",\"url\":\"https:\/\/shop.tanadaithanh.vn\/wp-content\/uploads\/2025\/08\/30.jpg\",\"contentUrl\":\"https:\/\/shop.tanadaithanh.vn\/wp-content\/uploads\/2025\/08\/30.jpg\",\"width\":1200,\"height\":1200},{\"@type\":\"BreadcrumbList\",\"@id\":\"https:\/\/shop.tanadaithanh.vn\/en\/san-pham\/bon-nhua-hdpe-plasman-pl-1500d\/#breadcrumb\",\"itemListElement\":[{\"@type\":\"ListItem\",\"position\":1,\"name\":\"Trang ch\u1ee7\",\"item\":\"https:\/\/shop.tanadaithanh.vn\/en\/\"},{\"@type\":\"ListItem\",\"position\":2,\"name\":\"Shop\",\"item\":\"https:\/\/shop.tanadaithanh.vn\/cua-hang\/\"},{\"@type\":\"ListItem\",\"position\":3,\"name\":\"B\u1ed3n nh\u1ef1a T\u00e2n \u00c1 Plasman \u2013 1500\u0110\"}]},{\"@type\":\"WebSite\",\"@id\":\"https:\/\/shop.tanadaithanh.vn\/en\/#website\",\"url\":\"https:\/\/shop.tanadaithanh.vn\/en\/\",\"name\":\"T\u00e2n \u00c1 \u0110\u1ea1i Th\u00e0nh eShop - Trang website b\u00e1n h\u00e0ng ch\u00ednh th\u1ee9c T\u1eadp \u0111o\u00e0n T\u00e2n \u00c1 \u0110\u1ea1i Th\u00e0nh\",\"description\":\"Website b\u00e1n h\u00e0ng tr\u1ef1c tuy\u1ebfn v\u1eadn h\u00e0nh b\u1edfi ch\u00ednh T\u00e2n \u00c1 \u0110\u1ea1i Th\u00e0nh\",\"publisher\":{\"@id\":\"https:\/\/shop.tanadaithanh.vn\/en\/#organization\"},\"potentialAction\":[{\"@type\":\"SearchAction\",\"target\":{\"@type\":\"EntryPoint\",\"urlTemplate\":\"https:\/\/shop.tanadaithanh.vn\/en\/?s={search_term_string}\"},\"query-input\":{\"@type\":\"PropertyValueSpecification\",\"valueRequired\":true,\"valueName\":\"search_term_string\"}}],\"inLanguage\":\"en-US\"},{\"@type\":\"Organization\",\"@id\":\"https:\/\/shop.tanadaithanh.vn\/en\/#organization\",\"name\":\"T\u00e2n \u00c1 \u0110\u1ea1i Th\u00e0nh eShop - Trang website b\u00e1n h\u00e0ng ch\u00ednh th\u1ee9c T\u1eadp \u0111o\u00e0n T\u00e2n \u00c1 \u0110\u1ea1i Th\u00e0nh\",\"url\":\"https:\/\/shop.tanadaithanh.vn\/en\/\",\"logo\":{\"@type\":\"ImageObject\",\"inLanguage\":\"en-US\",\"@id\":\"https:\/\/shop.tanadaithanh.vn\/en\/#\/schema\/logo\/image\/\",\"url\":\"https:\/\/shop.tanadaithanh.vn\/wp-content\/uploads\/2025\/06\/Logo-2.png\",\"contentUrl\":\"https:\/\/shop.tanadaithanh.vn\/wp-content\/uploads\/2025\/06\/Logo-2.png\",\"width\":2000,\"height\":2000,\"caption\":\"T\u00e2n \u00c1 \u0110\u1ea1i Th\u00e0nh eShop - Trang website b\u00e1n h\u00e0ng ch\u00ednh th\u1ee9c T\u1eadp \u0111o\u00e0n T\u00e2n \u00c1 \u0110\u1ea1i Th\u00e0nh\"},\"image\":{\"@id\":\"https:\/\/shop.tanadaithanh.vn\/en\/#\/schema\/logo\/image\/\"},\"sameAs\":[\"https:\/\/www.facebook.com\/profile.php?id=61567171139919\",\"https:\/\/zalo.me\/3915163699004948284\"]}]}<\/script>\n<!-- \/ Yoast SEO plugin. -->","yoast_head_json":{"title":"B\u1ed3n nh\u1ef1a T\u00e2n \u00c1 Plasman \u2013 1500\u0110 - T\u00e2n \u00c1 \u0110\u1ea1i Th\u00e0nh eShop","robots":{"index":"index","follow":"follow","max-snippet":"max-snippet:-1","max-image-preview":"max-image-preview:large","max-video-preview":"max-video-preview:-1"},"canonical":"https:\/\/shop.tanadaithanh.vn\/en\/san-pham\/bon-nhua-hdpe-plasman-pl-1500d\/","og_locale":"en_US","og_type":"article","og_title":"B\u1ed3n nh\u1ef1a T\u00e2n \u00c1 Plasman \u2013 1500\u0110 - T\u00e2n \u00c1 \u0110\u1ea1i Th\u00e0nh eShop","og_description":"C\u00f4ng ngh\u1ec7 th\u1ed5i khu\u00f4n (blow moulding) duy nh\u1ea5t t\u1ea1i Vi\u1ec7t Nam.  Th\u00e2n b\u1ed3n c\u00f3 k\u1ebft c\u1ea5u \u0111a l\u1edbp nh\u1ef1a 6 l\u1edbp, c\u00f3 \u0111\u1ed9 b\u1ec1n d\u1ebbo dai nh\u1ef1a v\u00e0 ch\u1ecbu \u0111\u01b0\u1ee3c va \u0111\u1eadp cao.  Nguy\u00ean li\u1ec7u HDPE v\u1edbi \u0111\u1eb7c t\u00ednh c\u1ef1c k\u00ec b\u1ec1n b\u1ec9, ch\u1ed1ng l\u00e3o h\u00f3a, ch\u1ecbu \u0111\u01b0\u1ee3c nhi\u1ec7t, ch\u1ed1ng \u0103n m\u00f2n r\u1ea5t cao.","og_url":"https:\/\/shop.tanadaithanh.vn\/en\/san-pham\/bon-nhua-hdpe-plasman-pl-1500d\/","og_site_name":"T\u00e2n \u00c1 \u0110\u1ea1i Th\u00e0nh eShop","article_publisher":"https:\/\/www.facebook.com\/profile.php?id=61567171139919","article_modified_time":"2025-12-31T08:49:52+00:00","og_image":[{"width":1200,"height":1200,"url":"https:\/\/shop.tanadaithanh.vn\/wp-content\/uploads\/2025\/08\/30.jpg","type":"image\/jpeg"}],"twitter_card":"summary_large_image","twitter_misc":{"Est. reading time":"5 minutes"},"schema":{"@context":"https:\/\/schema.org","@graph":[{"@type":"WebPage","@id":"https:\/\/shop.tanadaithanh.vn\/en\/san-pham\/bon-nhua-hdpe-plasman-pl-1500d\/","url":"https:\/\/shop.tanadaithanh.vn\/en\/san-pham\/bon-nhua-hdpe-plasman-pl-1500d\/","name":"B\u1ed3n nh\u1ef1a T\u00e2n \u00c1 Plasman \u2013 1500\u0110 - T\u00e2n \u00c1 \u0110\u1ea1i Th\u00e0nh eShop","isPartOf":{"@id":"https:\/\/shop.tanadaithanh.vn\/en\/#website"},"primaryImageOfPage":{"@id":"https:\/\/shop.tanadaithanh.vn\/en\/san-pham\/bon-nhua-hdpe-plasman-pl-1500d\/#primaryimage"},"image":{"@id":"https:\/\/shop.tanadaithanh.vn\/en\/san-pham\/bon-nhua-hdpe-plasman-pl-1500d\/#primaryimage"},"thumbnailUrl":"https:\/\/shop.tanadaithanh.vn\/wp-content\/uploads\/2025\/08\/30.jpg","datePublished":"2025-04-03T03:34:46+00:00","dateModified":"2025-12-31T08:49:52+00:00","breadcrumb":{"@id":"https:\/\/shop.tanadaithanh.vn\/en\/san-pham\/bon-nhua-hdpe-plasman-pl-1500d\/#breadcrumb"},"inLanguage":"en-US","potentialAction":[{"@type":"ReadAction","target":["https:\/\/shop.tanadaithanh.vn\/en\/san-pham\/bon-nhua-hdpe-plasman-pl-1500d\/"]}]},{"@type":"ImageObject","inLanguage":"en-US","@id":"https:\/\/shop.tanadaithanh.vn\/en\/san-pham\/bon-nhua-hdpe-plasman-pl-1500d\/#primaryimage","url":"https:\/\/shop.tanadaithanh.vn\/wp-content\/uploads\/2025\/08\/30.jpg","contentUrl":"https:\/\/shop.tanadaithanh.vn\/wp-content\/uploads\/2025\/08\/30.jpg","width":1200,"height":1200},{"@type":"BreadcrumbList","@id":"https:\/\/shop.tanadaithanh.vn\/en\/san-pham\/bon-nhua-hdpe-plasman-pl-1500d\/#breadcrumb","itemListElement":[{"@type":"ListItem","position":1,"name":"Trang ch\u1ee7","item":"https:\/\/shop.tanadaithanh.vn\/en\/"},{"@type":"ListItem","position":2,"name":"Shop","item":"https:\/\/shop.tanadaithanh.vn\/cua-hang\/"},{"@type":"ListItem","position":3,"name":"B\u1ed3n nh\u1ef1a T\u00e2n \u00c1 Plasman \u2013 1500\u0110"}]},{"@type":"WebSite","@id":"https:\/\/shop.tanadaithanh.vn\/en\/#website","url":"https:\/\/shop.tanadaithanh.vn\/en\/","name":"T\u00e2n \u00c1 \u0110\u1ea1i Th\u00e0nh eShop - Trang website b\u00e1n h\u00e0ng ch\u00ednh th\u1ee9c T\u1eadp \u0111o\u00e0n T\u00e2n \u00c1 \u0110\u1ea1i Th\u00e0nh","description":"Website b\u00e1n h\u00e0ng tr\u1ef1c tuy\u1ebfn v\u1eadn h\u00e0nh b\u1edfi ch\u00ednh T\u00e2n \u00c1 \u0110\u1ea1i Th\u00e0nh","publisher":{"@id":"https:\/\/shop.tanadaithanh.vn\/en\/#organization"},"potentialAction":[{"@type":"SearchAction","target":{"@type":"EntryPoint","urlTemplate":"https:\/\/shop.tanadaithanh.vn\/en\/?s={search_term_string}"},"query-input":{"@type":"PropertyValueSpecification","valueRequired":true,"valueName":"search_term_string"}}],"inLanguage":"en-US"},{"@type":"Organization","@id":"https:\/\/shop.tanadaithanh.vn\/en\/#organization","name":"T\u00e2n \u00c1 \u0110\u1ea1i Th\u00e0nh eShop - Trang website b\u00e1n h\u00e0ng ch\u00ednh th\u1ee9c T\u1eadp \u0111o\u00e0n T\u00e2n \u00c1 \u0110\u1ea1i Th\u00e0nh","url":"https:\/\/shop.tanadaithanh.vn\/en\/","logo":{"@type":"ImageObject","inLanguage":"en-US","@id":"https:\/\/shop.tanadaithanh.vn\/en\/#\/schema\/logo\/image\/","url":"https:\/\/shop.tanadaithanh.vn\/wp-content\/uploads\/2025\/06\/Logo-2.png","contentUrl":"https:\/\/shop.tanadaithanh.vn\/wp-content\/uploads\/2025\/06\/Logo-2.png","width":2000,"height":2000,"caption":"T\u00e2n \u00c1 \u0110\u1ea1i Th\u00e0nh eShop - Trang website b\u00e1n h\u00e0ng ch\u00ednh th\u1ee9c T\u1eadp \u0111o\u00e0n T\u00e2n \u00c1 \u0110\u1ea1i Th\u00e0nh"},"image":{"@id":"https:\/\/shop.tanadaithanh.vn\/en\/#\/schema\/logo\/image\/"},"sameAs":["https:\/\/www.facebook.com\/profile.php?id=61567171139919","https:\/\/zalo.me\/3915163699004948284"]}]}},"_links":{"self":[{"href":"https:\/\/shop.tanadaithanh.vn\/en\/wp-json\/wp\/v2\/product\/16291","targetHints":{"allow":["GET"]}}],"collection":[{"href":"https:\/\/shop.tanadaithanh.vn\/en\/wp-json\/wp\/v2\/product"}],"about":[{"href":"https:\/\/shop.tanadaithanh.vn\/en\/wp-json\/wp\/v2\/types\/product"}],"replies":[{"embeddable":true,"href":"https:\/\/shop.tanadaithanh.vn\/en\/wp-json\/wp\/v2\/comments?post=16291"}],"version-history":[{"count":4,"href":"https:\/\/shop.tanadaithanh.vn\/en\/wp-json\/wp\/v2\/product\/16291\/revisions"}],"predecessor-version":[{"id":24397,"href":"https:\/\/shop.tanadaithanh.vn\/en\/wp-json\/wp\/v2\/product\/16291\/revisions\/24397"}],"wp:featuredmedia":[{"embeddable":true,"href":"https:\/\/shop.tanadaithanh.vn\/en\/wp-json\/wp\/v2\/media\/28743"}],"wp:attachment":[{"href":"https:\/\/shop.tanadaithanh.vn\/en\/wp-json\/wp\/v2\/media?parent=16291"}],"wp:term":[{"taxonomy":"region","embeddable":true,"href":"https:\/\/shop.tanadaithanh.vn\/en\/wp-json\/wp\/v2\/region?post=16291"},{"taxonomy":"product_brand","embeddable":true,"href":"https:\/\/shop.tanadaithanh.vn\/en\/wp-json\/wp\/v2\/product_brand?post=16291"},{"taxonomy":"product_cat","embeddable":true,"href":"https:\/\/shop.tanadaithanh.vn\/en\/wp-json\/wp\/v2\/product_cat?post=16291"},{"taxonomy":"product_tag","embeddable":true,"href":"https:\/\/shop.tanadaithanh.vn\/en\/wp-json\/wp\/v2\/product_tag?post=16291"}],"curies":[{"name":"wp","href":"https:\/\/api.w.org\/{rel}","templated":true}]}}